{"id":31077,"date":"2018-11-12T17:32:52","date_gmt":"2018-11-12T16:32:52","guid":{"rendered":"https:\/\/prosafedz.com\/?post_type=product&#038;p=31077"},"modified":"2023-06-05T08:38:50","modified_gmt":"2023-06-05T06:38:50","slug":"veste-de-travail-navy-polycoton-ref-8navv","status":"publish","type":"product","link":"https:\/\/prosafedz.com\/fr\/produit\/veste-de-travail-navy-polycoton-ref-8navv\/","title":{"rendered":"NAVY Veste de travail Coton-Poly R\u00e9f 5NAV050"},"content":{"rendered":"<p><strong>LES + :<\/strong><\/p>\n<p><strong>&#8211; L\u2019incontournable.<\/strong><br \/>\n<strong>&#8211; S&rsquo;adapte \u00e0 toutes les situations.<\/strong><br \/>\n<strong>&#8211; Fonctionnel.<\/strong><\/p>\n<p><strong>SECTEURS<br \/>\n&#8211;<\/strong> Industries l\u00e9g\u00e8res<br \/>\n<strong>&#8211;<\/strong> Infrastructures, BTP, TP<br \/>\n<strong>&#8211;<\/strong> Bricolage<br \/>\n<strong>&#8211;<\/strong> Transport (hors fabrication) et logistique<br \/>\n<strong>CONDITIONNEMENT DE VENTE<\/strong><br \/>\n<strong>&#8211;<\/strong> Emballage individuel<br \/>\n<strong>NORME(S)<\/strong><br \/>\nCet \u00e9quipement est conforme \u00e0 la norme : <strong>EN ISO 13688:2013<\/strong><\/p>\n","protected":false},"excerpt":{"rendered":"<p><strong>&#8211; Mati\u00e8re : Serg\u00e9: 60% Coton \/ 40% Polyester &#8211; 245g\/m\u00b2.<br \/>\n<\/strong><strong>&#8211; Col : Col montant, Vignette d\u2019identification.<br \/>\n<\/strong><strong>&#8211; Fermeture : Zip central sous rabat \u00e0 scratchs cach\u00e9s.<br \/>\n<\/strong><strong>&#8211; Poignets : Poignets ajustables par scratch.<br \/>\n<\/strong><b>&#8211; Poches : Poches stylos poitrine\/ 1 poche t\u00e9l\u00e9phone poitrine \u00e0 rabat\/ 1 poche verticale zipp\u00e9e\/ 1 poche poitrine \u00e0 soufflet avec rabat + Porte badge\/ 1 poche zipp\u00e9e sous passepoil\/ 2 poches basses \u00e0 soufflet et rabat\/ 2 poches basses repose mains\/ Poches stylos sur manche.<\/b><br \/>\n<strong>&#8211; Sangle : Boucle porte badge.<br \/>\n<\/strong><strong>&#8211; Finitions d\u00e9tails : Contrastes de couleur: tissu et finitions.<\/strong><\/p>\n<p><a href=\"https:\/\/prosafedz.com\/fr\/wp-content\/uploads\/2023\/06\/5NAV050.pdf\" target=\"_blank\" rel=\"noopener noreferrer\"><button style=\"background-color: #90a96b; font-seize: 20px;\"><strong>T\u00e9l\u00e9charger La Fiche Technique<\/strong><\/button><\/a><\/p>\n","protected":false},"featured_media":34571,"template":"","meta":[],"product_brand":[],"product_cat":[17],"product_tag":[],"class_list":{"0":"post-31077","1":"product","2":"type-product","3":"status-publish","4":"has-post-thumbnail","6":"product_cat-6-1-vestes-de-travail","7":"yith_product_brand-coverguard","8":"yith_product_brand-coverguard-workwear","10":"first","11":"instock","12":"shipping-taxable","13":"product-type-simple"},"_links":{"self":[{"href":"https:\/\/prosafedz.com\/fr\/wp-json\/wp\/v2\/product\/31077","targetHints":{"allow":["GET"]}}],"collection":[{"href":"https:\/\/prosafedz.com\/fr\/wp-json\/wp\/v2\/product"}],"about":[{"href":"https:\/\/prosafedz.com\/fr\/wp-json\/wp\/v2\/types\/product"}],"wp:featuredmedia":[{"embeddable":true,"href":"https:\/\/prosafedz.com\/fr\/wp-json\/wp\/v2\/media\/34571"}],"wp:attachment":[{"href":"https:\/\/prosafedz.com\/fr\/wp-json\/wp\/v2\/media?parent=31077"}],"wp:term":[{"taxonomy":"product_brand","embeddable":true,"href":"https:\/\/prosafedz.com\/fr\/wp-json\/wp\/v2\/product_brand?post=31077"},{"taxonomy":"product_cat","embeddable":true,"href":"https:\/\/prosafedz.com\/fr\/wp-json\/wp\/v2\/product_cat?post=31077"},{"taxonomy":"product_tag","embeddable":true,"href":"https:\/\/prosafedz.com\/fr\/wp-json\/wp\/v2\/product_tag?post=31077"}],"curies":[{"name":"wp","href":"https:\/\/api.w.org\/{rel}","templated":true}]}}