{"id":31072,"date":"2018-11-12T17:01:25","date_gmt":"2018-11-12T16:01:25","guid":{"rendered":"https:\/\/prosafedz.com\/?post_type=product&#038;p=31072"},"modified":"2024-09-15T09:48:39","modified_gmt":"2024-09-15T07:48:39","slug":"beaver-combinaison-bleu-electrique-ref-57620","status":"publish","type":"product","link":"https:\/\/prosafedz.com\/fr\/produit\/beaver-combinaison-bleu-electrique-ref-57620\/","title":{"rendered":"BEAVER  Combinaison bleu \u00e9lectrique  R\u00e9f. : 57620"},"content":{"rendered":"<p><strong>AVANTAGES SP\u00c9CIFIQUES<\/strong><br \/>\n\u2022 D\u00e9perlant<br \/>\n\u2022 Int\u00e9rieur matelass\u00e9<br \/>\n\u2022 Poignet coupe-vent \u00e9lastiques<br \/>\n\u2022 Bandes r\u00e9tro r\u00e9fl\u00e9chissantes<br \/>\n\u2022 Capuche int\u00e9gr\u00e9e et fourr\u00e9e<br \/>\n\u2022 Nombreuses poches<br \/>\n\u2022 Serrage taille \u00e9lastique<br \/>\n<strong>PRINCIPAUX DOMAINES D\u2019UTILISATION<\/strong><br \/>\n\u2022 Milieux froids<br \/>\n\u2022 Tous milieux de travail salissants<br \/>\n\u2022 Travaux en plein air<br \/>\n\u2022 Milieux humides<br \/>\n\u2022 Temps de neige<br \/>\n<strong>CONDITIONNEMENT<\/strong><br \/>\n\u2022 Emballage individuel<br \/>\n\u2022 Carton de 10 combinaisons<br \/>\n<strong>NORMALISATION<\/strong><br \/>\nCette combinaison est conforme au mod\u00e8le de l\u2019\u00e9quipement de protection individuelle ayant fait l\u2019objet de<br \/>\nL\u2019attestation <strong>CE de type 6730 Issue 1<\/strong><br \/>\n<strong>D\u00e9livr\u00e9e par SATRA (organisme n\u00b0 0321)<\/strong><br \/>\nCe mod\u00e8le est conforme \u00e0<br \/>\nla norme <strong>EN 340<\/strong><\/p>\n","protected":false},"excerpt":{"rendered":"<p><strong>BEAVER Top Casquette chaude bleu \u00e9lectrique R\u00e9f. : 57610<\/strong><br \/>\n<strong>DESCRIPTIF G\u00c9N\u00c9RAL ET MATI\u00c8RES<\/strong><br \/>\n\u2022 Mati\u00e8re ext\u00e9rieure : 60 % coton, 40 % polyester d\u00e9perlant<br \/>\n\u2022 Mati\u00e8re int\u00e9rieure : 100 % polyester matelass\u00e9<br \/>\n\u2022 Fermeture \u00e0 glissi\u00e8re<br \/>\n\u2022 Manches termin\u00e9es par poignet coupe vent avec \u00e9lastique<br \/>\n\u2022 Jambes fermeture lat\u00e9rale \u00e0 glissi\u00e8re ext\u00e9rieure mollet<br \/>\n\u2022 Bandes r\u00e9tro r\u00e9fl\u00e9chissantes invers\u00e9es devant derri\u00e8re au niveau des mollets<br \/>\n\u2022 Capuche int\u00e9gr\u00e9e fourr\u00e9e avec cordon de serrage<br \/>\n\u2022 2 poches poitrines \u00e0 rabat fermeture pression dont 1 t\u00e9l\u00e9phone<br \/>\n\u2022 2 poches pantalon obliques<br \/>\n\u2022 1 poche int\u00e9rieure gauche portefeuille<br \/>\n\u2022 Serrage taille \u00e9lastique<\/p>\n<p><a href=\"https:\/\/prosafedz.com\/fr\/wp-content\/uploads\/2018\/11\/57620-fr-exp.pdf\n\" target=\"_blank\" rel=\"noopener noreferrer\"><button style=\"background-color: #90a96b; font-seize: 20px;\"><strong>T\u00e9l\u00e9charger La Fiche Technique<\/strong><\/button><\/a><\/p>\n","protected":false},"featured_media":32762,"template":"","meta":[],"product_brand":[],"product_cat":[79],"product_tag":[953],"class_list":{"0":"post-31072","1":"product","2":"type-product","3":"status-publish","4":"has-post-thumbnail","6":"product_cat-6-7-vetements-dhiver","7":"product_tag-beaver-combinaison-bleu-electrique-ref-57620","8":"yith_product_brand-coverguard-workwear","10":"first","11":"instock","12":"shipping-taxable","13":"product-type-simple"},"_links":{"self":[{"href":"https:\/\/prosafedz.com\/fr\/wp-json\/wp\/v2\/product\/31072","targetHints":{"allow":["GET"]}}],"collection":[{"href":"https:\/\/prosafedz.com\/fr\/wp-json\/wp\/v2\/product"}],"about":[{"href":"https:\/\/prosafedz.com\/fr\/wp-json\/wp\/v2\/types\/product"}],"wp:featuredmedia":[{"embeddable":true,"href":"https:\/\/prosafedz.com\/fr\/wp-json\/wp\/v2\/media\/32762"}],"wp:attachment":[{"href":"https:\/\/prosafedz.com\/fr\/wp-json\/wp\/v2\/media?parent=31072"}],"wp:term":[{"taxonomy":"product_brand","embeddable":true,"href":"https:\/\/prosafedz.com\/fr\/wp-json\/wp\/v2\/product_brand?post=31072"},{"taxonomy":"product_cat","embeddable":true,"href":"https:\/\/prosafedz.com\/fr\/wp-json\/wp\/v2\/product_cat?post=31072"},{"taxonomy":"product_tag","embeddable":true,"href":"https:\/\/prosafedz.com\/fr\/wp-json\/wp\/v2\/product_tag?post=31072"}],"curies":[{"name":"wp","href":"https:\/\/api.w.org\/{rel}","templated":true}]}}