{"id":31069,"date":"2018-11-12T16:54:48","date_gmt":"2018-11-12T15:54:48","guid":{"rendered":"https:\/\/prosafedz.com\/?post_type=product&#038;p=31069"},"modified":"2024-09-15T09:49:03","modified_gmt":"2024-09-15T07:49:03","slug":"beaver-jack-blouson-electrique-ref-57640","status":"publish","type":"product","link":"https:\/\/prosafedz.com\/fr\/produit\/beaver-jack-blouson-electrique-ref-57640\/","title":{"rendered":"BEAVER Jack Blouson  \u00e9lectrique  R\u00e9f. : 57640"},"content":{"rendered":"<p><strong>AVANTAGES SP\u00c9CIFIQUES<\/strong><br \/>\n\u2022 Tissu d\u00e9perlant<br \/>\n\u2022 D\u00e9passant r\u00e9tro-r\u00e9fl\u00e9chissant<br \/>\n\u2022 Int\u00e9rieur fourr\u00e9<br \/>\n\u2022 Col doubl\u00e9 polaire<br \/>\n\u2022 Capuche amovible et doubl\u00e9e<br \/>\n\u2022 Poignets coupe-vent \u00e9lastiques<br \/>\n\u2022 Serrage bas \u00e9lastique<br \/>\n<strong>PRINCIPAUX DOMAINES D\u2019UTILISATION<\/strong><br \/>\n\u2022 Milieux froids<br \/>\n\u2022 Milieux de travail salissants<br \/>\n\u2022 Travaux en plein air<br \/>\n\u2022 Milieux humides<br \/>\n\u2022 Temps de neige<br \/>\n<strong>CONDITIONNEMENT<\/strong><br \/>\n\u2022 Emballage individuel<br \/>\n\u2022 Carton de 10 blousons<br \/>\n<strong>NORMALISATION<\/strong><br \/>\nCet ensemble est conforme au mod\u00e8le de l\u2019\u00e9quipement de protection individuelle ayant fait l\u2019objet de<br \/>\nL\u2019attestation<strong> CE de type 6731 Issue 1<\/strong><br \/>\n<strong>D\u00e9livr\u00e9e par SATRA (organisme n\u00b0 0321)<\/strong><\/p>\n","protected":false},"excerpt":{"rendered":"<p><span style=\"color: #ff0000;\"><strong>BEAVER Jack Blouson \u00e9lectrique R\u00e9f. : 57640<\/strong><\/span><br \/>\n<strong>DESCRIPTIF G\u00c9N\u00c9RAL ET MATI\u00c8RES<\/strong><br \/>\n\u2022Mati\u00e8re ext\u00e9rieure : 60 % coton \/ 40 %<br \/>\npolyester d\u00e9perlant<br \/>\n\u2022 Liser\u00e9 r\u00e9tro r\u00e9fl\u00e9chissant<br \/>\n\u2022 Mati\u00e8re int\u00e9rieure : 100 % fourrure<br \/>\npolyester<br \/>\n\u2022 Col doubl\u00e9 polaire<br \/>\n\u2022 Capuche amovible attache par pression,<br \/>\nr\u00e9glable par cordon avec bloque-cordons<br \/>\n\u2022 Fermeture \u00e0 glissi\u00e8re avec rabat \u00e0<br \/>\npressions<br \/>\n\u2022 Manches termin\u00e9es par poignet coupe-vent<br \/>\n\u00e9lastique<br \/>\n\u2022 2 poches bas repose-mains<br \/>\n\u2022 2 poches haut plaqu\u00e9es \u00e0 rabat \u00e0 pression<br \/>\ndoubl\u00e9e d\u2019une poche t\u00e9l\u00e9phone fermeture \u00e0<br \/>\nrabat scratch c\u00f4t\u00e9 gauche<br \/>\n\u2022 1 poche int\u00e9rieure portefeuille \u00e0 rabat<br \/>\n\u2022 Serrage bas \u00e9lastique<br \/>\n\u2022 Coloris : bleu \u00e9lectrique<\/p>\n<p><a href=\"https:\/\/prosafedz.com\/fr\/wp-content\/uploads\/2018\/11\/21-57640.FT_.pdf\n\" target=\"_blank\" rel=\"noopener noreferrer\"><button style=\"background-color: #90a96b; font-seize: 20px;\"><strong>T\u00e9l\u00e9charger La Fiche Technique<\/strong><\/button><\/a><\/p>\n","protected":false},"featured_media":32760,"template":"","meta":[],"product_brand":[],"product_cat":[79],"product_tag":[952],"class_list":{"0":"post-31069","1":"product","2":"type-product","3":"status-publish","4":"has-post-thumbnail","6":"product_cat-6-7-vetements-dhiver","7":"product_tag-beaver-jack-blouson-electrique-ref-57640","8":"yith_product_brand-coverguard-workwear","10":"first","11":"instock","12":"shipping-taxable","13":"product-type-simple"},"_links":{"self":[{"href":"https:\/\/prosafedz.com\/fr\/wp-json\/wp\/v2\/product\/31069","targetHints":{"allow":["GET"]}}],"collection":[{"href":"https:\/\/prosafedz.com\/fr\/wp-json\/wp\/v2\/product"}],"about":[{"href":"https:\/\/prosafedz.com\/fr\/wp-json\/wp\/v2\/types\/product"}],"wp:featuredmedia":[{"embeddable":true,"href":"https:\/\/prosafedz.com\/fr\/wp-json\/wp\/v2\/media\/32760"}],"wp:attachment":[{"href":"https:\/\/prosafedz.com\/fr\/wp-json\/wp\/v2\/media?parent=31069"}],"wp:term":[{"taxonomy":"product_brand","embeddable":true,"href":"https:\/\/prosafedz.com\/fr\/wp-json\/wp\/v2\/product_brand?post=31069"},{"taxonomy":"product_cat","embeddable":true,"href":"https:\/\/prosafedz.com\/fr\/wp-json\/wp\/v2\/product_cat?post=31069"},{"taxonomy":"product_tag","embeddable":true,"href":"https:\/\/prosafedz.com\/fr\/wp-json\/wp\/v2\/product_tag?post=31069"}],"curies":[{"name":"wp","href":"https:\/\/api.w.org\/{rel}","templated":true}]}}