{"id":31067,"date":"2018-11-12T16:49:11","date_gmt":"2018-11-12T15:49:11","guid":{"rendered":"https:\/\/prosafedz.com\/?post_type=product&#038;p=31067"},"modified":"2024-09-15T09:49:07","modified_gmt":"2024-09-15T07:49:07","slug":"beaver-parka-anti-froid-coton-poly-ref-57630","status":"publish","type":"product","link":"https:\/\/prosafedz.com\/fr\/produit\/beaver-parka-anti-froid-coton-poly-ref-57630\/","title":{"rendered":"BEAVER Parka ANTI FROID  Coton-poly  R\u00e9f. : 57630"},"content":{"rendered":"<p><strong>AVANTAGES SP\u00c9CIFIQUES<\/strong><br \/>\n\u2022 Tissu d\u00e9perlant<br \/>\n\u2022 D\u00e9passant r\u00e9tro-r\u00e9fl\u00e9chissant<br \/>\n\u2022 Bandes r\u00e9tro r\u00e9fl\u00e9chissantes sur mollets<br \/>\n\u2022 Int\u00e9rieur fourr\u00e9 pour le blouson et matelass\u00e9 pour la salopette<br \/>\n\u2022 Col doubl\u00e9 polaire avec capuche amovible et doubl\u00e9e<br \/>\n\u2022 Poignets coupe-vent \u00e9lastiques<br \/>\n<strong>PRINCIPAUX DOMAINES D\u2019UTILISATION<\/strong><br \/>\n\u2022 Milieux froids<br \/>\n\u2022 Milieux de travail salissants<br \/>\n\u2022 Travaux en plein air<br \/>\n\u2022 Milieux humides<br \/>\n\u2022 Temps de neige<br \/>\n<strong>CONDITIONNEMENT<\/strong><br \/>\n\u2022 Emballage individuel<br \/>\n\u2022 Carton de 10 parkas<br \/>\n\u2022 Carton de 10 salopettes<\/p>\n<p><strong>NORMALISATION<\/strong><br \/>\nCette ensemble est conforme au mod\u00e8le de l\u2019\u00e9quipement de protection individuelle ayant fait l\u2019objet de<br \/>\nL\u2019attestation <strong>CE de type 6731 (Issue 1)<\/strong><br \/>\n<strong>D\u00e9livr\u00e9e par SATRA (organisme n\u00b0 0321)<\/strong><\/p>\n","protected":false},"excerpt":{"rendered":"<p><span style=\"color: #ff0000;\"><strong>BEAVER Parka ANTI FROID Coton-poly R\u00e9f. : 57630<\/strong><\/span><br \/>\n<strong>DESCRIPTIF G\u00c9N\u00c9RAL ET MATI\u00c8RES<\/strong><br \/>\nParka :<br \/>\n\u2022Mati\u00e8re ext\u00e9rieure : 60 % coton \/ 40 %polyester d\u00e9perlant<br \/>\n\u2022Liser\u00e9 r\u00e9tro r\u00e9fl\u00e9chissant<br \/>\n\u2022Mati\u00e8re int\u00e9rieure : 100 % fourrure polyester<br \/>\n\u2022Col doubl\u00e9 polaire<br \/>\n\u2022Capuche amovible attache par pression,r\u00e9glable par cordon avec bloque-cordons<br \/>\n\u2022Fermeture \u00e0 glissi\u00e8re avec rabat \u00e0 pressions<br \/>\n\u2022Manches termin\u00e9es par poignet coupe-vent\u00e9lastique<br \/>\n\u20222 poches bas repose-mains<br \/>\n\u20222 poches haut plaqu\u00e9es \u00e0 rabat \u00e0 pression doubl\u00e9e d\u2019une poche t\u00e9l\u00e9phone fermeture \u00e0 rabat scratch c\u00f4t\u00e9 gauche<br \/>\n\u20221 poche int\u00e9rieure portefeuille \u00e0 rabat<br \/>\n\u2022Coloris : bleu \u00e9lectrique<\/p>\n<p><a href=\"https:\/\/prosafedz.com\/fr\/wp-content\/uploads\/2018\/11\/20-57630.FT_.pdf\n\" target=\"_blank\" rel=\"noopener noreferrer\"><button style=\"background-color: #90a96b; font-seize: 20px;\"><strong>T\u00e9l\u00e9charger La Fiche Technique<\/strong><\/button><\/a><\/p>\n","protected":false},"featured_media":32759,"template":"","meta":[],"product_brand":[],"product_cat":[79],"product_tag":[951],"class_list":{"0":"post-31067","1":"product","2":"type-product","3":"status-publish","4":"has-post-thumbnail","6":"product_cat-6-7-vetements-dhiver","7":"product_tag-beaver-parka-anti-froid-coton-poly-ref-57630","8":"yith_product_brand-coverguard-workwear","10":"first","11":"instock","12":"shipping-taxable","13":"product-type-simple"},"_links":{"self":[{"href":"https:\/\/prosafedz.com\/fr\/wp-json\/wp\/v2\/product\/31067","targetHints":{"allow":["GET"]}}],"collection":[{"href":"https:\/\/prosafedz.com\/fr\/wp-json\/wp\/v2\/product"}],"about":[{"href":"https:\/\/prosafedz.com\/fr\/wp-json\/wp\/v2\/types\/product"}],"wp:featuredmedia":[{"embeddable":true,"href":"https:\/\/prosafedz.com\/fr\/wp-json\/wp\/v2\/media\/32759"}],"wp:attachment":[{"href":"https:\/\/prosafedz.com\/fr\/wp-json\/wp\/v2\/media?parent=31067"}],"wp:term":[{"taxonomy":"product_brand","embeddable":true,"href":"https:\/\/prosafedz.com\/fr\/wp-json\/wp\/v2\/product_brand?post=31067"},{"taxonomy":"product_cat","embeddable":true,"href":"https:\/\/prosafedz.com\/fr\/wp-json\/wp\/v2\/product_cat?post=31067"},{"taxonomy":"product_tag","embeddable":true,"href":"https:\/\/prosafedz.com\/fr\/wp-json\/wp\/v2\/product_tag?post=31067"}],"curies":[{"name":"wp","href":"https:\/\/api.w.org\/{rel}","templated":true}]}}