{"id":31064,"date":"2018-11-12T16:37:08","date_gmt":"2018-11-12T15:37:08","guid":{"rendered":"https:\/\/prosafedz.com\/?post_type=product&#038;p=31064"},"modified":"2024-05-20T15:17:34","modified_gmt":"2024-05-20T13:17:34","slug":"manteau-de-pluie-souple-ref-50610-50620","status":"publish","type":"product","link":"https:\/\/prosafedz.com\/fr\/produit\/manteau-de-pluie-souple-ref-50610-50620\/","title":{"rendered":"Manteau de pluie souple  R\u00e9f. : 50610-50620"},"content":{"rendered":"<p><strong>AVANTAGES SP\u00c9CIFIQUES<\/strong><br \/>\n\u2022Imperm\u00e9able<br \/>\n\u2022Cousu et soud\u00e9<br \/>\n\u2022Capuche int\u00e9gr\u00e9e<br \/>\n\u2022Dos ventil\u00e9<br \/>\n\u2022Marquage possible<br \/>\n\u2022Souplesse<br \/>\n<strong>PRINCIPAUX DOMAINES D\u2019UTILISATION<\/strong><br \/>\n\u2022Milieux humides<br \/>\n\u2022Temps de pluie<br \/>\n<strong>CONDITIONNEMENT<\/strong><br \/>\n\u2022Emballage individuel<br \/>\n\u2022Carton de 20 manteaux<br \/>\n<strong>NORMALISATION<\/strong><br \/>\nCe mod\u00e8le est conforme aux dispositions de l\u2019annexe II, ins\u00e9r\u00e9e \u00e0 la fin du livre II du Code du Travail conform\u00e9ment \u00e0 l\u2019article<strong> R-233.151 dudit Code et, le cas \u00e9ch\u00e9ant, \u00e0 la Directive 86\/686\/EEC<\/strong><br \/>\n<strong>EN340<\/strong><br \/>\nCe v\u00eatement est en cours de tests de solidit\u00e9 et de r\u00e9sistance \u00e9vaporative selon le r\u00e9f\u00e9rentiel <strong>EN343:2004<\/strong><br \/>\nLe tissu offre une r\u00e9sistance \u00e0 la p\u00e9n\u00e9tration de l\u2019eau de classe 3\/3 \u00e0 l\u2019\u00e9tat neuf, 2\/3 apr\u00e8s abrasion 1\/3 apr\u00e8s flexion, 3\/3 apr\u00e8s influence du fuel et de l\u2019huile La classe de r\u00e9sistance \u00e9vaporative est de 1\/3. Il est donc Non-Respirant \u2013 Classe 1 Recommandations de dur\u00e9e de port maximale : Tableau : Dur\u00e9e de port continue maximum recommand\u00e9e pour un ensemble complet constitu\u00e9 d\u2019une veste et d\u2019un pantalon sans doublure thermique. Donn\u00e9es valables pour un homme de taille et corpulence standard avec une m\u00e9tabolisme de 150 W\/m\u00b2, 50% humidit\u00e9 relative et vitesse du vent \u00e0 0.5m\/s. \u2018-\u2019 indique : \u00ab pas de limite de dur\u00e9e de port \u00bb.<\/p>\n","protected":false},"excerpt":{"rendered":"<p><span style=\"color: #ff0000;\"><strong>Manteau de pluie souple R\u00e9f. : 50610-50620<\/strong><\/span><br \/>\nDESCRIPTIF GENERAL ET MATIERES<br \/>\n\u2022Mati\u00e8re ext\u00e9rieure : polyester enduit PVC souple, imperm\u00e9able, \u00e9paisseur 0.18 mmcousu et soud\u00e9<br \/>\n\u2022Fermeture \u00e0 glissi\u00e8re<br \/>\n\u2022Col officier \u00e0 capuche int\u00e9gr\u00e9e fermeture \u00e0 glissi\u00e8re<br \/>\n\u2022Longueur : 120 cm (+\/- 3%)<br \/>\n\u2022Capuche fixe avec cordelette de serrage<br \/>\n\u2022Manches termin\u00e9es int\u00e9rieur par coupe-vent \u00e9lastique<br \/>\n\u2022Dos ventil\u00e9<br \/>\n\u20222 poches bas droites sous rabat horizontal<\/p>\n<p><a href=\"https:\/\/prosafedz.com\/fr\/wp-content\/uploads\/2018\/11\/18-50610_5062.FT_.pdf\n\" target=\"_blank\" rel=\"noopener noreferrer\"><button style=\"background-color: #90a96b; font-seize: 20px;\"><strong>T\u00e9l\u00e9charger La Fiche Technique<\/strong><\/button><\/a><\/p>\n","protected":false},"featured_media":32757,"template":"","meta":[],"product_brand":[],"product_cat":[79],"product_tag":[950],"class_list":{"0":"post-31064","1":"product","2":"type-product","3":"status-publish","4":"has-post-thumbnail","6":"product_cat-6-7-vetements-dhiver","7":"product_tag-manteau-de-pluie-souple-ref-50610-50620","8":"yith_product_brand-coverguard","10":"first","11":"instock","12":"shipping-taxable","13":"product-type-simple"},"_links":{"self":[{"href":"https:\/\/prosafedz.com\/fr\/wp-json\/wp\/v2\/product\/31064","targetHints":{"allow":["GET"]}}],"collection":[{"href":"https:\/\/prosafedz.com\/fr\/wp-json\/wp\/v2\/product"}],"about":[{"href":"https:\/\/prosafedz.com\/fr\/wp-json\/wp\/v2\/types\/product"}],"wp:featuredmedia":[{"embeddable":true,"href":"https:\/\/prosafedz.com\/fr\/wp-json\/wp\/v2\/media\/32757"}],"wp:attachment":[{"href":"https:\/\/prosafedz.com\/fr\/wp-json\/wp\/v2\/media?parent=31064"}],"wp:term":[{"taxonomy":"product_brand","embeddable":true,"href":"https:\/\/prosafedz.com\/fr\/wp-json\/wp\/v2\/product_brand?post=31064"},{"taxonomy":"product_cat","embeddable":true,"href":"https:\/\/prosafedz.com\/fr\/wp-json\/wp\/v2\/product_cat?post=31064"},{"taxonomy":"product_tag","embeddable":true,"href":"https:\/\/prosafedz.com\/fr\/wp-json\/wp\/v2\/product_tag?post=31064"}],"curies":[{"name":"wp","href":"https:\/\/api.w.org\/{rel}","templated":true}]}}