{"id":31061,"date":"2018-11-12T16:30:41","date_gmt":"2018-11-12T15:30:41","guid":{"rendered":"https:\/\/prosafedz.com\/?post_type=product&#038;p=31061"},"modified":"2024-05-20T14:27:22","modified_gmt":"2024-05-20T12:27:22","slug":"ensemble-de-pluie-souple-ref-50510-50520","status":"publish","type":"product","link":"https:\/\/prosafedz.com\/fr\/produit\/ensemble-de-pluie-souple-ref-50510-50520\/","title":{"rendered":"Ensemble de pluie souple   R\u00e9f. : 50510-50520"},"content":{"rendered":"<p><strong>AVANTAGES SP\u00c9CIFIQUES<\/strong><br \/>\n\u2022 Imperm\u00e9able<br \/>\n\u2022 Coutures \u00e9tanches<br \/>\n\u2022 Capuche int\u00e9gr\u00e9e<br \/>\n\u2022 Serrage aux extr\u00e9mit\u00e9s<br \/>\n\u2022 Dos ventil\u00e9<br \/>\n\u2022 Marquage possible<br \/>\n\u2022 Souplesse<br \/>\n<strong>PRINCIPAUX DOMAINES D\u2019UTILISATION<\/strong><br \/>\n\u2022 Milieux humides<br \/>\n\u2022 Temps de pluie<br \/>\n<strong>CONDITIONNEMENT<\/strong><br \/>\n\u2022 Emballage individuel<br \/>\n\u2022 Carton de 20 ensembles<br \/>\n<strong>NORMALISATION<\/strong><br \/>\nCe mod\u00e8le est conforme aux dispositions de l\u2019annexe II, ins\u00e9r\u00e9 \u00e0 la fin du livre II du Code<br \/>\ndu Travail conform\u00e9ment \u00e0 l\u2019article <strong>R-233.151 dudit Code, et le cas \u00e9ch\u00e9ant \u00e0 la Directive<\/strong><br \/>\n<strong>Europ\u00e9enne 86\/686\/EEC<\/strong><br \/>\nCe v\u00eatement a subi des tests de solidit\u00e9 et de<br \/>\nr\u00e9sistance \u00e9vaporative selon le r\u00e9f\u00e9rentiel<br \/>\nEN343:2004.<br \/>\nLe tissu offre une r\u00e9sistance \u00e0 la p\u00e9n\u00e9tration de l\u2019eau de classe<br \/>\n3\/3 \u00e0 l\u2019\u00e9tat neuf,<br \/>\n2\/3 apr\u00e8s abrasion<br \/>\n1\/3 apr\u00e8s flexion,<br \/>\n3\/3 apr\u00e8s influence du fuel et de l\u2019huile<br \/>\nLa classe de r\u00e9sistance \u00e9vaporative est de 1\/3. Il est donc<br \/>\nNon-Respirant \u2013 Classe 1<br \/>\nRecommandations de dur\u00e9e de port maximale :<br \/>\nTableau : Dur\u00e9e de port continue maximum recommand\u00e9e pour<br \/>\nun ensemble complet constitu\u00e9 d\u2019une veste et d\u2019un pantalon<br \/>\nsans doublure thermique.<br \/>\nDonn\u00e9es valables pour un homme de taille et corpulence<br \/>\nstandard avec une m\u00e9tabolisme de 150 W\/m\u00b2, 50% humidit\u00e9<br \/>\nrelative et vitesse du vent \u00e0 0.5m\/s.<br \/>\n\u2018-\u2019 indique : \u00ab pas de limite de dur\u00e9e de port \u00bb.<\/p>\n","protected":false},"excerpt":{"rendered":"<p><span style=\"color: #ff0000;\"><strong>Ensemble de pluie souple R\u00e9f. : 50510-50520<\/strong><\/span><br \/>\n<strong>DESCRIPTIF G\u00c9N\u00c9RAL ET MATI\u00c8RES<\/strong><br \/>\n\u2022 Mati\u00e8re ext\u00e9rieure : polyamide enduit<br \/>\nPVC souple, imperm\u00e9able \u00e9paisseur<br \/>\n0.18 mm cousu et soud\u00e9<br \/>\n<em><strong>\u2022 VESTE<\/strong><\/em><br \/>\n\u2022 Longueur veste 85 cm<br \/>\n\u2022 Fermeture \u00e0 glissi\u00e8re<br \/>\n\u2022 Col officier \u00e0 capuche int\u00e9gr\u00e9e<br \/>\nfermeture \u00e0 glissi\u00e8re<br \/>\n\u2022 Capuche fixe, cordelette de serrage<br \/>\n\u2022 Manches termin\u00e9es int\u00e9rieur par coupevent<br \/>\n\u00e9lastique<br \/>\n\u2022 Dos ventil\u00e9<br \/>\n\u2022 2 poches bas droites \u00e0 rabat horizontal<br \/>\n\u2022 Serrage bas avec cordelette de serrage<br \/>\n<em><strong>\u2022 PANTALON<\/strong><\/em><br \/>\n\u2022 Pantalon serrage taille<br \/>\n\u2022 Pantalon serrage bas<br \/>\n\u2022 2 poches passe-mains<\/p>\n<p><a href=\"https:\/\/prosafedz.com\/fr\/wp-content\/uploads\/2018\/11\/17-50510-50520.FT_.pdf \n\" target=\"_blank\" rel=\"noopener noreferrer\"><button style=\"background-color: #90a96b; font-seize: 20px;\"><strong>T\u00e9l\u00e9charger La Fiche Technique<\/strong><\/button><\/a><\/p>\n","protected":false},"featured_media":32755,"template":"","meta":[],"product_brand":[],"product_cat":[79],"product_tag":[949],"class_list":{"0":"post-31061","1":"product","2":"type-product","3":"status-publish","4":"has-post-thumbnail","6":"product_cat-6-7-vetements-dhiver","7":"product_tag-ensemble-de-pluie-souple-ref-50510-50520","8":"yith_product_brand-coverguard","10":"first","11":"instock","12":"shipping-taxable","13":"product-type-simple"},"_links":{"self":[{"href":"https:\/\/prosafedz.com\/fr\/wp-json\/wp\/v2\/product\/31061","targetHints":{"allow":["GET"]}}],"collection":[{"href":"https:\/\/prosafedz.com\/fr\/wp-json\/wp\/v2\/product"}],"about":[{"href":"https:\/\/prosafedz.com\/fr\/wp-json\/wp\/v2\/types\/product"}],"wp:featuredmedia":[{"embeddable":true,"href":"https:\/\/prosafedz.com\/fr\/wp-json\/wp\/v2\/media\/32755"}],"wp:attachment":[{"href":"https:\/\/prosafedz.com\/fr\/wp-json\/wp\/v2\/media?parent=31061"}],"wp:term":[{"taxonomy":"product_brand","embeddable":true,"href":"https:\/\/prosafedz.com\/fr\/wp-json\/wp\/v2\/product_brand?post=31061"},{"taxonomy":"product_cat","embeddable":true,"href":"https:\/\/prosafedz.com\/fr\/wp-json\/wp\/v2\/product_cat?post=31061"},{"taxonomy":"product_tag","embeddable":true,"href":"https:\/\/prosafedz.com\/fr\/wp-json\/wp\/v2\/product_tag?post=31061"}],"curies":[{"name":"wp","href":"https:\/\/api.w.org\/{rel}","templated":true}]}}