{"id":31059,"date":"2018-11-12T16:08:58","date_gmt":"2018-11-12T15:08:58","guid":{"rendered":"https:\/\/prosafedz.com\/?post_type=product&#038;p=31059"},"modified":"2024-09-15T09:49:33","modified_gmt":"2024-09-15T07:49:33","slug":"manteau-de-pluie-pvc-ref-50310","status":"publish","type":"product","link":"https:\/\/prosafedz.com\/fr\/produit\/manteau-de-pluie-pvc-ref-50310\/","title":{"rendered":"Manteau de pluie PVC  R\u00e9f. : 50310"},"content":{"rendered":"<p><strong>AVANTAGES SP\u00c9CIFIQUES<\/strong><br \/>\n\u2022 Imperm\u00e9able<br \/>\n\u2022 Cousu et soud\u00e9<br \/>\n\u2022 Serrage capuche<br \/>\n\u2022 Poignets \u00e9lastiques<br \/>\n\u2022 Dos ventil\u00e9<br \/>\n\u2022 Marquage possible<br \/>\n<strong>PRINCIPAUX DOMAINES D\u2019UTILISATION<\/strong><br \/>\n\u2022 Milieux humides<br \/>\n\u2022 Temps de pluie<br \/>\n<strong>CONDITIONNEMENT<\/strong><br \/>\n\u2022 Emballage individuel<br \/>\n\u2022 Carton de 20 manteaux<br \/>\n<strong>NORMALISATION<\/strong><br \/>\nCe mod\u00e8le est conforme aux dispositions de l\u2019annexe II, ins\u00e9r\u00e9e \u00e0 la fin du livre II du code du travail et<br \/>\nconform\u00e9ment \u00e0 l\u2019article <strong>R-233.151 dudit Code, et le cas \u00e9ch\u00e9ant, \u00e0 la Directive Europ\u00e9enne<\/strong><br \/>\n<strong>89\/686\/EEC<\/strong><br \/>\nCe v\u00eatement a subi des tests de solidit\u00e9 et de<br \/>\nr\u00e9sistance \u00e9vaporative selon le r\u00e9f\u00e9rentiel<br \/>\n<strong>EN343:2004.<\/strong><br \/>\nLe tissu offre une r\u00e9sistance \u00e0 la p\u00e9n\u00e9tration de l\u2019eau de classe<br \/>\n3\/3 \u00e0 l\u2019\u00e9tat neuf,<br \/>\n3\/3 apr\u00e8s abrasion<br \/>\n1\/3 apr\u00e8s flexion,<br \/>\n3\/3 apr\u00e8s influence du fuel et de l\u2019huile<br \/>\nainsi qu\u2019une classe de 2\/3 au niveau des soudures.<br \/>\nLa classe de r\u00e9sistance \u00e9vaporative est de 1\/3. Il est donc<br \/>\nNon-Respirant \u2013 Classe 1<br \/>\nRecommandations de dur\u00e9e de port maximale :<br \/>\nTableau : Dur\u00e9e de port continue maximum recommand\u00e9e pour<br \/>\nun ensemble complet constitu\u00e9 d\u2019une veste et d\u2019un pantalon<br \/>\nsans doublure thermique.<br \/>\nDonn\u00e9es valables pour un homme de taille et corpulence<br \/>\nstandard avec une m\u00e9tabolisme de 150 W\/m\u00b2, 50% humidit\u00e9<br \/>\nrelative et vitesse du vent \u00e0 0.5m\/s.<br \/>\n\u2018-\u2019 indique : \u00ab pas de limite de dur\u00e9e de port \u00bb.<\/p>\n","protected":false},"excerpt":{"rendered":"<p><span style=\"color: #ff0000;\"><strong>Manteau de pluie PVC R\u00e9f. : 50310<\/strong><\/span><br \/>\n<strong>DESCRIPTIF G\u00c9N\u00c9RAL ET MATI\u00c8RES<\/strong><br \/>\n\u2022 Mati\u00e8re ext\u00e9rieure : double enduction<br \/>\nPVC sur support coton\/polyester,<br \/>\nimperm\u00e9able, \u00e9paisseur 0.32 mm, cousu<br \/>\net soud\u00e9<br \/>\n\u2022 Longueur 120 cm<br \/>\n\u2022 Fermeture \u00e0 glissi\u00e8re avec rabat \u00e0<br \/>\npressions<br \/>\n\u2022 Col \u00e0 capuche<br \/>\n\u2022 Capuche fixe avec cordelette de serrage<br \/>\n\u2022 Manches termin\u00e9es int\u00e9rieur par<br \/>\ncoupe vent \u00e9lastique<br \/>\n\u2022 Dos ventil\u00e9<br \/>\n\u2022 2 poches bas droites avec rabat horizontal<\/p>\n<p><a href=\"https:\/\/prosafedz.com\/fr\/wp-content\/uploads\/2018\/11\/16-50310.FT_.pdf\n\" target=\"_blank\" rel=\"noopener noreferrer\"><button style=\"background-color: #90a96b; font-seize: 20px;\"><strong>T\u00e9l\u00e9charger La Fiche Technique<\/strong><\/button><\/a><\/p>\n","protected":false},"featured_media":32754,"template":"","meta":[],"product_brand":[],"product_cat":[79],"product_tag":[948],"class_list":{"0":"post-31059","1":"product","2":"type-product","3":"status-publish","4":"has-post-thumbnail","6":"product_cat-6-7-vetements-dhiver","7":"product_tag-manteau-de-pluie-pvc-ref-50310","8":"yith_product_brand-coverguard","10":"first","11":"instock","12":"shipping-taxable","13":"product-type-simple"},"_links":{"self":[{"href":"https:\/\/prosafedz.com\/fr\/wp-json\/wp\/v2\/product\/31059","targetHints":{"allow":["GET"]}}],"collection":[{"href":"https:\/\/prosafedz.com\/fr\/wp-json\/wp\/v2\/product"}],"about":[{"href":"https:\/\/prosafedz.com\/fr\/wp-json\/wp\/v2\/types\/product"}],"wp:featuredmedia":[{"embeddable":true,"href":"https:\/\/prosafedz.com\/fr\/wp-json\/wp\/v2\/media\/32754"}],"wp:attachment":[{"href":"https:\/\/prosafedz.com\/fr\/wp-json\/wp\/v2\/media?parent=31059"}],"wp:term":[{"taxonomy":"product_brand","embeddable":true,"href":"https:\/\/prosafedz.com\/fr\/wp-json\/wp\/v2\/product_brand?post=31059"},{"taxonomy":"product_cat","embeddable":true,"href":"https:\/\/prosafedz.com\/fr\/wp-json\/wp\/v2\/product_cat?post=31059"},{"taxonomy":"product_tag","embeddable":true,"href":"https:\/\/prosafedz.com\/fr\/wp-json\/wp\/v2\/product_tag?post=31059"}],"curies":[{"name":"wp","href":"https:\/\/api.w.org\/{rel}","templated":true}]}}