{"id":31048,"date":"2018-11-12T15:41:21","date_gmt":"2018-11-12T14:41:21","guid":{"rendered":"https:\/\/prosafedz.com\/?post_type=product&#038;p=31048"},"modified":"2024-09-15T09:52:47","modified_gmt":"2024-09-15T07:52:47","slug":"polena-sleeve-blouson-multipoches-matelasse-ref-5pslb","status":"publish","type":"product","link":"https:\/\/prosafedz.com\/fr\/produit\/polena-sleeve-blouson-multipoches-matelasse-ref-5pslb\/","title":{"rendered":"POLENA SLEEVE Blouson  multipoches matelass\u00e9  R\u00e9f. : 5PSLB"},"content":{"rendered":"<p><strong>AVANTAGES SP\u00c9CIFIQUES<\/strong><br \/>\n\u2022 Manches amovibles<br \/>\n\u2022 Isolation contre le froid<br \/>\n\u2022 Fermeture jusqu\u2019au cou<br \/>\n\u2022 Serrage poignets<br \/>\n\u2022 Prot\u00e8ge-reins<br \/>\n\u2022 Serrage hanches<br \/>\n\u2022 Nombreuses poches<br \/>\n<strong>PRINCIPAUX DOMAINES D\u2019UTILISATION<\/strong><br \/>\n\u2022 Milieux froids<br \/>\n\u2022 Travaux en plein-air<br \/>\n<strong>CONDITIONNEMENT<\/strong><br \/>\n\u2022 Emballage individuel<br \/>\n\u2022 Carton de 10 vestes<\/p>\n","protected":false},"excerpt":{"rendered":"<p><span style=\"color: #ff0000;\"><strong>POLENA SLEEVE Blouson multipoches matelass\u00e9 R\u00e9f. : 5PSLB<\/strong><\/span><br \/>\n<b>DESCRIPTIF G\u00c9N\u00c9RAL\u00a0ET\u00a0MATI\u00c8RES<\/b><br \/>\n\u2022 Mati\u00e8re ext\u00e9rieure : 35 % coton, 65 % polyester<br \/>\n\u2022 Mati\u00e8re int\u00e9rieure : 100 % polyamide<br \/>\n\u2022 Isolation 100 % polyester 200 g\/m2<br \/>\n\u2022 Fermeture \u00e0 glissi\u00e8re en plastique avec curseur en m\u00e9tal, jusqu\u2019au cou avec rabat \u00e0 pressions<br \/>\n\u2022 Col officier avec une pression<br \/>\n\u2022 Emmanchures ourl\u00e9es<br \/>\n\u2022 Prot\u00e8ge-reins<br \/>\n\u2022 Manches amovibles (attache par fermeture \u00e0 glissi\u00e8re)<br \/>\n\u2022 Serrage poignets \u00e9lastique<br \/>\n\u2022 Serrage hanches \u00e9lastiques sur les c\u00f4t\u00e9s<br \/>\n\u2022 2 poches bas, horizontales \u00e0 glissi\u00e8re<br \/>\n\u2022 2 poches bas, transversales<br \/>\n\u2022 2 poches bas, \u00e0 soufflet et rabat<br \/>\n\u2022 2 poches haut, pour portable<br \/>\n\u2022 1 poche int\u00e9rieur, verticale<\/p>\n<p><a href=\"https:\/\/prosafedz.com\/fr\/wp-content\/uploads\/2018\/11\/5PSLB-en-sacla.pdf\n\" target=\"_blank\" rel=\"noopener noreferrer\"><button style=\"background-color: #90a96b; font-seize: 20px;\"><strong>T\u00e9l\u00e9charger La Fiche Technique<\/strong><\/button><\/a><\/p>\n","protected":false},"featured_media":32752,"template":"","meta":[],"product_brand":[],"product_cat":[79],"product_tag":[942],"class_list":{"0":"post-31048","1":"product","2":"type-product","3":"status-publish","4":"has-post-thumbnail","6":"product_cat-6-7-vetements-dhiver","7":"product_tag-polena-sleeve-blouson-multipoches-matelasse-ref-5pslb","8":"yith_product_brand-coverguard","10":"first","11":"instock","12":"shipping-taxable","13":"product-type-simple"},"_links":{"self":[{"href":"https:\/\/prosafedz.com\/fr\/wp-json\/wp\/v2\/product\/31048","targetHints":{"allow":["GET"]}}],"collection":[{"href":"https:\/\/prosafedz.com\/fr\/wp-json\/wp\/v2\/product"}],"about":[{"href":"https:\/\/prosafedz.com\/fr\/wp-json\/wp\/v2\/types\/product"}],"wp:featuredmedia":[{"embeddable":true,"href":"https:\/\/prosafedz.com\/fr\/wp-json\/wp\/v2\/media\/32752"}],"wp:attachment":[{"href":"https:\/\/prosafedz.com\/fr\/wp-json\/wp\/v2\/media?parent=31048"}],"wp:term":[{"taxonomy":"product_brand","embeddable":true,"href":"https:\/\/prosafedz.com\/fr\/wp-json\/wp\/v2\/product_brand?post=31048"},{"taxonomy":"product_cat","embeddable":true,"href":"https:\/\/prosafedz.com\/fr\/wp-json\/wp\/v2\/product_cat?post=31048"},{"taxonomy":"product_tag","embeddable":true,"href":"https:\/\/prosafedz.com\/fr\/wp-json\/wp\/v2\/product_tag?post=31048"}],"curies":[{"name":"wp","href":"https:\/\/api.w.org\/{rel}","templated":true}]}}