{"id":31037,"date":"2018-11-12T15:27:19","date_gmt":"2018-11-12T14:27:19","guid":{"rendered":"https:\/\/prosafedz.com\/?post_type=product&#038;p=31037"},"modified":"2024-05-20T16:19:30","modified_gmt":"2024-05-20T14:19:30","slug":"veste-angara-polaire-ref-5vanb-5vanr-5vanv-5vann-5vang","status":"publish","type":"product","link":"https:\/\/prosafedz.com\/fr\/produit\/veste-angara-polaire-ref-5vanb-5vanr-5vanv-5vann-5vang\/","title":{"rendered":"VESTE ANGARA polaire  R\u00e9f. : 5VANB-5VANR-5VANV-5VANN-5VANG"},"content":{"rendered":"<p><strong>AVANTAGES SP\u00c9CIFIQUES<\/strong><br \/>\n\u2022 Polaire tr\u00e8s chaud<br \/>\n\u2022 Anti-pilling : r\u00e9sistance au lavage et \u00e0 l\u2019usure<br \/>\n\u2022 Fermeture jusqu\u2019en haut<br \/>\n\u2022 \u00c9lastiques de serrage en bas et aux poignets<br \/>\n\u2022 Marquage possible<br \/>\n<strong>PRINCIPAUX DOMAINES D\u2019UTILISATION<\/strong><br \/>\n\u2022 Milieux froids<br \/>\n\u2022 Travaux en plein-air<br \/>\n<strong>CONDITIONNEMENT<\/strong><br \/>\n\u2022 Emballage individuel<br \/>\n\u2022 Carton de 10 vestes<\/p>\n","protected":false},"excerpt":{"rendered":"<p><span style=\"color: #ff0000;\"><strong>VESTE ANGARA polaire R\u00e9f. : 5VANB-5VANR-5VANV-5VANN-5VANG<\/strong><\/span><br \/>\n<strong>DESCRIPTIF G\u00c9N\u00c9RAL ET MATI\u00c8RES<\/strong><br \/>\n\u2022 Mati\u00e8re ext\u00e9rieure : double surface micropolaire 450 g\/m2, 100 % polyester, anti-pilling<br \/>\n\u2022 Fermeture simple glissi\u00e8re en plastique avec curseur m\u00e9tal jusqu\u2019en haut du col<br \/>\n\u2022 Col droit<br \/>\n\u2022 Manches mont\u00e9es termin\u00e9es par \u00e9lastique de serrage<br \/>\n\u2022 Serrage bas par \u00e9lastique de serrage r\u00e9glable par bloque-cordons int\u00e9rieurs lat\u00e9raux<br \/>\n\u2022 1 poche haut, verticales \u00e0 glissi\u00e8re<br \/>\n\u2022 2 poches bas, repose-mains \u00e0 glissi\u00e8re<\/p>\n<p><a href=\"https:\/\/prosafedz.com\/fr\/wp-content\/uploads\/2018\/11\/5VANB_merged.pdf\n\" target=\"_blank\" rel=\"noopener noreferrer\"><button style=\"background-color: #90a96b; font-seize: 20px;\"><strong>T\u00e9l\u00e9charger La Fiche Technique<\/strong><\/button><\/a><\/p>\n","protected":false},"featured_media":32745,"template":"","meta":[],"product_brand":[],"product_cat":[79],"product_tag":[940],"class_list":{"0":"post-31037","1":"product","2":"type-product","3":"status-publish","4":"has-post-thumbnail","6":"product_cat-6-7-vetements-dhiver","7":"product_tag-veste-angara-polaire-ref-5vanb-5vanr-5vanv-5vann-5vang","8":"yith_product_brand-coverguard","10":"first","11":"instock","12":"shipping-taxable","13":"product-type-simple"},"_links":{"self":[{"href":"https:\/\/prosafedz.com\/fr\/wp-json\/wp\/v2\/product\/31037","targetHints":{"allow":["GET"]}}],"collection":[{"href":"https:\/\/prosafedz.com\/fr\/wp-json\/wp\/v2\/product"}],"about":[{"href":"https:\/\/prosafedz.com\/fr\/wp-json\/wp\/v2\/types\/product"}],"wp:featuredmedia":[{"embeddable":true,"href":"https:\/\/prosafedz.com\/fr\/wp-json\/wp\/v2\/media\/32745"}],"wp:attachment":[{"href":"https:\/\/prosafedz.com\/fr\/wp-json\/wp\/v2\/media?parent=31037"}],"wp:term":[{"taxonomy":"product_brand","embeddable":true,"href":"https:\/\/prosafedz.com\/fr\/wp-json\/wp\/v2\/product_brand?post=31037"},{"taxonomy":"product_cat","embeddable":true,"href":"https:\/\/prosafedz.com\/fr\/wp-json\/wp\/v2\/product_cat?post=31037"},{"taxonomy":"product_tag","embeddable":true,"href":"https:\/\/prosafedz.com\/fr\/wp-json\/wp\/v2\/product_tag?post=31037"}],"curies":[{"name":"wp","href":"https:\/\/api.w.org\/{rel}","templated":true}]}}