{"id":31035,"date":"2018-11-12T15:14:43","date_gmt":"2018-11-12T14:14:43","guid":{"rendered":"https:\/\/prosafedz.com\/?post_type=product&#038;p=31035"},"modified":"2024-09-15T09:53:14","modified_gmt":"2024-09-15T07:53:14","slug":"lady-parka-femme-noire-doublee-polaire-ref-5ladyb","status":"publish","type":"product","link":"https:\/\/prosafedz.com\/fr\/produit\/lady-parka-femme-noire-doublee-polaire-ref-5ladyb\/","title":{"rendered":"LADY Parka femme Noire doubl\u00e9e polaire  R\u00e9f. : 5LADYB"},"content":{"rendered":"<p><a href=\"https:\/\/prosafedz.com\/fr\/wp-content\/uploads\/2018\/11\/5LADY-fr-sacla.pdf\">5LADY-fr-sacla<\/a><strong>AVANTAGES SP\u00c9CIFIQUES<\/strong><br \/>\n\u2022 Coupe femme<br \/>\n\u2022 Fermeture jusqu\u2019en haut du col<br \/>\n\u2022 Capuche doubl\u00e9e et amovible<br \/>\n\u2022 Manches doubl\u00e9es<br \/>\n\u2022 Manches serrage agrippant<br \/>\n\u2022 Respirant<br \/>\n<strong>PRINCIPAUX DOMAINES D\u2019UTILISATION<\/strong><br \/>\n\u2022 Milieux froids<br \/>\n\u2022 Travaux de plein-air<br \/>\n<strong>CONDITIONNEMENT<\/strong><br \/>\n\u2022 Emballage individuel<br \/>\n\u2022 Carton de 10 vestes<\/p>\n","protected":false},"excerpt":{"rendered":"<p><span style=\"color: #ff0000;\"><strong>LADY Parka femme Noire doubl\u00e9e polaire R\u00e9f. : 5LADYB<\/strong><\/span><br \/>\n<strong>DESCRIPTIF G\u00c9N\u00c9RAL ET MATI\u00c8RES<\/strong><br \/>\n\u2022 Mati\u00e8re ext\u00e9rieure : 100% taslan nylon<br \/>\nenduit PU respirant<br \/>\n\u2022 Imperm\u00e9abilit\u00e9 : 2000MM<br \/>\n\u2022 Respirabilit\u00e9 : 3000MVP<br \/>\n\u2022 Doublure : 100% polyester polaire 280<br \/>\ng\/m\u00b2 sur corps et 100% polyester Taffetas<br \/>\n210T sur manches et bas corps<br \/>\n\u2022 Isolation : 100% polyester 80g\/m\u00b2<br \/>\n\u2022 Fermeture \u00e0 glissi\u00e8re double sens en<br \/>\nplastique avec curseur en m\u00e9tal jusqu\u2019en<br \/>\nhaut du col avec rabat pressions<br \/>\n\u2022 Col droit<br \/>\n\u2022 Capuche forme casquette amovible,<br \/>\nserrage cordon \u00e9lastique avec bloque<br \/>\ncordons transparents, doubl\u00e9e 100%<br \/>\npolyester 210T taffetas<br \/>\n\u2022Serrage bas \u00e9lastique avec bloque cordons<br \/>\ntransparents \u00e0 l\u2019int\u00e9rieur sur c\u00f4t\u00e9s<br \/>\n\u2022 Poignets r\u00e9glables par bande agrippante<br \/>\n\u2022 2 poches bas, verticales \u00e0 glissi\u00e8re<br \/>\n\u2022 1 poche int\u00e9rieure haut, plaqu\u00e9e, auto<br \/>\nagrippante<br \/>\n\u2022 1 poche int\u00e9rieure haut, t\u00e9l\u00e9phone, auto<br \/>\nagrippante<br \/>\n\u2022 ouverture MARK<\/p>\n<p><a href=\"https:\/\/prosafedz.com\/fr\/wp-content\/uploads\/2018\/11\/5LADY-fr-sacla.pdf\n\" target=\"_blank\" rel=\"noopener noreferrer\"><button style=\"background-color: #90a96b; font-seize: 20px;\"><strong>T\u00e9l\u00e9charger La Fiche Technique<\/strong><\/button><\/a><\/p>\n","protected":false},"featured_media":32744,"template":"","meta":[],"product_brand":[],"product_cat":[79],"product_tag":[939],"class_list":{"0":"post-31035","1":"product","2":"type-product","3":"status-publish","4":"has-post-thumbnail","6":"product_cat-6-7-vetements-dhiver","7":"product_tag-lady-parka-femme-noire-doublee-polaire-ref-5ladyb","8":"yith_product_brand-coverguard","10":"first","11":"instock","12":"shipping-taxable","13":"product-type-simple"},"_links":{"self":[{"href":"https:\/\/prosafedz.com\/fr\/wp-json\/wp\/v2\/product\/31035","targetHints":{"allow":["GET"]}}],"collection":[{"href":"https:\/\/prosafedz.com\/fr\/wp-json\/wp\/v2\/product"}],"about":[{"href":"https:\/\/prosafedz.com\/fr\/wp-json\/wp\/v2\/types\/product"}],"wp:featuredmedia":[{"embeddable":true,"href":"https:\/\/prosafedz.com\/fr\/wp-json\/wp\/v2\/media\/32744"}],"wp:attachment":[{"href":"https:\/\/prosafedz.com\/fr\/wp-json\/wp\/v2\/media?parent=31035"}],"wp:term":[{"taxonomy":"product_brand","embeddable":true,"href":"https:\/\/prosafedz.com\/fr\/wp-json\/wp\/v2\/product_brand?post=31035"},{"taxonomy":"product_cat","embeddable":true,"href":"https:\/\/prosafedz.com\/fr\/wp-json\/wp\/v2\/product_cat?post=31035"},{"taxonomy":"product_tag","embeddable":true,"href":"https:\/\/prosafedz.com\/fr\/wp-json\/wp\/v2\/product_tag?post=31035"}],"curies":[{"name":"wp","href":"https:\/\/api.w.org\/{rel}","templated":true}]}}