{"id":31031,"date":"2018-11-12T14:59:45","date_gmt":"2018-11-12T13:59:45","guid":{"rendered":"https:\/\/prosafedz.com\/?post_type=product&#038;p=31031"},"modified":"2024-05-20T15:24:07","modified_gmt":"2024-05-20T13:24:07","slug":"parka-kaban-navy-ref-5kabb","status":"publish","type":"product","link":"https:\/\/prosafedz.com\/fr\/produit\/parka-kaban-navy-ref-5kabb\/","title":{"rendered":"Parka KABAN Navy  R\u00e9f. : 5KABB"},"content":{"rendered":"<p><strong>AVANTAGES SP\u00c9CIFIQUES<\/strong><br \/>\n\u2022 Imperm\u00e9able<br \/>\n\u2022 Coutures \u00e9tanch\u00e9es<br \/>\n\u2022 Isolation matelass\u00e9e<br \/>\n\u2022 Fermeture jusqu\u2019en haut du col<br \/>\n\u2022 Col doubl\u00e9 polaire<br \/>\n\u2022 Capuche int\u00e9gr\u00e9e dans le col<br \/>\n\u2022 Serrage capuche<br \/>\n\u2022 Manches matelass\u00e9es<br \/>\n\u2022 Poignets \u00e9lastiques r\u00e9glables<br \/>\n\u2022 Serrage bas<br \/>\n\u2022 Nombreuses poches<br \/>\n\u2022 Marquage possible<br \/>\n<strong>PRINCIPAUX DOMAINES D\u2019UTILISATION<\/strong><br \/>\n\u2022 Milieux froids<br \/>\n\u2022 Milieux humides<br \/>\n\u2022 Travaux en plein-air<br \/>\n\u2022 Temps de pluie<br \/>\n<strong>CONDITIONNEMENT<\/strong><br \/>\n\u2022 Emballage individuel<br \/>\n\u2022 Carton de 10 parkas<br \/>\n<strong>NORMALISATION<\/strong><br \/>\nCe mod\u00e8le est en conformit\u00e9 avec la norme<strong> EN 340<\/strong><\/p>\n","protected":false},"excerpt":{"rendered":"<p><span style=\"color: #ff0000;\"><strong>Parka KABAN Navy\u00a0\u00a0<\/strong><\/span><span style=\"color: #ff0000;\"><strong>R\u00e9f. : 5KABB<\/strong><\/span><br \/>\n<strong>DESCRIPTIF G\u00c9N\u00c9RAL ET MATI\u00c8RES<\/strong><br \/>\n\u2022 Mati\u00e8re ext\u00e9rieure : 100 % polyester pong\u00e9e enduit PVC imperm\u00e9able, coutures \u00e9tanch\u00e9es<br \/>\n\u2022 Isolation marine 100 % polyester matelass\u00e9<br \/>\n\u2022 Fermeture \u00e0 glissi\u00e8re double sens en plastique avec curseur en m\u00e9tal jusqu\u2019en haut du col<br \/>\n\u2022 Fermeture \u00e0 rabat agrippant avec pressions en haut et en bas<br \/>\n\u2022 Col doubl\u00e9 polaire<br \/>\n\u2022 Col \u00e0 capuche int\u00e9gr\u00e9e<br \/>\n\u2022 Capuche r\u00e9glable par cordon avec bloque-cordons<br \/>\n\u2022 Manches matelass\u00e9es termin\u00e9es par poignets \u00e9lastiques r\u00e9glables par bandes agrippantes<br \/>\n\u2022 Serrage bas par cordon de serrage avec bloque-cordons int\u00e9rieurs centraux<br \/>\n\u2022 2 poches bas, verticales \u00e0 glissi\u00e8re et rabat<br \/>\n\u2022 1 poche haut, horizontale \u00e0 glissi\u00e8re et rabat<br \/>\n\u2022 1 poche sur la manche fermeture glissi\u00e8re<br \/>\n\u2022 1 poche int\u00e9rieure, portefeuille et scratch<\/p>\n<p><a href=\"https:\/\/prosafedz.com\/fr\/wp-content\/uploads\/2018\/11\/5KABB.pdf\n\" target=\"_blank\" rel=\"noopener noreferrer\"><button style=\"background-color: #90a96b; font-seize: 20px;\"><strong>T\u00e9l\u00e9charger La Fiche Technique<\/strong><\/button><\/a><\/p>\n","protected":false},"featured_media":32742,"template":"","meta":[],"product_brand":[],"product_cat":[79],"product_tag":[937],"class_list":{"0":"post-31031","1":"product","2":"type-product","3":"status-publish","4":"has-post-thumbnail","6":"product_cat-6-7-vetements-dhiver","7":"product_tag-parka-kaban-navy-ref-5kabb","8":"yith_product_brand-coverguard","10":"first","11":"instock","12":"shipping-taxable","13":"product-type-simple"},"_links":{"self":[{"href":"https:\/\/prosafedz.com\/fr\/wp-json\/wp\/v2\/product\/31031","targetHints":{"allow":["GET"]}}],"collection":[{"href":"https:\/\/prosafedz.com\/fr\/wp-json\/wp\/v2\/product"}],"about":[{"href":"https:\/\/prosafedz.com\/fr\/wp-json\/wp\/v2\/types\/product"}],"wp:featuredmedia":[{"embeddable":true,"href":"https:\/\/prosafedz.com\/fr\/wp-json\/wp\/v2\/media\/32742"}],"wp:attachment":[{"href":"https:\/\/prosafedz.com\/fr\/wp-json\/wp\/v2\/media?parent=31031"}],"wp:term":[{"taxonomy":"product_brand","embeddable":true,"href":"https:\/\/prosafedz.com\/fr\/wp-json\/wp\/v2\/product_brand?post=31031"},{"taxonomy":"product_cat","embeddable":true,"href":"https:\/\/prosafedz.com\/fr\/wp-json\/wp\/v2\/product_cat?post=31031"},{"taxonomy":"product_tag","embeddable":true,"href":"https:\/\/prosafedz.com\/fr\/wp-json\/wp\/v2\/product_tag?post=31031"}],"curies":[{"name":"wp","href":"https:\/\/api.w.org\/{rel}","templated":true}]}}