{"id":31027,"date":"2018-11-12T14:47:01","date_gmt":"2018-11-12T13:47:01","guid":{"rendered":"https:\/\/prosafedz.com\/?post_type=product&#038;p=31027"},"modified":"2024-05-20T15:06:07","modified_gmt":"2024-05-20T13:06:07","slug":"sa-parka-polyester-enduit-pvc-noir-5isan","status":"publish","type":"product","link":"https:\/\/prosafedz.com\/fr\/produit\/sa-parka-polyester-enduit-pvc-noir-5isan\/","title":{"rendered":"ISA Parka polyester enduit PVC noir 5ISAN"},"content":{"rendered":"<p><strong>AVANTAGES SP\u00c9CIFIQUES<\/strong><br \/>\n\u2022 Imperm\u00e9able<br \/>\n\u2022 Coutures \u00e9tanch\u00e9es<br \/>\n\u2022 Int\u00e9rieure doubl\u00e9e polaire<br \/>\n\u2022 Int\u00e9rieur bas matelass\u00e9<br \/>\n\u2022 Fermeture double sens jusqu\u2019en haut<br \/>\n\u2022 Col doubl\u00e9 polaire<br \/>\n\u2022 Capuche int\u00e9gr\u00e9e doubl\u00e9e<br \/>\n\u2022 Serrage capuche<br \/>\n\u2022 Fermeture cache-col autogrippante<br \/>\n\u2022 Manches doubl\u00e9es matelass\u00e9es<br \/>\n\u2022 Serrage poignet<br \/>\n\u2022 Serrage bas<br \/>\n\u2022 Serrage taille<br \/>\n\u2022 Nombreuses poches<br \/>\n<strong>PRINCIPAUX DOMAINES D\u2019UTILISATION<\/strong><br \/>\n\u2022 Milieux froids<br \/>\n\u2022 Travaux en plein-air<br \/>\n\u2022 Milieux humides<br \/>\n\u2022 Temps de pluie<\/p>\n<p><strong>CONDITIONNEMENT<\/strong><br \/>\n\u2022 Emballage individuel<br \/>\n\u2022 Carton de 10 parkas<br \/>\n<strong>NORMALISATION<\/strong><br \/>\nCet ensemble est conforme au mod\u00e8le de l\u2019\u00e9quipement de protection individuelle ayant fait l\u2019objet de<br \/>\nL\u2019attestation <strong>CE de type 0072\/108\/162\/04\/05\/0036<\/strong><br \/>\n<strong>D\u00e9livr\u00e9e par IFTH (organisme n\u00b0 0072)<\/strong><\/p>\n","protected":false},"excerpt":{"rendered":"<p><strong>ISA Parka polyester enduit PVC noir 5ISAN<\/strong><br \/>\n<b>DESCRIPTIF G\u00c9N\u00c9RAL\u00a0ET\u00a0MATI\u00c8RES<\/b><br \/>\n\u2022 Mati\u00e8re ext\u00e9rieure : 100 % polyester<br \/>\npong\u00e9e enduction PVC, imperm\u00e9able,<br \/>\ncoutures \u00e9tanch\u00e9es<br \/>\n\u2022 Int\u00e9rieur doubl\u00e9 polaire noire 100 %<br \/>\npolyester, bas 100 % polyamide<br \/>\nmatelass\u00e9<br \/>\n\u2022 Fermeture \u00e0 glissi\u00e8re double sens<br \/>\njusqu\u2019en haut du col sous rabat et pressions<br \/>\n\u2022 Col droit doubl\u00e9 polaire \u00e0 capuche<br \/>\nint\u00e9gr\u00e9e<br \/>\n\u2022 Capuche doubl\u00e9e polyamide avec<br \/>\n\u00e9lastique de serrage avec bloque-cordons<br \/>\net cache-col fermeture par 1 bande<br \/>\nagrippante<br \/>\n\u2022 Manches doubl\u00e9es matelass\u00e9es avec<br \/>\npoignets termin\u00e9s par \u00e9lastiques r\u00e9glables<br \/>\npar bandes agrippantes<br \/>\n\u2022 Serrage bas \u00e9lastique r\u00e9glable par<br \/>\nbloque-cordons centraux<br \/>\n\u2022 Serrage taille \u00e9lastique avec bloque cordons<br \/>\next\u00e9rieures lat\u00e9raux<br \/>\n\u2022 2 poches bas, horizontales \u00e0 glissi\u00e8re et<br \/>\nrabat<br \/>\n\u2022 2 poches haut, obliques \u00e0 glissi\u00e8re et rabat<br \/>\n\u2022 1 poche int\u00e9rieur, verticale \u00e0 glissi\u00e8re<\/p>\n<p><a href=\"https:\/\/prosafedz.com\/fr\/wp-content\/uploads\/2018\/11\/5ISAN.pdf\n\" target=\"_blank\" rel=\"noopener noreferrer\"><button style=\"background-color: #90a96b; font-seize: 20px;\"><strong>T\u00e9l\u00e9charger La Fiche Technique<\/strong><\/button><\/a><\/p>\n","protected":false},"featured_media":32740,"template":"","meta":[],"product_brand":[],"product_cat":[79],"product_tag":[1370],"class_list":{"0":"post-31027","1":"product","2":"type-product","3":"status-publish","4":"has-post-thumbnail","6":"product_cat-6-7-vetements-dhiver","7":"product_tag-isa-parka-polyester-enduit-pvc-noir-5isan","8":"yith_product_brand-coverguard","10":"first","11":"instock","12":"shipping-taxable","13":"product-type-simple"},"_links":{"self":[{"href":"https:\/\/prosafedz.com\/fr\/wp-json\/wp\/v2\/product\/31027","targetHints":{"allow":["GET"]}}],"collection":[{"href":"https:\/\/prosafedz.com\/fr\/wp-json\/wp\/v2\/product"}],"about":[{"href":"https:\/\/prosafedz.com\/fr\/wp-json\/wp\/v2\/types\/product"}],"wp:featuredmedia":[{"embeddable":true,"href":"https:\/\/prosafedz.com\/fr\/wp-json\/wp\/v2\/media\/32740"}],"wp:attachment":[{"href":"https:\/\/prosafedz.com\/fr\/wp-json\/wp\/v2\/media?parent=31027"}],"wp:term":[{"taxonomy":"product_brand","embeddable":true,"href":"https:\/\/prosafedz.com\/fr\/wp-json\/wp\/v2\/product_brand?post=31027"},{"taxonomy":"product_cat","embeddable":true,"href":"https:\/\/prosafedz.com\/fr\/wp-json\/wp\/v2\/product_cat?post=31027"},{"taxonomy":"product_tag","embeddable":true,"href":"https:\/\/prosafedz.com\/fr\/wp-json\/wp\/v2\/product_tag?post=31027"}],"curies":[{"name":"wp","href":"https:\/\/api.w.org\/{rel}","templated":true}]}}