{"id":31022,"date":"2018-11-12T14:24:12","date_gmt":"2018-11-12T13:24:12","guid":{"rendered":"https:\/\/prosafedz.com\/?post_type=product&#038;p=31022"},"modified":"2024-05-20T15:01:20","modified_gmt":"2024-05-20T13:01:20","slug":"ireland-parka-polyamide-enduit-pvc-noire-5ireb","status":"publish","type":"product","link":"https:\/\/prosafedz.com\/fr\/produit\/ireland-parka-polyamide-enduit-pvc-noire-5ireb\/","title":{"rendered":"IRELAND Parka polyamide enduit PVC,  R\u00e9f. : NOIRE 5IREB, MARINE 5IREL"},"content":{"rendered":"<p><strong>AVANTAGES SP\u00c9CIFIQUES<\/strong><br \/>\n\u2022 Imperm\u00e9able<br \/>\n\u2022 Int\u00e9rieur matelass\u00e9<br \/>\n\u2022 Fermeture jusqu\u2019en haut avec rabat autogrippant<br \/>\n\u2022 Capuche int\u00e9gr\u00e9e<br \/>\n\u2022 Marquage possible<br \/>\n\u2022 Manches doubl\u00e9es matelass\u00e9es<br \/>\n\u2022 Poignets coupe-vent<br \/>\n\u2022 Serrage taille<br \/>\n\u2022 Serrage bas<br \/>\n\u2022 Nombreuses poches<br \/>\n<strong>PRINCIPAUX DOMAINES D\u2019UTILISATION<\/strong><br \/>\n\u2022 Milieux humides<br \/>\n\u2022 Temps de pluie<br \/>\n<strong>CONDITIONNEMENT<\/strong><br \/>\n\u2022 Emballage individuel<br \/>\n\u2022 Carton de 10 parkas<br \/>\n<strong>NORMALISATION<\/strong><br \/>\nCe mod\u00e8le est en conformit\u00e9 avec la norme <strong>EN 340<\/strong><\/p>\n","protected":false},"excerpt":{"rendered":"<p><span style=\"color: #ff0000;\"><strong>IRELAND Parka polyamide enduit PVC, NOIRE 5IREB<\/strong><\/span><br \/>\n<strong>DESCRIPTIF GENERAL ET MATIERES<\/strong><br \/>\n\u2022 Mati\u00e8re ext\u00e9rieure : 100 % polyamide<br \/>\nenduit PVC imperm\u00e9able<br \/>\n\u2022 Mati\u00e8re int\u00e9rieure : 100 % polyamide<br \/>\nmatelass\u00e9, isolation : doubl\u00e9 100 %<br \/>\npolyester<br \/>\n\u2022 Fermeture \u00e0 glissi\u00e8re en plastique avec<br \/>\ncurseur en m\u00e9tal jusqu\u2019en haut du col<br \/>\nsous rabat bandes agrippantes<br \/>\n\u2022 Col \u00e0 capuche int\u00e9gr\u00e9e<br \/>\n\u2022 Col ferm\u00e9 par fermeture \u00e0 glissi\u00e8re<br \/>\n\u2022 Serrage capuche par cordon<br \/>\n\u2022 Manches doubl\u00e9es matelass\u00e9es,<br \/>\ntermin\u00e9es par poignets int\u00e9rieur tricot<br \/>\ncoupe-vent<br \/>\n\u2022 Serrage taille par \u00e9lastique dans le dos<br \/>\n\u2022 Serrage bas par cordon r\u00e9glable par<br \/>\nbloque-cordons centraux<br \/>\n\u2022 2 poches bas, \u00e0 rabat<br \/>\n\u2022 1 poche haut, verticales \u00e0 glissi\u00e8re<br \/>\n\u2022 1 poche haut, pour portable<br \/>\n\u2022 1 poche haut, \u00e0 soufflet et rabat<br \/>\n\u2022 1 poche int\u00e9rieur, portefeuille + scratch<\/p>\n<p><a href=\"https:\/\/prosafedz.com\/fr\/wp-content\/uploads\/2018\/11\/5IREB_5IREL_merged.pdf\n\" target=\"_blank\" rel=\"noopener noreferrer\"><button style=\"background-color: #90a96b; font-seize: 20px;\"><strong>T\u00e9l\u00e9charger La Fiche Technique<\/strong><\/button><\/a><\/p>\n","protected":false},"featured_media":32739,"template":"","meta":[],"product_brand":[],"product_cat":[79],"product_tag":[932,933,934],"class_list":{"0":"post-31022","1":"product","2":"type-product","3":"status-publish","4":"has-post-thumbnail","6":"product_cat-6-7-vetements-dhiver","7":"product_tag-ireland-parka-polyamide-enduit-pvc","8":"product_tag-marine-5ireb","9":"product_tag-noire-5ireb","10":"yith_product_brand-coverguard","12":"first","13":"instock","14":"shipping-taxable","15":"product-type-simple"},"_links":{"self":[{"href":"https:\/\/prosafedz.com\/fr\/wp-json\/wp\/v2\/product\/31022","targetHints":{"allow":["GET"]}}],"collection":[{"href":"https:\/\/prosafedz.com\/fr\/wp-json\/wp\/v2\/product"}],"about":[{"href":"https:\/\/prosafedz.com\/fr\/wp-json\/wp\/v2\/types\/product"}],"wp:featuredmedia":[{"embeddable":true,"href":"https:\/\/prosafedz.com\/fr\/wp-json\/wp\/v2\/media\/32739"}],"wp:attachment":[{"href":"https:\/\/prosafedz.com\/fr\/wp-json\/wp\/v2\/media?parent=31022"}],"wp:term":[{"taxonomy":"product_brand","embeddable":true,"href":"https:\/\/prosafedz.com\/fr\/wp-json\/wp\/v2\/product_brand?post=31022"},{"taxonomy":"product_cat","embeddable":true,"href":"https:\/\/prosafedz.com\/fr\/wp-json\/wp\/v2\/product_cat?post=31022"},{"taxonomy":"product_tag","embeddable":true,"href":"https:\/\/prosafedz.com\/fr\/wp-json\/wp\/v2\/product_tag?post=31022"}],"curies":[{"name":"wp","href":"https:\/\/api.w.org\/{rel}","templated":true}]}}