{"id":31011,"date":"2018-11-12T12:01:17","date_gmt":"2018-11-12T11:01:17","guid":{"rendered":"https:\/\/prosafedz.com\/?post_type=product&#038;p=31011"},"modified":"2025-02-16T09:54:26","modified_gmt":"2025-02-16T08:54:26","slug":"thor-veste-multi-risque-8mthjy","status":"publish","type":"product","link":"https:\/\/prosafedz.com\/fr\/produit\/thor-veste-multi-risque-8mthjy\/","title":{"rendered":"THOR Veste Multi Risque  8MTHJY"},"content":{"rendered":"<p><strong>Design et\u00a0<\/strong><b>\u00e9tanch\u00e9it\u00e9<\/b><br \/>\n1. COL \u2022Col mandarin avec boutons pression<br \/>\n2. Fermetures \u2022Fermetures \u00e9claires avec rabats munis de boutons pression<br \/>\n3. Manches \u2022Manches longues ajustable par boutons pressions<br \/>\n4. Poches \u20222 poches poitrine avec rabats munis de boutons<br \/>\n\u20221 poche int\u00e9rieur<br \/>\n\u20222 poches basses<br \/>\n5. Marquage dans le cou \u20221 emplacement dans le cou<br \/>\n6. Taille \u2022 Taille ajustable par boutons pressions<br \/>\n7. Boucles \u20222 boucles sous les poches poitrine<br \/>\n8. Bandes retro-r\u00e9flectives \u2022Bande retro-r\u00e9flective ignifug\u00e9e<br \/>\n9. Dos \u2022Soufflets de confort \u00e0 l&rsquo;arri\u00e8re<br \/>\n10. Pictogrammes \u2022Pictogrammes normalis\u00e9s sur la manche gauche<br \/>\n11. S\u00e9rigraphie\u00a0 \u2022Sur la poche poitrine ou le dos<br \/>\nXcomfort est une gamme bas\u00e9e sur les solutions ignifuges qui donnent aux tissus en fibre de coton une finition ignifuge durable.<br \/>\nCe traitement de r\u00e9sistance \u00e0 la flamme n\u2019est pas une enduction, mais une liaison chimique durable avec la structure mol\u00e9culaire du coton naturel.<br \/>\nDans le cas o\u00f9 le tissus est expos\u00e9 au feu, un produit carbon\u00e9 est form\u00e9 qui agit comme un bouclier thermique et contr\u00f4le \u00e9galement la propagation de la flamme.<br \/>\nCe tissus offre \u00e0 l\u2019utilisateur un confort sup\u00e9rieur. A sa douceur s\u2019ajoute sa capacit\u00e9 \u00e0 maintenir la fra\u00eecheur dans les environnements chaud et la chaleur dans les environnements froid.<br \/>\n<strong>Normes<\/strong><br \/>\nCet article est conforme au mod\u00e8le de l\u2019\u00e9quipement de protection individuelle ayant fait l\u2019objet de\u00a0<strong>L\u2019attestation CE de type n\u00b0 0161\/3906\/15 D\u00e9livr\u00e9 par AITEX (organisme notifi\u00e9 n\u00b0 0161<\/strong><\/p>\n","protected":false},"excerpt":{"rendered":"<p><span style=\"color: #ff0000;\"><strong>THOR Veste Multi Risque 8MTHJY<\/strong><\/span><br \/>\nMat\u00e9riau : 78% Coton, 20% Polyester, 2% Fibre antistatique<\/p>\n<p><a href=\"https:\/\/prosafedz.com\/fr\/wp-content\/uploads\/2018\/11\/8MTHJY_fr.pdf\n\" target=\"_blank\" rel=\"noopener noreferrer\"><button style=\"background-color: #90a96b; font-seize: 20px;\"><strong>T\u00e9l\u00e9charger La Fiche Technique<\/strong><\/button><\/a><\/p>\n","protected":false},"featured_media":32733,"template":"","meta":[],"product_brand":[],"product_cat":[42,905],"product_tag":[930],"class_list":{"0":"post-31011","1":"product","2":"type-product","3":"status-publish","4":"has-post-thumbnail","6":"product_cat-6-6-haute-visibilite","7":"product_cat-6-9-vetement-ignifuge","8":"product_tag-thor-veste-multi-risque-8mthjy","9":"yith_product_brand-coverguard-xpert","11":"first","12":"instock","13":"shipping-taxable","14":"product-type-simple"},"_links":{"self":[{"href":"https:\/\/prosafedz.com\/fr\/wp-json\/wp\/v2\/product\/31011","targetHints":{"allow":["GET"]}}],"collection":[{"href":"https:\/\/prosafedz.com\/fr\/wp-json\/wp\/v2\/product"}],"about":[{"href":"https:\/\/prosafedz.com\/fr\/wp-json\/wp\/v2\/types\/product"}],"wp:featuredmedia":[{"embeddable":true,"href":"https:\/\/prosafedz.com\/fr\/wp-json\/wp\/v2\/media\/32733"}],"wp:attachment":[{"href":"https:\/\/prosafedz.com\/fr\/wp-json\/wp\/v2\/media?parent=31011"}],"wp:term":[{"taxonomy":"product_brand","embeddable":true,"href":"https:\/\/prosafedz.com\/fr\/wp-json\/wp\/v2\/product_brand?post=31011"},{"taxonomy":"product_cat","embeddable":true,"href":"https:\/\/prosafedz.com\/fr\/wp-json\/wp\/v2\/product_cat?post=31011"},{"taxonomy":"product_tag","embeddable":true,"href":"https:\/\/prosafedz.com\/fr\/wp-json\/wp\/v2\/product_tag?post=31011"}],"curies":[{"name":"wp","href":"https:\/\/api.w.org\/{rel}","templated":true}]}}