{"id":30986,"date":"2018-11-11T15:37:28","date_gmt":"2018-11-11T14:37:28","guid":{"rendered":"https:\/\/prosafedz.com\/?post_type=product&#038;p=30986"},"modified":"2024-05-20T15:32:51","modified_gmt":"2024-05-20T13:32:51","slug":"parka-polyester-hi-viz-3m-70450-70460","status":"publish","type":"product","link":"https:\/\/prosafedz.com\/fr\/produit\/parka-polyester-hi-viz-3m-70450-70460\/","title":{"rendered":"Parka polyester hi-viz , 3M  R\u00e9f. : 70450-70460"},"content":{"rendered":"<p><strong>Packaging &amp; Stockage<\/strong><br \/>\n1 pi\u00e8ce par sachet<br \/>\n10 sachets par carton<br \/>\n<strong>Toujours transporter et stocker l\u2019article dans son emballage d\u2019origine. Stocker dans un endroit sec, \u00e0 l\u2019abri des rayons direct du soleil.<\/strong><br \/>\n<strong>Normalisation<\/strong><br \/>\nCe v\u00eatement est conforme au mod\u00e8le de l\u2019\u00e9quipement de protection individuelle ayant fait l\u2019objet de : <strong>L\u2019attestation CE de type n\u00b0 7458 (Issue 1). D\u00e9livr\u00e9e par SATRA (organisme notifi\u00e9 n\u00b0 0321)<\/strong><\/p>\n","protected":false},"excerpt":{"rendered":"<p><span style=\"color: #ff0000;\"><strong>PARKA POLYESTER HI-VIZ , 3M 70450-70460<\/strong><\/span><br \/>\nTissu Haute-visibilit\u00e9 : 300D polyester oxford enduit PU<br \/>\nTissu de contraste : 420D polyester oxford enduit PU<br \/>\nDoublure : 100% polyester<br \/>\nCapuche : Capuche dissimul\u00e9e dans le col<br \/>\nCol : Col haut<br \/>\nFermeture : Fermeture \u00e9clair double sens avec rabat munit de bandes agrippantes<br \/>\nManches : Manches int\u00e9rieures coupe-vent<br \/>\nBandes : Bandes r\u00e9tro r\u00e9flectives 3M cousues<br \/>\n(2 bandes autour du torse, 1 bande sur chaque \u00e9paule, 2 bandes sur chaque bras)<br \/>\nPoches : 1 poche haute avec fermeture \u00e9clair verticale, 2 poches basses repose main, 1 poche verticale avec fermeture \u00e9claire, 1 poche int\u00e9rieur avec bande agrippante<\/p>\n<p><a href=\"https:\/\/prosafedz.com\/fr\/wp-content\/uploads\/2018\/11\/13-70450_70460.FT_.pdf\n\" target=\"_blank\" rel=\"noopener noreferrer\"><button style=\"background-color: #90a96b; font-seize: 20px;\"><strong>T\u00e9l\u00e9charger La Fiche Technique<\/strong><\/button><\/a><\/p>\n","protected":false},"featured_media":32713,"template":"","meta":[],"product_brand":[],"product_cat":[42,79],"product_tag":[924,1364,925],"class_list":{"0":"post-30986","1":"product","2":"type-product","3":"status-publish","4":"has-post-thumbnail","6":"product_cat-6-6-haute-visibilite","7":"product_cat-6-7-vetements-dhiver","8":"product_tag-3m-70450-70460","9":"product_tag-3m-ref-70450-70460","10":"product_tag-parka-polyester-hi-viz","11":"yith_product_brand-coverguard-hiviz","13":"first","14":"instock","15":"shipping-taxable","16":"product-type-simple"},"_links":{"self":[{"href":"https:\/\/prosafedz.com\/fr\/wp-json\/wp\/v2\/product\/30986","targetHints":{"allow":["GET"]}}],"collection":[{"href":"https:\/\/prosafedz.com\/fr\/wp-json\/wp\/v2\/product"}],"about":[{"href":"https:\/\/prosafedz.com\/fr\/wp-json\/wp\/v2\/types\/product"}],"wp:featuredmedia":[{"embeddable":true,"href":"https:\/\/prosafedz.com\/fr\/wp-json\/wp\/v2\/media\/32713"}],"wp:attachment":[{"href":"https:\/\/prosafedz.com\/fr\/wp-json\/wp\/v2\/media?parent=30986"}],"wp:term":[{"taxonomy":"product_brand","embeddable":true,"href":"https:\/\/prosafedz.com\/fr\/wp-json\/wp\/v2\/product_brand?post=30986"},{"taxonomy":"product_cat","embeddable":true,"href":"https:\/\/prosafedz.com\/fr\/wp-json\/wp\/v2\/product_cat?post=30986"},{"taxonomy":"product_tag","embeddable":true,"href":"https:\/\/prosafedz.com\/fr\/wp-json\/wp\/v2\/product_tag?post=30986"}],"curies":[{"name":"wp","href":"https:\/\/api.w.org\/{rel}","templated":true}]}}