{"id":30982,"date":"2018-11-11T14:58:13","date_gmt":"2018-11-11T13:58:13","guid":{"rendered":"https:\/\/prosafedz.com\/?post_type=product&#038;p=30982"},"modified":"2024-09-15T09:54:17","modified_gmt":"2024-09-15T07:54:17","slug":"gilet-hi-viz-multi-fonction-7ygmy-7ygmo","status":"publish","type":"product","link":"https:\/\/prosafedz.com\/fr\/produit\/gilet-hi-viz-multi-fonction-7ygmy-7ygmo\/","title":{"rendered":"Gilet HI-VIZ , Multi fonction 7YGMY-7YGMO"},"content":{"rendered":"<p><strong>Packaging &amp; Stockage<\/strong><br \/>\n1 pi\u00e8ce par sachet<br \/>\n50 sachets par carton<br \/>\n50 Pi\u00e8ces dans 1 Carton<br \/>\n<strong>Normalisation<\/strong><br \/>\nCe v\u00eatement est conforme au mod\u00e8le de l\u2019\u00e9quipement de protection individuelle ayant fait l\u2019objet de :\u00a0<strong>L\u2019attestation CE de type n\u00b0 7754 Issue 1 D\u00e9livr\u00e9e par SATRA (organisme notifi\u00e9 n\u00b0 0321)<\/strong><\/p>\n","protected":false},"excerpt":{"rendered":"<p><span style=\"color: #ff0000;\"><strong>Gilet HI-VIZ , Multi fonction 7YGMY-7YGMO<\/strong><\/span><br \/>\n<strong>Description G\u00e9n\u00e9rale \/ Mat\u00e9riaux<\/strong><br \/>\nTissus Haute-visibilit\u00e9 : 120 g\/m\u00b2 Polyester fluorescent tricot\u00e9<br \/>\nFermeture : Fermeture \u00e9claire<br \/>\nBandes : Bandes r\u00e9tro-r\u00e9flectives (2 sur le torse, 1 sur chaque \u00e9paule reliant l\u2019avant \u00e0 l\u2019arri\u00e8re)<br \/>\nPoches : 1 poche t\u00e9l\u00e9phone sur la poitrine avec rabat, 1 poche stylo, 2 poche basses avec rabat, 1 anneau porte-cl\u00e9s<\/p>\n<p><a href=\"https:\/\/prosafedz.com\/fr\/wp-content\/uploads\/2018\/11\/7YGMY_7YGMO_merged.pdf\n\" target=\"_blank\" rel=\"noopener noreferrer\"><button style=\"background-color: #90a96b; font-seize: 20px;\"><strong>T\u00e9l\u00e9charger La Fiche Technique<\/strong><\/button><\/a><\/p>\n","protected":false},"featured_media":32711,"template":"","meta":[],"product_brand":[],"product_cat":[42],"product_tag":[922,923],"class_list":{"0":"post-30982","1":"product","2":"type-product","3":"status-publish","4":"has-post-thumbnail","6":"product_cat-6-6-haute-visibilite","7":"product_tag-gilet-hi-viz","8":"product_tag-multi-fonction-7ygmy-7ygmo","9":"yith_product_brand-coverguard-hiviz","11":"first","12":"instock","13":"shipping-taxable","14":"product-type-simple"},"_links":{"self":[{"href":"https:\/\/prosafedz.com\/fr\/wp-json\/wp\/v2\/product\/30982","targetHints":{"allow":["GET"]}}],"collection":[{"href":"https:\/\/prosafedz.com\/fr\/wp-json\/wp\/v2\/product"}],"about":[{"href":"https:\/\/prosafedz.com\/fr\/wp-json\/wp\/v2\/types\/product"}],"wp:featuredmedia":[{"embeddable":true,"href":"https:\/\/prosafedz.com\/fr\/wp-json\/wp\/v2\/media\/32711"}],"wp:attachment":[{"href":"https:\/\/prosafedz.com\/fr\/wp-json\/wp\/v2\/media?parent=30982"}],"wp:term":[{"taxonomy":"product_brand","embeddable":true,"href":"https:\/\/prosafedz.com\/fr\/wp-json\/wp\/v2\/product_brand?post=30982"},{"taxonomy":"product_cat","embeddable":true,"href":"https:\/\/prosafedz.com\/fr\/wp-json\/wp\/v2\/product_cat?post=30982"},{"taxonomy":"product_tag","embeddable":true,"href":"https:\/\/prosafedz.com\/fr\/wp-json\/wp\/v2\/product_tag?post=30982"}],"curies":[{"name":"wp","href":"https:\/\/api.w.org\/{rel}","templated":true}]}}