{"id":30977,"date":"2018-11-09T14:17:39","date_gmt":"2018-11-09T13:17:39","guid":{"rendered":"https:\/\/prosafedz.com\/?post_type=product&#038;p=30977"},"modified":"2024-09-17T09:48:16","modified_gmt":"2024-09-17T07:48:16","slug":"sellette-de-travail-71718","status":"publish","type":"product","link":"https:\/\/prosafedz.com\/fr\/produit\/sellette-de-travail-71718\/","title":{"rendered":"Sellette de Travail 71718"},"content":{"rendered":"<p><strong>AVANTAGES\u00a0<\/strong><b>SP\u00c9CIFIQUES<\/b><br \/>\n\u2022 1 boucle ajustable<br \/>\n\u2022 Livr\u00e9e avec 1 connecteur 71110<br \/>\n<strong>PRINCIPAUX DOMAINES D\u2019UTILISATION<\/strong><br \/>\n\u2022 Travaux en hauteur en combinaison avec un syst\u00e8me d\u2019arr\u00eat des chutes ou de maintien au travail<br \/>\n\u2022 B\u00e2timent et travaux publics<br \/>\n\u2022 R\u00e9sistance dynamique : charge maximal 100 Kg<br \/>\n\u2022 L\u2019attache entre cette chaise et tout autre \u00e9quipement ou point d\u2019ancrage doit \u00eatre r\u00e9alis\u00e9 \u00e0 l\u2019aide de connecteurs certifi\u00e9s conformes \u00e0 la norme EN 362<br \/>\n<strong>CONDITIONNEMENT<\/strong><br \/>\n\u2022 Emballage individuel<\/p>\n","protected":false},"excerpt":{"rendered":"<p><span style=\"color: #ff0000;\"><strong>Sellette de Travail 71718<\/strong><\/span><br \/>\n<b>DESCRIPTIF G\u00c9N\u00c9RAL\u00a0ET\u00a0MATI\u00c8RES<\/b><br \/>\n\u2022 Sangle polyester<br \/>\n\u2022 Largeur sangle : 44 mm<br \/>\n\u2022 Longueur : environ 1.0 m<br \/>\n\u2022 R\u00e9sistance statique : &gt; 15KN<br \/>\n\u2022 1 boucle ajustable<br \/>\n\u2022 Poids : 2700 g (+\/-10%)<br \/>\n\u2022 R\u00e9sistance \u00e0 la rupture : minimum 23KN<\/p>\n<p><a href=\"https:\/\/prosafedz.com\/fr\/wp-content\/uploads\/2018\/11\/71718K-fr-exp.pdf\" target=\"_blank\" rel=\"noopener noreferrer\"><button style=\"background-color: #90a96b; font-seize: 20px;\"><strong>T\u00e9l\u00e9charger La Fiche Technique<\/strong><\/button><\/a><\/p>\n","protected":false},"featured_media":32628,"template":"","meta":[],"product_brand":[],"product_cat":[868],"product_tag":[921],"class_list":{"0":"post-30977","1":"product","2":"type-product","3":"status-publish","4":"has-post-thumbnail","6":"product_cat-8-8-accessoires","7":"product_tag-sellette-de-travail-71718","8":"yith_product_brand-top-lock","10":"first","11":"instock","12":"shipping-taxable","13":"product-type-simple"},"_links":{"self":[{"href":"https:\/\/prosafedz.com\/fr\/wp-json\/wp\/v2\/product\/30977","targetHints":{"allow":["GET"]}}],"collection":[{"href":"https:\/\/prosafedz.com\/fr\/wp-json\/wp\/v2\/product"}],"about":[{"href":"https:\/\/prosafedz.com\/fr\/wp-json\/wp\/v2\/types\/product"}],"wp:featuredmedia":[{"embeddable":true,"href":"https:\/\/prosafedz.com\/fr\/wp-json\/wp\/v2\/media\/32628"}],"wp:attachment":[{"href":"https:\/\/prosafedz.com\/fr\/wp-json\/wp\/v2\/media?parent=30977"}],"wp:term":[{"taxonomy":"product_brand","embeddable":true,"href":"https:\/\/prosafedz.com\/fr\/wp-json\/wp\/v2\/product_brand?post=30977"},{"taxonomy":"product_cat","embeddable":true,"href":"https:\/\/prosafedz.com\/fr\/wp-json\/wp\/v2\/product_cat?post=30977"},{"taxonomy":"product_tag","embeddable":true,"href":"https:\/\/prosafedz.com\/fr\/wp-json\/wp\/v2\/product_tag?post=30977"}],"curies":[{"name":"wp","href":"https:\/\/api.w.org\/{rel}","templated":true}]}}