{"id":30963,"date":"2018-11-09T13:24:42","date_gmt":"2018-11-09T12:24:42","guid":{"rendered":"https:\/\/prosafedz.com\/?post_type=product&#038;p=30963"},"modified":"2024-09-17T09:49:19","modified_gmt":"2024-09-17T07:49:19","slug":"treuil-71714","status":"publish","type":"product","link":"https:\/\/prosafedz.com\/fr\/produit\/treuil-71714\/","title":{"rendered":"Treuil 71714"},"content":{"rendered":"<p><strong>AVANTAGES SP\u00c9CIFIQUES<\/strong><br \/>\n\u2022 Livr\u00e9 avec 1 connecteur 71110<br \/>\n\u2022 Livr\u00e9 avec cl\u00e9s et boulons n\u00e9cessaires au montage<br \/>\n<strong>PRINCIPAUX DOMAINES D\u2019UTILISATION<\/strong><br \/>\n\u2022 Treuil de secours pour relever ou descendre du mat\u00e9riel ou une personne<br \/>\n\u2022 Ce treuil NE SERT PAS aux arr\u00eats des chutes<br \/>\n\u2022 B\u00e2timent et travaux publics<br \/>\n\u2022 R\u00e9sistance dynamique : charge maximal 125 Kg<br \/>\n<strong>CONDITIONNEMENT<\/strong><br \/>\n\u2022 Emballage individuel<br \/>\n\u2022 Carton de 1 treuil<\/p>\n","protected":false},"excerpt":{"rendered":"<p><span style=\"color: #ff0000;\"><strong>Treuil 71714<\/strong><\/span><br \/>\n<strong>DESCRIPTIF G\u00c9N\u00c9RAL ET MATI\u00c8RES<\/strong><br \/>\n\u2022 Corps et poign\u00e9e en acier galvanis\u00e9<br \/>\n\u2022 Couvertures en ABS<br \/>\n\u2022 C\u00e2ble acier galvanis\u00e9<br \/>\n\u2022 \u00d8 c\u00e2ble : 5.0 mm<br \/>\n\u2022 Longueur c\u00e2ble : 20 m\u00e8tres<br \/>\n\u2022 Poids : 7.5 kg (+\/-10%)<br \/>\n\u2022 Plaque de montage avec 4 boulons<br \/>\nadapt\u00e9e au tr\u00e9pied 71710<br \/>\n\u2022 R\u00e9sistance statique : 12.5 KN<\/p>\n<p><a href=\"https:\/\/prosafedz.com\/fr\/wp-content\/uploads\/2018\/11\/71714K-fr-exp.pdf\" target=\"_blank\" rel=\"noopener noreferrer\"><button style=\"background-color: #90a96b; font-seize: 20px;\"><strong>T\u00e9l\u00e9charger La Fiche Technique<\/strong><\/button><\/a><\/p>\n","protected":false},"featured_media":32621,"template":"","meta":[],"product_brand":[],"product_cat":[853],"product_tag":[918],"class_list":{"0":"post-30963","1":"product","2":"type-product","3":"status-publish","4":"has-post-thumbnail","6":"product_cat-8-9-antichute-de-rappel-automatique","7":"product_tag-treuil-71714","8":"yith_product_brand-top-lock","10":"first","11":"instock","12":"shipping-taxable","13":"product-type-simple"},"_links":{"self":[{"href":"https:\/\/prosafedz.com\/fr\/wp-json\/wp\/v2\/product\/30963","targetHints":{"allow":["GET"]}}],"collection":[{"href":"https:\/\/prosafedz.com\/fr\/wp-json\/wp\/v2\/product"}],"about":[{"href":"https:\/\/prosafedz.com\/fr\/wp-json\/wp\/v2\/types\/product"}],"wp:featuredmedia":[{"embeddable":true,"href":"https:\/\/prosafedz.com\/fr\/wp-json\/wp\/v2\/media\/32621"}],"wp:attachment":[{"href":"https:\/\/prosafedz.com\/fr\/wp-json\/wp\/v2\/media?parent=30963"}],"wp:term":[{"taxonomy":"product_brand","embeddable":true,"href":"https:\/\/prosafedz.com\/fr\/wp-json\/wp\/v2\/product_brand?post=30963"},{"taxonomy":"product_cat","embeddable":true,"href":"https:\/\/prosafedz.com\/fr\/wp-json\/wp\/v2\/product_cat?post=30963"},{"taxonomy":"product_tag","embeddable":true,"href":"https:\/\/prosafedz.com\/fr\/wp-json\/wp\/v2\/product_tag?post=30963"}],"curies":[{"name":"wp","href":"https:\/\/api.w.org\/{rel}","templated":true}]}}