{"id":30853,"date":"2018-11-07T15:08:25","date_gmt":"2018-11-07T14:08:25","guid":{"rendered":"https:\/\/prosafedz.com\/?post_type=product&#038;p=30853"},"modified":"2024-09-15T09:54:44","modified_gmt":"2024-09-15T07:54:44","slug":"genouilleres-monoblocs-1-paire-8knee","status":"publish","type":"product","link":"https:\/\/prosafedz.com\/fr\/produit\/genouilleres-monoblocs-1-paire-8knee\/","title":{"rendered":"Genouill\u00e8res monoblocs (1 paire) 8KNEE"},"content":{"rendered":"<p><strong>AVANTAGES SP\u00c9CIFIQUES<\/strong><br \/>\n\u2022 Prot\u00e8gent les genoux, mais ne peut pas garantir que les travailleurs ne souffriront pas de complications m\u00e9dicales s\u2019ils doivent rester agenouill\u00e9s pendant de longues p\u00e9riodes<br \/>\n\u2022 Se glisse \u00e0 l\u2019int\u00e9rieur d\u2019une poche pr\u00e9vu \u00e0 cet effet sur les gammes de v\u00eatements de travail Coverguard<br \/>\n<strong>PRINCIPAUX DOMAINES D\u2019UTILISATION<\/strong><br \/>\n\u2022 Travaux \u00e0 genoux sur des sols plats<br \/>\n\u2022 Ne pas utiliser dans des conditions difficiles (telles que les roches bris\u00e9es)<br \/>\n<strong>CONDITIONNEMENT<\/strong><br \/>\n\u2022 Lot de 5 paires<br \/>\n\u2022 Carton de 20 paires (4 x 5 paires)<br \/>\n<strong>NORMALISATION<\/strong><br \/>\nCet article est conforme au mod\u00e8le de l\u2019\u00e9quipement de protection individuelle ayant fait l\u2019objet de<br \/>\nL\u2019attestation CE de type 6296 Issue 3<br \/>\nD\u00e9livr\u00e9e par SATRA (organisme n\u00b0 0321)<br \/>\nEN14404:2004+A1:2010<br \/>\nTYPE 2<br \/>\nNiveau 0<\/p>\n","protected":false},"excerpt":{"rendered":"<p><span style=\"color: #ff0000;\"><strong>Genouill\u00e8res monoblocs (1 paire) 8KNEE<\/strong><\/span><br \/>\n<strong>DESCRIPTIF G\u00c9N\u00c9RAL ET MATI\u00c8RES<\/strong><br \/>\n\u2022 Genouill\u00e8res monoblocs Poly\u00e9thyl\u00e8ne<br \/>\n\u2022 17 cm X 28 cm<br \/>\n\u2022 \u00e9paisseur 1.5 cm<\/p>\n<p><a href=\"https:\/\/prosafedz.com\/fr\/wp-content\/uploads\/2018\/11\/8KNEE-fr-exp.pdf\n\" target=\"_blank\" rel=\"noopener noreferrer\"><button style=\"background-color: #90a96b; font-seize: 20px;\"><strong>T\u00e9l\u00e9charger La Fiche Technique<\/strong><\/button><\/a><\/p>\n","protected":false},"featured_media":32781,"template":"","meta":[],"product_brand":[],"product_cat":[772],"product_tag":[906],"class_list":{"0":"post-30853","1":"product","2":"type-product","3":"status-publish","4":"has-post-thumbnail","6":"product_cat-6-10-accessoire","7":"product_tag-genouilleres-monoblocs-1-paire-8knee","8":"yith_product_brand-coverguard-workwear","10":"first","11":"instock","12":"shipping-taxable","13":"product-type-simple"},"_links":{"self":[{"href":"https:\/\/prosafedz.com\/fr\/wp-json\/wp\/v2\/product\/30853","targetHints":{"allow":["GET"]}}],"collection":[{"href":"https:\/\/prosafedz.com\/fr\/wp-json\/wp\/v2\/product"}],"about":[{"href":"https:\/\/prosafedz.com\/fr\/wp-json\/wp\/v2\/types\/product"}],"wp:featuredmedia":[{"embeddable":true,"href":"https:\/\/prosafedz.com\/fr\/wp-json\/wp\/v2\/media\/32781"}],"wp:attachment":[{"href":"https:\/\/prosafedz.com\/fr\/wp-json\/wp\/v2\/media?parent=30853"}],"wp:term":[{"taxonomy":"product_brand","embeddable":true,"href":"https:\/\/prosafedz.com\/fr\/wp-json\/wp\/v2\/product_brand?post=30853"},{"taxonomy":"product_cat","embeddable":true,"href":"https:\/\/prosafedz.com\/fr\/wp-json\/wp\/v2\/product_cat?post=30853"},{"taxonomy":"product_tag","embeddable":true,"href":"https:\/\/prosafedz.com\/fr\/wp-json\/wp\/v2\/product_tag?post=30853"}],"curies":[{"name":"wp","href":"https:\/\/api.w.org\/{rel}","templated":true}]}}