{"id":30777,"date":"2018-11-06T18:04:31","date_gmt":"2018-11-06T17:04:31","guid":{"rendered":"https:\/\/prosafedz.com\/?post_type=product&#038;p=30777"},"modified":"2024-09-17T09:50:00","modified_gmt":"2024-09-17T07:50:00","slug":"ligne-de-vie-horizontale-provisoire-71750","status":"publish","type":"product","link":"https:\/\/prosafedz.com\/fr\/produit\/ligne-de-vie-horizontale-provisoire-71750\/","title":{"rendered":"LIGNE DE VIE HORIZONTALE PROVISOIRE 71750"},"content":{"rendered":"<p><strong>AVANTAGES\u00a0<\/strong><b>SP\u00c9CIFIQUES<\/b><br \/>\n\u2022 2 boucles renforc\u00e9es par coutures<br \/>\n\u2022 Livr\u00e9e avec 2 connecteurs 71111<br \/>\n<strong>PRINCIPAUX DOMAINES D\u2019UTILISATION<\/strong><br \/>\n\u2022 Travaux en hauteur en combinaison avec un syst\u00e8me d\u2019arr\u00eat des chutes ou de maintien au travail<br \/>\n\u2022 Peut servir \u00e0 2 personnes max.<br \/>\n\u2022 S\u2019utilise \u00e0 l\u2019horizontal uniquement<br \/>\n\u2022 B\u00e2timent et travaux publics<br \/>\n\u2022 R\u00e9sistance dynamique : charge maximal 100 Kg<br \/>\n\u2022 L\u2019attache entre cette sangle et tout autre \u00e9quipement ou point d\u2019ancrage doit \u00eatre r\u00e9alis\u00e9 \u00e0 l\u2019aide de connecteurs certifi\u00e9s conformes \u00e0 la norme EN 362<br \/>\n<strong>CONDITIONNEMENT<\/strong><br \/>\n\u2022 Emballage individuel sac noir<br \/>\n\u2022 Carton de 5 lignes de vie<br \/>\n<strong>NORMALISATION<\/strong><br \/>\nCette ligne de vie est conforme au mod\u00e8le de l\u2019\u00e9quipement de protection individuelle ayant fait l\u2019objet de<br \/>\nL\u2019attestation<strong> CE de type 3559 Issue 1 Extension 3<\/strong><br \/>\n<strong>D\u00e9livr\u00e9e par SATRA (organisme n\u00b0 0321)<\/strong><\/p>\n","protected":false},"excerpt":{"rendered":"<p><span style=\"color: #ff0000;\"><strong>LIGNE DE VIE HORIZONTALE PROVISOIRE 71750<\/strong><\/span><br \/>\n<b>DESCRIPTIF G\u00c9N\u00c9RAL\u00a0ET\u00a0MATI\u00c8RES<\/b><br \/>\n\u2022 Sangle en polyester rouge tiss\u00e9<br \/>\n\u2022 Largeur : 30 mm<br \/>\n\u2022 Longueur utilisable de 3.0 m \u00e0 20.0 m<br \/>\n\u2022 R\u00e9sistance statique : &gt; 11KN<br \/>\n\u2022 Equip\u00e9e d\u2019un tensionneur \u00e0 cliquets<br \/>\n\u2022 Poids : 3450 g (+\/-10g)<br \/>\n\u2022 R\u00e9sistance \u00e0 la rupture : minimum 25KN<\/p>\n<p><a href=\"https:\/\/prosafedz.com\/fr\/wp-content\/uploads\/2018\/11\/uis-71750-v-20200921.pdf\" target=\"_blank\" rel=\"noopener noreferrer\"><button style=\"background-color: #90a96b; font-seize: 20px;\"><strong>T\u00e9l\u00e9charger La Fiche Technique<\/strong><\/button><\/a><\/p>\n","protected":false},"featured_media":32625,"template":"","meta":[],"product_brand":[],"product_cat":[865],"product_tag":[864],"class_list":{"0":"post-30777","1":"product","2":"type-product","3":"status-publish","4":"has-post-thumbnail","6":"product_cat-8-7-ligne-de-vie","7":"product_tag-ligne-de-vie-horizontale-provisoire-71750","8":"yith_product_brand-top-lock","10":"first","11":"instock","12":"shipping-taxable","13":"product-type-simple"},"_links":{"self":[{"href":"https:\/\/prosafedz.com\/fr\/wp-json\/wp\/v2\/product\/30777","targetHints":{"allow":["GET"]}}],"collection":[{"href":"https:\/\/prosafedz.com\/fr\/wp-json\/wp\/v2\/product"}],"about":[{"href":"https:\/\/prosafedz.com\/fr\/wp-json\/wp\/v2\/types\/product"}],"wp:featuredmedia":[{"embeddable":true,"href":"https:\/\/prosafedz.com\/fr\/wp-json\/wp\/v2\/media\/32625"}],"wp:attachment":[{"href":"https:\/\/prosafedz.com\/fr\/wp-json\/wp\/v2\/media?parent=30777"}],"wp:term":[{"taxonomy":"product_brand","embeddable":true,"href":"https:\/\/prosafedz.com\/fr\/wp-json\/wp\/v2\/product_brand?post=30777"},{"taxonomy":"product_cat","embeddable":true,"href":"https:\/\/prosafedz.com\/fr\/wp-json\/wp\/v2\/product_cat?post=30777"},{"taxonomy":"product_tag","embeddable":true,"href":"https:\/\/prosafedz.com\/fr\/wp-json\/wp\/v2\/product_tag?post=30777"}],"curies":[{"name":"wp","href":"https:\/\/api.w.org\/{rel}","templated":true}]}}