{"id":30771,"date":"2018-11-06T17:57:44","date_gmt":"2018-11-06T16:57:44","guid":{"rendered":"https:\/\/prosafedz.com\/?post_type=product&#038;p=30771"},"modified":"2024-09-17T09:52:37","modified_gmt":"2024-09-17T07:52:37","slug":"lampe-de-poche-atex-led-120-lm-71900","status":"publish","type":"product","link":"https:\/\/prosafedz.com\/fr\/produit\/lampe-de-poche-atex-led-120-lm-71900\/","title":{"rendered":"Lampe de poche ATEX LED 120 lm 71900"},"content":{"rendered":"<p><strong>Packaging &amp; Stockage<\/strong><br \/>\n1 pi\u00e8ce par packaging<br \/>\n12 packaging par bo\u00eete<br \/>\n4 bo\u00eetes par carton<br \/>\n48 pi\u00e8ces dans 1 carton<br \/>\n<strong>Toujours transporter et stocker l\u2019article dans son emballage d\u2019origine. Stocker dans un endroit sec, \u00e0 l\u2019abri des rayons direct du soleil<\/strong><br \/>\n<strong>Avantages sp\u00e9cifiques<\/strong><br \/>\nR\u00e9sistant \u00e0 l\u2019eau<br \/>\nR\u00e9sistant aux chocs<br \/>\nPrise adh\u00e9rente<br \/>\nCouleur jaune haute-visibilit\u00e9<br \/>\nLED haute puissance<br \/>\nUtilisable en atmosph\u00e8re explosible<br \/>\n<strong>Normalisation<\/strong><br \/>\nCet article a \u00e9t\u00e9 certifi\u00e9 selon les normes applicable mentionn\u00e9es dans :<br \/>\n<strong>Le certificat CE de type n\u00b0DEMKO 13 ATEX 1302999X(Rev. 0)<\/strong><br \/>\n<strong>D\u00e9livr\u00e9 par UL (organisme notifi\u00e9 n\u00b00539)<\/strong><br \/>\n<strong>Le certificat IECExn\u00b0IECExUL 13.0013X (Issue 0)<\/strong><br \/>\n<strong>D\u00e9livr\u00e9 par UL LLC<\/strong><\/p>\n","protected":false},"excerpt":{"rendered":"<p><span style=\"color: #ff0000;\"><strong>Lampe de poche ATEX LED 120 lm 71900<\/strong><\/span><br \/>\n<strong>Description G\u00e9n\u00e9rale<\/strong><br \/>\nPiles : 4xAA (LR6)<br \/>\nSource lumineuse : CreeXP-E LED<br \/>\nPuissance : 31 lm (Tamis\u00e9)\u00a0120 lm (Lumineux)<br \/>\nLongueur Faisceau : 85 m (Tamis\u00e9) 172 m\u00a0(Lumineux)<br \/>\nDur\u00e9e d\u2019utilisation : 69 hrs10 mins\u00a0(Tamis\u00e9) 6 hrs\u00a0(Lumineux)<br \/>\nNote IP : IP67<br \/>\nPoids : 115 g<br \/>\nDimension : 174 x 47 x 47mm<\/p>\n<p><a href=\"https:\/\/prosafedz.com\/fr\/wp-content\/uploads\/2018\/11\/FT-71900-WEP-20150130.pdf\" target=\"_blank\" rel=\"noopener noreferrer\"><button style=\"background-color: #90a96b; font-seize: 20px;\"><strong>T\u00e9l\u00e9charger La Fiche Technique<\/strong><\/button><\/a><\/p>\n","protected":false},"featured_media":32623,"template":"","meta":[],"product_brand":[],"product_cat":[862],"product_tag":[861],"class_list":{"0":"post-30771","1":"product","2":"type-product","3":"status-publish","4":"has-post-thumbnail","6":"product_cat-8-6-lampes-de-poche","7":"product_tag-lampe-de-poche-atex-led-120-lm-71900","8":"yith_product_brand-coverguard-xpert","10":"first","11":"instock","12":"shipping-taxable","13":"product-type-simple"},"_links":{"self":[{"href":"https:\/\/prosafedz.com\/fr\/wp-json\/wp\/v2\/product\/30771","targetHints":{"allow":["GET"]}}],"collection":[{"href":"https:\/\/prosafedz.com\/fr\/wp-json\/wp\/v2\/product"}],"about":[{"href":"https:\/\/prosafedz.com\/fr\/wp-json\/wp\/v2\/types\/product"}],"wp:featuredmedia":[{"embeddable":true,"href":"https:\/\/prosafedz.com\/fr\/wp-json\/wp\/v2\/media\/32623"}],"wp:attachment":[{"href":"https:\/\/prosafedz.com\/fr\/wp-json\/wp\/v2\/media?parent=30771"}],"wp:term":[{"taxonomy":"product_brand","embeddable":true,"href":"https:\/\/prosafedz.com\/fr\/wp-json\/wp\/v2\/product_brand?post=30771"},{"taxonomy":"product_cat","embeddable":true,"href":"https:\/\/prosafedz.com\/fr\/wp-json\/wp\/v2\/product_cat?post=30771"},{"taxonomy":"product_tag","embeddable":true,"href":"https:\/\/prosafedz.com\/fr\/wp-json\/wp\/v2\/product_tag?post=30771"}],"curies":[{"name":"wp","href":"https:\/\/api.w.org\/{rel}","templated":true}]}}