{"id":30768,"date":"2018-11-06T17:39:21","date_gmt":"2018-11-06T16:39:21","guid":{"rendered":"https:\/\/prosafedz.com\/?post_type=product&#038;p=30768"},"modified":"2024-09-17T09:53:37","modified_gmt":"2024-09-17T07:53:37","slug":"trepied-71710-2","status":"publish","type":"product","link":"https:\/\/prosafedz.com\/fr\/produit\/trepied-71710-2\/","title":{"rendered":"Tr\u00e9pied 71710"},"content":{"rendered":"<p><strong>AVANTAGES SP\u00c9CIFIQUES<\/strong><br \/>\n\u2022 1 points d\u2019attache<br \/>\n\u2022 utilisation possible du treuil 71714<br \/>\nVis \u00e0 \u0153illets pour fixer les \u00e9quipements de protection individuels<br \/>\n<strong>PRINCIPAUX DOMAINES D\u2019UTILISATION<\/strong><br \/>\n\u2022 Travaux en hauteur en combinaison avec un syst\u00e8me d\u2019arr\u00eat des chutes ou de maintien au travail<br \/>\n\u2022 L\u2019attache entre ce tr\u00e9pied et tout autre \u00e9quipement ou point d\u2019ancrage doit \u00eatre r\u00e9alis\u00e9 \u00e0 l\u2019aide de connecteurs certifi\u00e9s conformes \u00e0 la norme EN 362<br \/>\n\u2022 B\u00e2timent et travaux publics<br \/>\n\u2022 R\u00e9sistance dynamique : charge maximal 100 Kg<br \/>\n<strong>CONDITIONNEMENT<\/strong><br \/>\n\u2022 Emballage individuel<br \/>\n\u2022 Carton de 1 tr\u00e9pied<br \/>\n<strong>NORMALISATION<\/strong><br \/>\nCe tr\u00e9pied est conforme au mod\u00e8le de l\u2019\u00e9quipement de protection individuelle ayant fait l\u2019objet de<br \/>\nL\u2019attestation <strong>CE de type 2129 Issue 1 Extension 5<\/strong><br \/>\n<strong>D\u00e9livr\u00e9e par SATRA (organisme n\u00b0 0321)<\/strong><\/p>\n","protected":false},"excerpt":{"rendered":"<p><span style=\"color: #ff0000;\"><strong>Tr\u00e9pied 71710<\/strong><\/span><br \/>\n<strong>DESCRIPTIF G\u00c9N\u00c9RAL ET MATI\u00c8RES<\/strong><br \/>\n\u2022 Taille ajustable: de 1.35m \u00e0 2.15m (pieds<br \/>\nt\u00e9l\u00e9scopiques)<br \/>\n\u2022 Qd taille minimum: distance entre pied:<br \/>\n0.8m<br \/>\n\u2022 Qd taille maximum: distance entre pieds:<br \/>\n1.5m<br \/>\n\u2022Poids : 12,150 kg (+\/-10%)<br \/>\n\u2022 Vis \u00e0 oeillets pour fixer les \u00e9quipements<br \/>\nde protection individuels<\/p>\n<p><a href=\"https:\/\/prosafedz.com\/fr\/wp-content\/uploads\/2018\/11\/71710K-fr-exp.pdf\" target=\"_blank\" rel=\"noopener noreferrer\"><button style=\"background-color: #90a96b; font-seize: 20px;\"><strong>T\u00e9l\u00e9charger La Fiche Technique<\/strong><\/button><\/a><\/p>\n","protected":false},"featured_media":32619,"template":"","meta":[],"product_brand":[],"product_cat":[853],"product_tag":[860],"class_list":{"0":"post-30768","1":"product","2":"type-product","3":"status-publish","4":"has-post-thumbnail","6":"product_cat-8-9-antichute-de-rappel-automatique","7":"product_tag-trepied-71710","8":"yith_product_brand-top-lock","10":"first","11":"instock","12":"shipping-taxable","13":"product-type-simple"},"_links":{"self":[{"href":"https:\/\/prosafedz.com\/fr\/wp-json\/wp\/v2\/product\/30768","targetHints":{"allow":["GET"]}}],"collection":[{"href":"https:\/\/prosafedz.com\/fr\/wp-json\/wp\/v2\/product"}],"about":[{"href":"https:\/\/prosafedz.com\/fr\/wp-json\/wp\/v2\/types\/product"}],"wp:featuredmedia":[{"embeddable":true,"href":"https:\/\/prosafedz.com\/fr\/wp-json\/wp\/v2\/media\/32619"}],"wp:attachment":[{"href":"https:\/\/prosafedz.com\/fr\/wp-json\/wp\/v2\/media?parent=30768"}],"wp:term":[{"taxonomy":"product_brand","embeddable":true,"href":"https:\/\/prosafedz.com\/fr\/wp-json\/wp\/v2\/product_brand?post=30768"},{"taxonomy":"product_cat","embeddable":true,"href":"https:\/\/prosafedz.com\/fr\/wp-json\/wp\/v2\/product_cat?post=30768"},{"taxonomy":"product_tag","embeddable":true,"href":"https:\/\/prosafedz.com\/fr\/wp-json\/wp\/v2\/product_tag?post=30768"}],"curies":[{"name":"wp","href":"https:\/\/api.w.org\/{rel}","templated":true}]}}