{"id":30764,"date":"2018-11-06T17:37:27","date_gmt":"2018-11-06T16:37:27","guid":{"rendered":"https:\/\/prosafedz.com\/?post_type=product&#038;p=30764"},"modified":"2024-09-17T09:54:46","modified_gmt":"2024-09-17T07:54:46","slug":"antichute-a-rappel-automatique-12m-01-crochet-71492","status":"publish","type":"product","link":"https:\/\/prosafedz.com\/fr\/produit\/antichute-a-rappel-automatique-12m-01-crochet-71492\/","title":{"rendered":"Antichute \u00e0 rappel Automatique 12m + 01 Crochet 71492"},"content":{"rendered":"<p><strong>AVANTAGES SP\u00c9CIFIQUES<\/strong><br \/>\n\u2022 Rappel automatique<br \/>\n\u2022 anneau d\u2019attache pivotant<br \/>\n\u2022 Livr\u00e9 avec 1 crochet<br \/>\n\u2022 Poids faible<br \/>\n<strong>PRINCIPAUX DOMAINES D\u2019UTILISATION<\/strong><br \/>\n\u2022 Travaux en hauteur<br \/>\n\u2022 B\u00e2timent et travaux publics<br \/>\n<strong>CONDITIONNEMENT<\/strong><br \/>\n\u2022 Emballage individuel<br \/>\n<strong>NORMALISATION<\/strong><br \/>\nCet antichute est conforme au mod\u00e8le de l\u2019\u00e9quipement de protection individuelle ayant fait l\u2019objet de<br \/>\nL\u2019attestation <strong>CE de type 4023 Issue 6 Ext 7<\/strong><br \/>\n<strong>D\u00e9livr\u00e9e par SATRA (organisme n\u00b0 0321)<\/strong><\/p>\n","protected":false},"excerpt":{"rendered":"<p><span style=\"color: #ff0000;\"><strong>Antichute \u00e0 rappel Automatique 12m + 01 Crochet 71492<\/strong><\/span><br \/>\n<strong>DESCRIPTIF G\u00c9N\u00c9RAL ET MATI\u00c8RES<\/strong><br \/>\n\u2022 Antichute \u00e0 rappel automatique<br \/>\n\u2022 Sangle en polyester, largeur 25mm<br \/>\n\u2022 Bo\u00eetier en plastique<br \/>\n\u2022 Longueur max. : 12 m\u00e8tres<br \/>\n\u2022 Poids : 5,85 Kg<\/p>\n<p><a href=\"https:\/\/prosafedz.com\/fr\/wp-content\/uploads\/2018\/11\/71492K-fr-exp.pdf\" target=\"_blank\" rel=\"noopener noreferrer\"><button style=\"background-color: #90a96b; font-seize: 20px;\"><strong>T\u00e9l\u00e9charger La Fiche Technique<\/strong><\/button><\/a><\/p>\n","protected":false},"featured_media":32618,"template":"","meta":[],"product_brand":[],"product_cat":[853],"product_tag":[859],"class_list":{"0":"post-30764","1":"product","2":"type-product","3":"status-publish","4":"has-post-thumbnail","6":"product_cat-8-9-antichute-de-rappel-automatique","7":"product_tag-antichute-a-rappel-automatique-12m-01-crochet-71492","8":"yith_product_brand-top-lock","10":"first","11":"instock","12":"shipping-taxable","13":"product-type-simple"},"_links":{"self":[{"href":"https:\/\/prosafedz.com\/fr\/wp-json\/wp\/v2\/product\/30764","targetHints":{"allow":["GET"]}}],"collection":[{"href":"https:\/\/prosafedz.com\/fr\/wp-json\/wp\/v2\/product"}],"about":[{"href":"https:\/\/prosafedz.com\/fr\/wp-json\/wp\/v2\/types\/product"}],"wp:featuredmedia":[{"embeddable":true,"href":"https:\/\/prosafedz.com\/fr\/wp-json\/wp\/v2\/media\/32618"}],"wp:attachment":[{"href":"https:\/\/prosafedz.com\/fr\/wp-json\/wp\/v2\/media?parent=30764"}],"wp:term":[{"taxonomy":"product_brand","embeddable":true,"href":"https:\/\/prosafedz.com\/fr\/wp-json\/wp\/v2\/product_brand?post=30764"},{"taxonomy":"product_cat","embeddable":true,"href":"https:\/\/prosafedz.com\/fr\/wp-json\/wp\/v2\/product_cat?post=30764"},{"taxonomy":"product_tag","embeddable":true,"href":"https:\/\/prosafedz.com\/fr\/wp-json\/wp\/v2\/product_tag?post=30764"}],"curies":[{"name":"wp","href":"https:\/\/api.w.org\/{rel}","templated":true}]}}