{"id":30760,"date":"2018-11-06T17:35:17","date_gmt":"2018-11-06T16:35:17","guid":{"rendered":"https:\/\/prosafedz.com\/?post_type=product&#038;p=30760"},"modified":"2024-09-17T09:55:30","modified_gmt":"2024-09-17T07:55:30","slug":"antichute-a-rappel-auto-cable-acier-10-m1-crochet-71480","status":"publish","type":"product","link":"https:\/\/prosafedz.com\/fr\/produit\/antichute-a-rappel-auto-cable-acier-10-m1-crochet-71480\/","title":{"rendered":"Antichute \u00e0 rappel auto, c\u00e2ble acier 10 m+1 crochet 71480"},"content":{"rendered":"<p><strong>AVANTAGES SP\u00c9CIFIQUES<\/strong><br \/>\n\u2022 Rappel automatique<br \/>\n\u2022 anneau d\u2019attache pivotant<br \/>\n\u2022 Livr\u00e9 avec 1 crochet 71121<br \/>\n\u2022 Force statique 13KN pendant 3 min<br \/>\n<strong>PRINCIPAUX DOMAINES D\u2019UTILISATION<\/strong><br \/>\n\u2022 Travaux en hauteur<br \/>\n\u2022 B\u00e2timent et travaux publics<br \/>\n<strong>CONDITIONNEMENT<\/strong><br \/>\n\u2022 Emballage individuel<br \/>\n<strong>NORMALISATION<\/strong><br \/>\nCet antichute est conforme au mod\u00e8le de l\u2019\u00e9quipement de protection individuelle ayant fait l\u2019objet de<br \/>\nL\u2019attestation <strong>CE de type 3541 Issue 7 Ext 6<\/strong><br \/>\n<strong>D\u00e9livr\u00e9e par SATRA (organisme n\u00b0 0321)<\/strong><\/p>\n","protected":false},"excerpt":{"rendered":"<p><span style=\"color: #ff0000;\"><strong>Antichute \u00e0 rappel auto, c\u00e2ble acier 10 m+1 crochet 71480<\/strong><\/span><br \/>\n<strong>DESCRIPTIF G\u00c9N\u00c9RAL ET MATI\u00c8RES<\/strong><br \/>\n\u2022 Antichute \u00e0 rappel automatique<br \/>\n\u2022 C\u00e2ble en acier galvanis\u00e9 diam\u00e8tre<br \/>\n4.5mm<br \/>\n\u2022 Longueur max. : 10 m\u00e8tres<br \/>\n\u2022 Poids : 6 kg (+\/-50 g)<br \/>\n<strong>Antichute avec une fonction de blocage automatique et un<\/strong><br \/>\n<strong>syst\u00e8me automatique de tension de rappel pour la longe. Un<\/strong><br \/>\n<strong>\u00e9l\u00e9ment de dissipation d\u2019\u00e9nergie peut \u00eatre int\u00e9gr\u00e9 \u00e0<\/strong><br \/>\n<strong>l\u2019antichute.<\/strong><\/p>\n<p><a href=\"https:\/\/prosafedz.com\/fr\/wp-content\/uploads\/2018\/11\/71480K-fr-exp.pdf\" target=\"_blank\" rel=\"noopener noreferrer\"><button style=\"background-color: #90a96b; font-seize: 20px;\"><strong>T\u00e9l\u00e9charger La Fiche Technique<\/strong><\/button><\/a><\/p>\n","protected":false},"featured_media":32616,"template":"","meta":[],"product_brand":[],"product_cat":[853],"product_tag":[855,857],"class_list":{"0":"post-30760","1":"product","2":"type-product","3":"status-publish","4":"has-post-thumbnail","6":"product_cat-8-9-antichute-de-rappel-automatique","7":"product_tag-antichute-a-rappel-auto","8":"product_tag-cable-acier-10-m1-crochet-71480","9":"yith_product_brand-top-lock","11":"first","12":"instock","13":"shipping-taxable","14":"product-type-simple"},"_links":{"self":[{"href":"https:\/\/prosafedz.com\/fr\/wp-json\/wp\/v2\/product\/30760","targetHints":{"allow":["GET"]}}],"collection":[{"href":"https:\/\/prosafedz.com\/fr\/wp-json\/wp\/v2\/product"}],"about":[{"href":"https:\/\/prosafedz.com\/fr\/wp-json\/wp\/v2\/types\/product"}],"wp:featuredmedia":[{"embeddable":true,"href":"https:\/\/prosafedz.com\/fr\/wp-json\/wp\/v2\/media\/32616"}],"wp:attachment":[{"href":"https:\/\/prosafedz.com\/fr\/wp-json\/wp\/v2\/media?parent=30760"}],"wp:term":[{"taxonomy":"product_brand","embeddable":true,"href":"https:\/\/prosafedz.com\/fr\/wp-json\/wp\/v2\/product_brand?post=30760"},{"taxonomy":"product_cat","embeddable":true,"href":"https:\/\/prosafedz.com\/fr\/wp-json\/wp\/v2\/product_cat?post=30760"},{"taxonomy":"product_tag","embeddable":true,"href":"https:\/\/prosafedz.com\/fr\/wp-json\/wp\/v2\/product_tag?post=30760"}],"curies":[{"name":"wp","href":"https:\/\/api.w.org\/{rel}","templated":true}]}}