{"id":30750,"date":"2018-11-06T17:07:08","date_gmt":"2018-11-06T16:07:08","guid":{"rendered":"https:\/\/prosafedz.com\/?post_type=product&#038;p=30750"},"modified":"2024-09-17T10:06:27","modified_gmt":"2024-09-17T08:06:27","slug":"absorbeur-denergie-avec-02-sangles-elastiques-71425","status":"publish","type":"product","link":"https:\/\/prosafedz.com\/fr\/produit\/absorbeur-denergie-avec-02-sangles-elastiques-71425\/","title":{"rendered":"Absorbeur d&rsquo;Energie avec 02 Sangles \u00e9lastiques 71425"},"content":{"rendered":"<p><strong>AVANTAGES SP\u00c9CIFIQUES<\/strong><br \/>\n\u2022 3 points d\u2019attache<br \/>\n\u2022 Livr\u00e9 avec 1 connecteur 71110 et 2 crochets 71160<br \/>\n<strong>PRINCIPAUX DOMAINES D\u2019UTILISATION<\/strong><br \/>\n\u2022 Travaux en hauteur en combinaison avec un syst\u00e8me d\u2019arr\u00eat des chutes ou de maintien au travail<br \/>\n\u2022 L\u2019attache entre cet absorbeur d\u2019\u00e9nergie avec sangle et tout autre \u00e9quipement ou point d\u2019ancrage doit \u00eatre r\u00e9alis\u00e9e \u00e0 l\u2019aide de connecteurs certifi\u00e9s conformes \u00e0 la norme EN 362<br \/>\n\u2022 B\u00e2timent et travaux publics<br \/>\n\u2022 R\u00e9sistance dynamique : charge maximal 100 Kg<br \/>\n<strong>CONDITIONNEMENT<\/strong><br \/>\n\u2022 Emballage individuel<br \/>\n\u2022 Carton de 10 absorbeurs d\u2019\u00e9nergie<br \/>\n<strong>NORMALISATION<\/strong><br \/>\nCette longe est conforme au mod\u00e8le de l\u2019\u00e9quipement de protection individuelle ayant fait l\u2019objet de<br \/>\nL\u2019attestation <strong>CE de type 4345 Issue 5 Extension 3<\/strong><br \/>\n<strong>D\u00e9livr\u00e9e par SATRA (organisme n\u00b0 0321)<\/strong><\/p>\n","protected":false},"excerpt":{"rendered":"<p><span style=\"color: #ff0000;\"><strong>Absorbeur d&rsquo;Energie avec 02 Sangles \u00e9lastiques 71425<\/strong><\/span><br \/>\n<strong>DESCRIPTIF G\u00c9N\u00c9RAL ET MATI\u00c8RES<\/strong><br \/>\n\u2022 Absorbeur d\u2019\u00e9nergie<br \/>\n\u2022 2 sangles polyamide \u00e9lastiques, largeur<br \/>\n44 mm<br \/>\n\u2022 Longueur totale \u00e9tir\u00e9e : 2.0 m<br \/>\n(1.5+0.3+2&#215;0.1 m)<br \/>\n\u2022 R\u00e9sistance statique : &gt; 15KN<br \/>\n\u2022 3 boucles textiles cousues sur sangles avec<br \/>\nrenfort plastique noir + renfort plastique noir<br \/>\nsur 2 boucles absorbeur d\u2019\u00e9nergie.<br \/>\n\u2022 Poids : 2000 g (+\/-10%)<br \/>\n\u2022 R\u00e9sistance \u00e0 la rupture : minimum 30KN<br \/>\n\u2022 Tirant d\u2019air n\u00e9cessaire: 6m<\/p>\n<p><a href=\"https:\/\/prosafedz.com\/fr\/wp-content\/uploads\/2018\/11\/71425K-fr-exp.pdf\" target=\"_blank\" rel=\"noopener noreferrer\"><button style=\"background-color: #90a96b; font-seize: 20px;\"><strong>T\u00e9l\u00e9charger La Fiche Technique<\/strong><\/button><\/a><\/p>\n","protected":false},"featured_media":32612,"template":"","meta":[],"product_brand":[],"product_cat":[846],"product_tag":[850],"class_list":{"0":"post-30750","1":"product","2":"type-product","3":"status-publish","4":"has-post-thumbnail","6":"product_cat-8-5-absorbeurs-denergie","7":"product_tag-absorbeur-denergie-avec-02-sangles-elastiques-71425","8":"yith_product_brand-top-lock","10":"first","11":"instock","12":"shipping-taxable","13":"product-type-simple"},"_links":{"self":[{"href":"https:\/\/prosafedz.com\/fr\/wp-json\/wp\/v2\/product\/30750","targetHints":{"allow":["GET"]}}],"collection":[{"href":"https:\/\/prosafedz.com\/fr\/wp-json\/wp\/v2\/product"}],"about":[{"href":"https:\/\/prosafedz.com\/fr\/wp-json\/wp\/v2\/types\/product"}],"wp:featuredmedia":[{"embeddable":true,"href":"https:\/\/prosafedz.com\/fr\/wp-json\/wp\/v2\/media\/32612"}],"wp:attachment":[{"href":"https:\/\/prosafedz.com\/fr\/wp-json\/wp\/v2\/media?parent=30750"}],"wp:term":[{"taxonomy":"product_brand","embeddable":true,"href":"https:\/\/prosafedz.com\/fr\/wp-json\/wp\/v2\/product_brand?post=30750"},{"taxonomy":"product_cat","embeddable":true,"href":"https:\/\/prosafedz.com\/fr\/wp-json\/wp\/v2\/product_cat?post=30750"},{"taxonomy":"product_tag","embeddable":true,"href":"https:\/\/prosafedz.com\/fr\/wp-json\/wp\/v2\/product_tag?post=30750"}],"curies":[{"name":"wp","href":"https:\/\/api.w.org\/{rel}","templated":true}]}}