{"id":30746,"date":"2018-11-06T17:05:02","date_gmt":"2018-11-06T16:05:02","guid":{"rendered":"https:\/\/prosafedz.com\/?post_type=product&#038;p=30746"},"modified":"2024-05-21T15:20:06","modified_gmt":"2024-05-21T13:20:06","slug":"absorbeur-denergie-avec-sangle-dattache-et-connecteur-71415","status":"publish","type":"product","link":"https:\/\/prosafedz.com\/fr\/produit\/absorbeur-denergie-avec-sangle-dattache-et-connecteur-71415\/","title":{"rendered":"Absorbeur d&rsquo;Energie avec Sangle d&rsquo;Attache et Connecteur 71415"},"content":{"rendered":"<p><strong>Packaging<\/strong><br \/>\n10 pi\u00e8ces dans 1 carton<br \/>\n<strong>Normes<\/strong><br \/>\nCet article est conforme au mod\u00e8le de l\u2019\u00e9quipement de protection individuelle ayant fait l\u2019objet de<br \/>\nL\u2019attestation <strong>CE de type n\u00b06174 (Issue 2) Extension 1<\/strong><br \/>\n<strong>D\u00e9livr\u00e9 par SATRA (organisme notifi\u00e9 n\u00b00321)<\/strong><\/p>\n","protected":false},"excerpt":{"rendered":"<p><span style=\"color: #ff0000;\"><strong>Absorbeur d&rsquo;Energie avec Sangle d&rsquo;Attache et Connecteur 71415<\/strong><\/span><br \/>\n<strong>Description G\u00e9n\u00e9rale \/ Mat\u00e9riaux<\/strong><br \/>\nLonge extensible avec absorbeur de choc int\u00e9gr\u00e9 : Sangles tubulaires avec cordon \u00e9lastique, cousu aux deux extr\u00e9mit\u00e9s<br \/>\nSangles : Tubulaires, 44mm -Polyester<br \/>\nCrochets : Mousqueton \u00e0 une extr\u00e9mit\u00e9 et crochet \u00e0 l\u2019autre<\/p>\n<p><a href=\"https:\/\/prosafedz.com\/fr\/wp-content\/uploads\/2018\/11\/71415-fr-exp.pdf\" target=\"_blank\" rel=\"noopener noreferrer\"><button style=\"background-color: #90a96b; font-seize: 20px;\"><strong>T\u00e9l\u00e9charger La Fiche Technique<\/strong><\/button><\/a><\/p>\n","protected":false},"featured_media":32610,"template":"","meta":[],"product_brand":[],"product_cat":[846],"product_tag":[847],"class_list":{"0":"post-30746","1":"product","2":"type-product","3":"status-publish","4":"has-post-thumbnail","6":"product_cat-8-5-absorbeurs-denergie","7":"product_tag-absorbeur-denergie-avec-sangle-dattache-et-connecteur-71415","8":"yith_product_brand-top-lock","10":"first","11":"instock","12":"shipping-taxable","13":"product-type-simple"},"_links":{"self":[{"href":"https:\/\/prosafedz.com\/fr\/wp-json\/wp\/v2\/product\/30746","targetHints":{"allow":["GET"]}}],"collection":[{"href":"https:\/\/prosafedz.com\/fr\/wp-json\/wp\/v2\/product"}],"about":[{"href":"https:\/\/prosafedz.com\/fr\/wp-json\/wp\/v2\/types\/product"}],"wp:featuredmedia":[{"embeddable":true,"href":"https:\/\/prosafedz.com\/fr\/wp-json\/wp\/v2\/media\/32610"}],"wp:attachment":[{"href":"https:\/\/prosafedz.com\/fr\/wp-json\/wp\/v2\/media?parent=30746"}],"wp:term":[{"taxonomy":"product_brand","embeddable":true,"href":"https:\/\/prosafedz.com\/fr\/wp-json\/wp\/v2\/product_brand?post=30746"},{"taxonomy":"product_cat","embeddable":true,"href":"https:\/\/prosafedz.com\/fr\/wp-json\/wp\/v2\/product_cat?post=30746"},{"taxonomy":"product_tag","embeddable":true,"href":"https:\/\/prosafedz.com\/fr\/wp-json\/wp\/v2\/product_tag?post=30746"}],"curies":[{"name":"wp","href":"https:\/\/api.w.org\/{rel}","templated":true}]}}