{"id":30741,"date":"2018-11-06T16:29:09","date_gmt":"2018-11-06T15:29:09","guid":{"rendered":"https:\/\/prosafedz.com\/?post_type=product&#038;p=30741"},"modified":"2024-09-17T10:07:58","modified_gmt":"2024-09-17T08:07:58","slug":"stop-chute-mobile-tresse-12mm-20m-71354","status":"publish","type":"product","link":"https:\/\/prosafedz.com\/fr\/produit\/stop-chute-mobile-tresse-12mm-20m-71354\/","title":{"rendered":"Stop chute mobile, tresse 12mm \/ 20m 71354"},"content":{"rendered":"<p><strong>AVANTAGES SP\u00c9CIFIQUES<\/strong><br \/>\n\u20221 connecteur<br \/>\n\u2022 Solidit\u00e9<br \/>\n\u2022 1 absorbeur d\u2019\u00e9nergie<br \/>\n<strong>PRINCIPAUX DOMAINES D\u2019UTILISATION<\/strong><br \/>\n\u2022 Travaux en hauteur en combinaison avec un syst\u00e8me de maintien au travail<br \/>\n\u2022L\u2019attache entre cette sangle et tout autre \u00e9quipement ou point d\u2019ancrage doit \u00eatre r\u00e9alis\u00e9e \u00e0 l\u2019aide de connecteurs certifi\u00e9s conformes \u00e0 la norme EN 362.<br \/>\n\u2022 B\u00e2timent et travaux publics<br \/>\n\u2022 L\u2019antichute se d\u00e9place le long de la corde lorsque l\u2019utilisateur grimpe ou descend et se bloque en cas de chute.<br \/>\n<strong>CONDITIONNEMENT<\/strong><br \/>\n\u2022 Emballage individuel<br \/>\n\u2022 Carton de 10 anti chutes avec corde 10 mts<br \/>\n\u2022 Carton de 5 anti chutes avec corde 20 mts<br \/>\n<strong>NORMALISATION<\/strong><br \/>\nCet antichute est conforme au mod\u00e8le de l\u2019\u00e9quipement de protection individuelle ayant fait l\u2019objet de<br \/>\nL\u2019attestation CE de type 4017 (Issue 1 Extension 1)<br \/>\nD\u00e9livr\u00e9e par SATRA (organisme n\u00b0 0321)<\/p>\n","protected":false},"excerpt":{"rendered":"<p><span style=\"color: #ff0000;\"><strong>Stop chute mobile, tresse 12mm \/ 20m 71354<\/strong><\/span><br \/>\n<strong>DESCRIPTIF G\u00c9N\u00c9RAL ET MATI\u00c8RES<\/strong><br \/>\n\u2022 Ensemble antichute mobile avec corde bourdonn\u00e9e + absorbeur d\u2019\u00e9nergie<br \/>\n\u2022 Non-ouvrable<br \/>\n\u2022 Fix\u00e9 sur cordage<br \/>\n\u2022 Corde de diam\u00e8tre 12 mm<br \/>\n\u2022 1 mousqueton 71110<br \/>\n\u2022 Corde bourdonn\u00e9e avec noeud d\u2019arr\u00eat<br \/>\n\u2022 1 boucle avec protection poly\u00e9thyl\u00e8ne + protection plastique noir sur boucle de l\u2019absorbeur d\u2019\u00e9nergie<br \/>\n\u2022 tirant d\u2019air de 6m<\/p>\n<p><a href=\"https:\/\/prosafedz.com\/fr\/wp-content\/uploads\/2018\/11\/71353_71354-fr-exp-1.pdf\" target=\"_blank\" rel=\"noopener noreferrer\"><button style=\"background-color: #90a96b; font-seize: 20px;\"><strong>T\u00e9l\u00e9charger La Fiche Technique<\/strong><\/button><\/a><\/p>\n","protected":false},"featured_media":32608,"template":"","meta":[],"product_brand":[],"product_cat":[837],"product_tag":[842,844],"class_list":{"0":"post-30741","1":"product","2":"type-product","3":"status-publish","4":"has-post-thumbnail","6":"product_cat-8-4-longes-cordes","7":"product_tag-stop-chute-mobile","8":"product_tag-tresse-12mm-20m-71354","9":"yith_product_brand-top-lock","11":"first","12":"instock","13":"shipping-taxable","14":"product-type-simple"},"_links":{"self":[{"href":"https:\/\/prosafedz.com\/fr\/wp-json\/wp\/v2\/product\/30741","targetHints":{"allow":["GET"]}}],"collection":[{"href":"https:\/\/prosafedz.com\/fr\/wp-json\/wp\/v2\/product"}],"about":[{"href":"https:\/\/prosafedz.com\/fr\/wp-json\/wp\/v2\/types\/product"}],"wp:featuredmedia":[{"embeddable":true,"href":"https:\/\/prosafedz.com\/fr\/wp-json\/wp\/v2\/media\/32608"}],"wp:attachment":[{"href":"https:\/\/prosafedz.com\/fr\/wp-json\/wp\/v2\/media?parent=30741"}],"wp:term":[{"taxonomy":"product_brand","embeddable":true,"href":"https:\/\/prosafedz.com\/fr\/wp-json\/wp\/v2\/product_brand?post=30741"},{"taxonomy":"product_cat","embeddable":true,"href":"https:\/\/prosafedz.com\/fr\/wp-json\/wp\/v2\/product_cat?post=30741"},{"taxonomy":"product_tag","embeddable":true,"href":"https:\/\/prosafedz.com\/fr\/wp-json\/wp\/v2\/product_tag?post=30741"}],"curies":[{"name":"wp","href":"https:\/\/api.w.org\/{rel}","templated":true}]}}