{"id":30735,"date":"2018-11-06T16:26:14","date_gmt":"2018-11-06T15:26:14","guid":{"rendered":"https:\/\/prosafedz.com\/?post_type=product&#038;p=30735"},"modified":"2024-05-21T16:41:10","modified_gmt":"2024-05-21T14:41:10","slug":"stop-chute-corde-14mm-10m-71343","status":"publish","type":"product","link":"https:\/\/prosafedz.com\/fr\/produit\/stop-chute-corde-14mm-10m-71343\/","title":{"rendered":"Stop chute corde 14mm \/ 10m 71343"},"content":{"rendered":"<p><strong>AVANTAGES SP\u00c9CIFIQUES<\/strong><br \/>\n\u2022 Ouvrable<br \/>\n\u2022 1 connecteur<br \/>\n\u2022 Solidit\u00e9<br \/>\n<strong>PRINCIPAUX DOMAINES D\u2019UTILISATION<\/strong><br \/>\n\u2022 Travaux en hauteur en combinaison avec un syst\u00e8me de maintien au travail<br \/>\n\u2022L\u2019attache entre cette sangle et tout autre \u00e9quipement ou point d\u2019ancrage doit \u00eatre r\u00e9alis\u00e9e \u00e0 l\u2019aide de connecteurs certifi\u00e9s conformes \u00e0 la norme EN 362.<br \/>\n\u2022 B\u00e2timent et travaux publics<br \/>\n\u2022 L\u2019antichute se d\u00e9place le long de la corde lorsque l\u2019utilisateur grimpe ou descend et se bloque en cas de chute.<br \/>\n<strong>CONDITIONNEMENT<\/strong><br \/>\nCet antichute est conforme au mod\u00e8le de l\u2019\u00e9quipement de protection individuelle ayant fait l\u2019objet de<br \/>\nL\u2019attestation <strong>CE de type 2664 Issue 2 Extension 2<\/strong><br \/>\n<strong>D\u00e9livr\u00e9e par SATRA (organisme n\u00b0 0321)<\/strong><\/p>\n","protected":false},"excerpt":{"rendered":"<p><span style=\"color: #ff0000;\"><strong>Stop chute corde 14mm \/ 10m 71343<\/strong><\/span><br \/>\n<strong>DESCRIPTIF G\u00c9N\u00c9RAL ET MATI\u00c8RES<\/strong><br \/>\n\u2022 Ensemble antichute mobile avec corde<br \/>\n\u2022 Ouvrable<br \/>\n\u2022 Fix\u00e9 sur cordage<br \/>\n\u2022 Corde de diam\u00e8tre 14 mm<br \/>\n\u2022 Resistance statique &gt; 15KN<br \/>\n\u2022 1 connecteur 71110<br \/>\n\u2022 Poids : 2600g\/4000g (+\/- 10 %)<br \/>\n\u2022 Corde torsad\u00e9e<br \/>\n\u2022 2 boucles \u00e9piss\u00e9es et plastifi\u00e9es avec<br \/>\nrenfort protection poly\u00e9thyl\u00e8ne<br \/>\n\u2022 tirant d\u2019air de 6m<\/p>\n<p><a href=\"https:\/\/prosafedz.com\/fr\/wp-content\/uploads\/2018\/11\/71343_71344-fr-exp.pdf\" target=\"_blank\" rel=\"noopener noreferrer\"><button style=\"background-color: #90a96b; font-seize: 20px;\"><strong>T\u00e9l\u00e9charger La Fiche Technique<\/strong><\/button><\/a><\/p>\n","protected":false},"featured_media":32604,"template":"","meta":[],"product_brand":[],"product_cat":[837],"product_tag":[840],"class_list":{"0":"post-30735","1":"product","2":"type-product","3":"status-publish","4":"has-post-thumbnail","6":"product_cat-8-4-longes-cordes","7":"product_tag-stop-chute-corde-14mm-10m-71343","8":"yith_product_brand-top-lock","10":"first","11":"instock","12":"shipping-taxable","13":"product-type-simple"},"_links":{"self":[{"href":"https:\/\/prosafedz.com\/fr\/wp-json\/wp\/v2\/product\/30735","targetHints":{"allow":["GET"]}}],"collection":[{"href":"https:\/\/prosafedz.com\/fr\/wp-json\/wp\/v2\/product"}],"about":[{"href":"https:\/\/prosafedz.com\/fr\/wp-json\/wp\/v2\/types\/product"}],"wp:featuredmedia":[{"embeddable":true,"href":"https:\/\/prosafedz.com\/fr\/wp-json\/wp\/v2\/media\/32604"}],"wp:attachment":[{"href":"https:\/\/prosafedz.com\/fr\/wp-json\/wp\/v2\/media?parent=30735"}],"wp:term":[{"taxonomy":"product_brand","embeddable":true,"href":"https:\/\/prosafedz.com\/fr\/wp-json\/wp\/v2\/product_brand?post=30735"},{"taxonomy":"product_cat","embeddable":true,"href":"https:\/\/prosafedz.com\/fr\/wp-json\/wp\/v2\/product_cat?post=30735"},{"taxonomy":"product_tag","embeddable":true,"href":"https:\/\/prosafedz.com\/fr\/wp-json\/wp\/v2\/product_tag?post=30735"}],"curies":[{"name":"wp","href":"https:\/\/api.w.org\/{rel}","templated":true}]}}