{"id":30728,"date":"2018-11-06T16:05:59","date_gmt":"2018-11-06T15:05:59","guid":{"rendered":"https:\/\/prosafedz.com\/?post_type=product&#038;p=30728"},"modified":"2024-09-17T10:10:38","modified_gmt":"2024-09-17T08:10:38","slug":"ceinture-de-travail-avec-cuissardes-71068","status":"publish","type":"product","link":"https:\/\/prosafedz.com\/fr\/produit\/ceinture-de-travail-avec-cuissardes-71068\/","title":{"rendered":"Ceinture de travail avec cuissardes 71068"},"content":{"rendered":"<p><strong>AVANTAGES SP\u00c9CIFIQUES<\/strong><br \/>\n\u2022 Grand confort gr\u00e2ce aux inserts<br \/>\n\u2022 Bon soutien en position assise<br \/>\n\u2022 2 Porte-outils acier sur ceinture<br \/>\n\u2022 3 points d\u2019attache<br \/>\n<strong>PRINCIPAUX DOMAINES D\u2019UTILISATION<\/strong><br \/>\n\u2022 Travaux en hauteur en zone s\u00e9curis\u00e9e en position assise<br \/>\n\u2022 B\u00e2timent et travaux publics<br \/>\n\u2022 Poids maximal du porteur : 100 Kg<br \/>\n<strong>CONDITIONNEMENT<\/strong><br \/>\n\u2022 Individuel sur carte lin\u00e9aire<br \/>\n\u2022 Carton de 10 cuissards<br \/>\n<strong>NORMALISATION<\/strong><br \/>\nCe cuissard est conforme au mod\u00e8le de l\u2019\u00e9quipement de protection individuelle ayant fait l\u2019objet de<br \/>\nL\u2019attestation <strong>CE de type 2581 Issue 3 Extension 2<\/strong><br \/>\n<strong>D\u00e9livr\u00e9e par SATRA (organisme n\u00b0 0321)<\/strong><\/p>\n","protected":false},"excerpt":{"rendered":"<p><span style=\"color: #ff0000;\"><strong>Ceinture de travail avec cuissardes 71068<\/strong><\/span><br \/>\n<strong>DESCRIPTIF G\u00c9N\u00c9RAL ET MATI\u00c8RES<\/strong><br \/>\n\u2022 Sangles : 100% polyester, largeur 44 mm (+\/-<br \/>\n1mm)<br \/>\n\u2022 Couleurs: bleu avec 2 rayures vert for\u00eat<br \/>\n\u2022 Points d\u2019attache: 3 anneaux D en acier (1<br \/>\nventrale et 2 lat\u00e9raux sur la ceinture)<br \/>\n\u2022 Fermoirs : 4 Boucles carr\u00e9es (dite de parachute)<br \/>\nen acier sur la ceinture et sur chaque cuisse<br \/>\n\u2022 R\u00e9glages par serrage des sangles<br \/>\n\u2022 Inserts de confort en mousse d\u2019EVA<br \/>\ncouverts de polyester bleu : au dos de la<br \/>\nceinture et \u00e0 l\u2019arri\u00e8re des cuissards<br \/>\n\u2022 Porte-outils : 2 boucles acier sur ceinture<br \/>\n\u2022 Fil de couture : Polyamide haute t\u00e9nacit\u00e9<br \/>\n\u2022 Taille unique<br \/>\n\u2022 Poids : 1150 g (+\/- 10%)<br \/>\n\u2022 Finitions des pi\u00e8ces m\u00e9talliques: \u00e9lectroplacage<br \/>\nzingue. Ebarb\u00e9 &amp; polissage<\/p>\n<p><a href=\"https:\/\/prosafedz.com\/fr\/wp-content\/uploads\/2018\/11\/71068-fr-sacla.pdf\" target=\"_blank\" rel=\"noopener noreferrer\"><button style=\"background-color: #90a96b; font-seize: 20px;\"><strong>T\u00e9l\u00e9charger La Fiche Technique<\/strong><\/button><\/a><\/p>\n","protected":false},"featured_media":32601,"template":"","meta":[],"product_brand":[],"product_cat":[831],"product_tag":[833],"class_list":{"0":"post-30728","1":"product","2":"type-product","3":"status-publish","4":"has-post-thumbnail","6":"product_cat-8-3-ceinture-de-maintien","7":"product_tag-ceinture-de-travail-avec-cuissardes-71068","8":"yith_product_brand-top-lock","10":"first","11":"instock","12":"shipping-taxable","13":"product-type-simple"},"_links":{"self":[{"href":"https:\/\/prosafedz.com\/fr\/wp-json\/wp\/v2\/product\/30728","targetHints":{"allow":["GET"]}}],"collection":[{"href":"https:\/\/prosafedz.com\/fr\/wp-json\/wp\/v2\/product"}],"about":[{"href":"https:\/\/prosafedz.com\/fr\/wp-json\/wp\/v2\/types\/product"}],"wp:featuredmedia":[{"embeddable":true,"href":"https:\/\/prosafedz.com\/fr\/wp-json\/wp\/v2\/media\/32601"}],"wp:attachment":[{"href":"https:\/\/prosafedz.com\/fr\/wp-json\/wp\/v2\/media?parent=30728"}],"wp:term":[{"taxonomy":"product_brand","embeddable":true,"href":"https:\/\/prosafedz.com\/fr\/wp-json\/wp\/v2\/product_brand?post=30728"},{"taxonomy":"product_cat","embeddable":true,"href":"https:\/\/prosafedz.com\/fr\/wp-json\/wp\/v2\/product_cat?post=30728"},{"taxonomy":"product_tag","embeddable":true,"href":"https:\/\/prosafedz.com\/fr\/wp-json\/wp\/v2\/product_tag?post=30728"}],"curies":[{"name":"wp","href":"https:\/\/api.w.org\/{rel}","templated":true}]}}