{"id":30726,"date":"2018-11-06T16:05:05","date_gmt":"2018-11-06T15:05:05","guid":{"rendered":"https:\/\/prosafedz.com\/?post_type=product&#038;p=30726"},"modified":"2024-09-17T10:17:34","modified_gmt":"2024-09-17T08:17:34","slug":"ceinture-de-travail-large-71018","status":"publish","type":"product","link":"https:\/\/prosafedz.com\/fr\/produit\/ceinture-de-travail-large-71018\/","title":{"rendered":"Ceinture de travail large 71018"},"content":{"rendered":"<p><strong>AVANTAGES SP\u00c9CIFIQUES<\/strong><br \/>\n\u2022 La ceinture glisse librement sur l\u2019appui-dos<br \/>\n\u2022 R\u00e9glage rapide<br \/>\n\u2022 Nombreuses boucles porte-outils<br \/>\n\u2022 Grand confort gr\u00e2ce \u00e0 l\u2019appui-dos large<br \/>\n<strong>PRINCIPAUX DOMAINES D\u2019UTILISATION<\/strong><br \/>\n\u2022 Travaux en hauteur en zone s\u00e9curis\u00e9e<br \/>\n\u2022 Maintien au travail<br \/>\n\u2022 B\u00e2timent et travaux publics<br \/>\n\u2022 Poids maximal du porteur : 100Kg<br \/>\n<strong>CONDITIONNEMENT<\/strong><br \/>\n\u2022 Bo\u00eete individuelle sur carte lin\u00e9aire<br \/>\n\u2022 Carton de 10 bo\u00eetes<br \/>\n<strong>NORMALISATION<\/strong><br \/>\nCette ceinture est conforme au mod\u00e8le de l\u2019\u00e9quipement de protection individuelle ayant fait l\u2019objet de<br \/>\nL\u2019attestation <strong>CE de type 2448 Issue 2 Extension 14<\/strong><br \/>\n<strong>D\u00e9livr\u00e9e par SATRA (organisme n\u00b0 0321)<\/strong><\/p>\n","protected":false},"excerpt":{"rendered":"<p><span style=\"color: #ff0000;\"><strong>Ceinture de travail large 71018<\/strong><\/span><br \/>\n<strong>DESCRIPTIF G\u00c9N\u00c9RAL ET MATI\u00c8RES<\/strong><br \/>\n\u2022 Ceinture: 100% polyester rouge avec 2<br \/>\nrayures vert for\u00eat , largeur 44 mm (+\/- 1mm)<br \/>\n\u2022 Appus-dos : LARGE en mousse d\u2019EVA<br \/>\ncouvert de polyester bleu<br \/>\n\u2022 Points d\u2019attache : 2 anneaux D lat\u00e9raux en<br \/>\nacier<br \/>\n\u2022 Fermoir : Boucle carr\u00e9e (dite de parachute)<br \/>\nen acier<br \/>\n\u2022 R\u00e9glage par serrage de la ceinture<br \/>\n\u2022 Porte-outils : 3 boucles m\u00e9tal et 4 boucles<br \/>\ntextile<br \/>\n\u2022 Fil de couture : Polyamide haute t\u00e9nacit\u00e9<br \/>\n\u2022 Taille unique<br \/>\n\u2022 Poids : 590 g (+\/- 10%)<br \/>\n\u2022 Finitions des pi\u00e8ces m\u00e9talliques: \u00e9lectroplacage<br \/>\nnickel\/chrome. Ebarb\u00e9 &amp; polissage<\/p>\n<p><a href=\"https:\/\/prosafedz.com\/fr\/wp-content\/uploads\/2018\/11\/71018K_F_SACLA.pdf\" target=\"_blank\" rel=\"noopener noreferrer\"><button style=\"background-color: #90a96b; font-seize: 20px;\"><strong>T\u00e9l\u00e9charger La Fiche Technique<\/strong><\/button><\/a><\/p>\n","protected":false},"featured_media":32599,"template":"","meta":[],"product_brand":[],"product_cat":[831],"product_tag":[832],"class_list":{"0":"post-30726","1":"product","2":"type-product","3":"status-publish","4":"has-post-thumbnail","6":"product_cat-8-3-ceinture-de-maintien","7":"product_tag-ceinture-de-travail-large-71018","8":"yith_product_brand-top-lock","10":"first","11":"instock","12":"shipping-taxable","13":"product-type-simple"},"_links":{"self":[{"href":"https:\/\/prosafedz.com\/fr\/wp-json\/wp\/v2\/product\/30726","targetHints":{"allow":["GET"]}}],"collection":[{"href":"https:\/\/prosafedz.com\/fr\/wp-json\/wp\/v2\/product"}],"about":[{"href":"https:\/\/prosafedz.com\/fr\/wp-json\/wp\/v2\/types\/product"}],"wp:featuredmedia":[{"embeddable":true,"href":"https:\/\/prosafedz.com\/fr\/wp-json\/wp\/v2\/media\/32599"}],"wp:attachment":[{"href":"https:\/\/prosafedz.com\/fr\/wp-json\/wp\/v2\/media?parent=30726"}],"wp:term":[{"taxonomy":"product_brand","embeddable":true,"href":"https:\/\/prosafedz.com\/fr\/wp-json\/wp\/v2\/product_brand?post=30726"},{"taxonomy":"product_cat","embeddable":true,"href":"https:\/\/prosafedz.com\/fr\/wp-json\/wp\/v2\/product_cat?post=30726"},{"taxonomy":"product_tag","embeddable":true,"href":"https:\/\/prosafedz.com\/fr\/wp-json\/wp\/v2\/product_tag?post=30726"}],"curies":[{"name":"wp","href":"https:\/\/api.w.org\/{rel}","templated":true}]}}