{"id":30724,"date":"2018-11-06T16:03:45","date_gmt":"2018-11-06T15:03:45","guid":{"rendered":"https:\/\/prosafedz.com\/?post_type=product&#038;p=30724"},"modified":"2024-09-17T10:18:07","modified_gmt":"2024-09-17T08:18:07","slug":"ceinture-de-maintien-au-travail-economique-71015","status":"publish","type":"product","link":"https:\/\/prosafedz.com\/fr\/produit\/ceinture-de-maintien-au-travail-economique-71015\/","title":{"rendered":"Ceinture de maintien au travail \u00e9conomique 71015"},"content":{"rendered":"<p><strong>AVANTAGES SP\u00c9CIFIQUES<\/strong><br \/>\n\u2022 La ceinture glisse librement sur l\u2019appui-dos<br \/>\n\u2022 R\u00e9glage rapide<br \/>\n\u2022 2 attaches porte-outils<br \/>\n\u2022 L\u00e9g\u00e8ret\u00e9<br \/>\n\u2022 Confort gr\u00e2ce \u00e0 l\u2019appui-dos<br \/>\n<strong>PRINCIPAUX DOMAINES D\u2019UTILISATION<\/strong><br \/>\n\u2022 Travaux en hauteur en zone s\u00e9curis\u00e9e<br \/>\n\u2022 Maintien au travail<br \/>\n\u2022 B\u00e2timent et travaux publics<br \/>\n\u2022 Poids maximal du porteur : 100Kg<br \/>\n<strong>CONDITIONNEMENT<\/strong><br \/>\n\u2022 Bo\u00eete individuelle sur carte lin\u00e9aire<br \/>\n\u2022 Carton de 10 bo\u00eetes<br \/>\n<strong>NORMALISATION<\/strong><br \/>\nCette ceinture est conforme au mod\u00e8le de l\u2019\u00e9quipement de protection individuelle ayant fait l\u2019objet de L\u2019attestation <strong>CE de type 2448 Issue 3 Ext 1 D\u00e9livr\u00e9e par SATRA (organisme n\u00b0 0321)<\/strong><\/p>\n","protected":false},"excerpt":{"rendered":"<p><span style=\"color: #ff0000;\"><strong>Ceinture de maintien au travail \u00e9conomique 71015<\/strong><\/span><br \/>\n<strong>DESCRIPTIF G\u00c9N\u00c9RAL ET MATI\u00c8RES<\/strong><br \/>\n\u2022 Ceinture: 100% polyester rouge avec 2 rayures vert for\u00eat , largeur 44 mm (+\/- 1mm)<br \/>\n\u2022 Appuis-dos : en mousse d\u2019EVA couvert de polyester bleu<br \/>\n\u2022 Points d\u2019attache : 2 anneaux D lat\u00e9raux en acier<br \/>\n\u2022 Fermoir : Boucle carr\u00e9e (dite de parachute) en acier<br \/>\n\u2022 R\u00e9glage par serrage de la ceinture<br \/>\n\u2022 Porte-outils : 2 boucles m\u00e9tal<br \/>\n\u2022 Fil de couture : Polyamide haute t\u00e9nacit\u00e9<br \/>\n\u2022 Taille unique<br \/>\n\u2022 Poids : 410 g (+\/- 10%)<br \/>\n\u2022 Finitions des pi\u00e8ces m\u00e9talliques: \u00e9lectro- placage nickel\/chrome. Ebarb\u00e9 &amp; polissage<\/p>\n<p><a href=\"https:\/\/prosafedz.com\/fr\/wp-content\/uploads\/2018\/11\/71015-fr-sacla.pdf \" target=\"_blank\" rel=\"noopener noreferrer\"><button style=\"background-color: #90a96b; font-seize: 20px;\"><strong>T\u00e9l\u00e9charger La Fiche Technique<\/strong><\/button><\/a><\/p>\n","protected":false},"featured_media":32598,"template":"","meta":[],"product_brand":[],"product_cat":[831],"product_tag":[830],"class_list":{"0":"post-30724","1":"product","2":"type-product","3":"status-publish","4":"has-post-thumbnail","6":"product_cat-8-3-ceinture-de-maintien","7":"product_tag-ceinture-de-maintien-au-travail-economique-71015","8":"yith_product_brand-top-lock","10":"first","11":"instock","12":"shipping-taxable","13":"product-type-simple"},"_links":{"self":[{"href":"https:\/\/prosafedz.com\/fr\/wp-json\/wp\/v2\/product\/30724","targetHints":{"allow":["GET"]}}],"collection":[{"href":"https:\/\/prosafedz.com\/fr\/wp-json\/wp\/v2\/product"}],"about":[{"href":"https:\/\/prosafedz.com\/fr\/wp-json\/wp\/v2\/types\/product"}],"wp:featuredmedia":[{"embeddable":true,"href":"https:\/\/prosafedz.com\/fr\/wp-json\/wp\/v2\/media\/32598"}],"wp:attachment":[{"href":"https:\/\/prosafedz.com\/fr\/wp-json\/wp\/v2\/media?parent=30724"}],"wp:term":[{"taxonomy":"product_brand","embeddable":true,"href":"https:\/\/prosafedz.com\/fr\/wp-json\/wp\/v2\/product_brand?post=30724"},{"taxonomy":"product_cat","embeddable":true,"href":"https:\/\/prosafedz.com\/fr\/wp-json\/wp\/v2\/product_cat?post=30724"},{"taxonomy":"product_tag","embeddable":true,"href":"https:\/\/prosafedz.com\/fr\/wp-json\/wp\/v2\/product_tag?post=30724"}],"curies":[{"name":"wp","href":"https:\/\/api.w.org\/{rel}","templated":true}]}}