{"id":30719,"date":"2018-11-06T15:49:53","date_gmt":"2018-11-06T14:49:53","guid":{"rendered":"https:\/\/prosafedz.com\/?post_type=product&#038;p=30719"},"modified":"2024-09-17T10:19:16","modified_gmt":"2024-09-17T08:19:16","slug":"connecteur-acier-a-vis-71110","status":"publish","type":"product","link":"https:\/\/prosafedz.com\/fr\/produit\/connecteur-acier-a-vis-71110\/","title":{"rendered":"Connecteur Acier \u00e0 Vis 71110"},"content":{"rendered":"<p><strong>AVANTAGES SP\u00c9CIFIQUES<\/strong><br \/>\n\u2022 Solidit\u00e9<br \/>\n<strong>PRINCIPAUX DOMAINES D\u2019UTILISATION<\/strong><br \/>\n\u2022 Travaux en hauteur en combinaison avec un syst\u00e8me d\u2019arr\u00eat des chutes ou de maintien au travail<br \/>\n\u2022 Milieux montagneux<br \/>\n\u2022 BTP<br \/>\n<strong>CONDITIONNEMENT<\/strong><br \/>\n\u2022 Sachet de 10 mousquetons<br \/>\n\u2022 Carton de 100 mousquetons<br \/>\n<strong>NORMALISATION<\/strong><br \/>\nCe mousqueton est conforme au mod\u00e8le de l\u2019\u00e9quipement de protection individuelle ayant fait l\u2019objet de<br \/>\nL\u2019attestation <strong>CE de type 1503 Issue 5 Extension 1<\/strong><br \/>\n<strong>D\u00e9livr\u00e9e par SATRA (organisme n\u00b0 0321)<\/strong><\/p>\n","protected":false},"excerpt":{"rendered":"<p><span style=\"color: #ff0000;\"><strong>Connecteur Acier \u00e0 Vis 71110<\/strong><\/span><br \/>\n<strong>DESCRIPTIF G\u00c9N\u00c9RAL ET MATI\u00c8RES<\/strong><br \/>\n\u2022 Connecteur acier<br \/>\n\u2022 Fermeture \u00e0 vis<br \/>\n\u2022 Plaqu\u00e9 zingue pour une meilleure finition &amp;<br \/>\nprotection contre la corrosion<br \/>\n\u2022 Force statique &gt; 23 KN<br \/>\n\u2022 Poids 160 (+\/- 5%) g<br \/>\n\u2022 \u00d8 barre : 10 mm<br \/>\n\u2022 Taille : 107 x 56.5 mm<br \/>\n\u2022 Ouverture max. : 16 mm<\/p>\n<p><a href=\"https:\/\/prosafedz.com\/fr\/wp-content\/uploads\/2018\/11\/71110K_F_SACLA.pdf\" target=\"_blank\" rel=\"noopener noreferrer\"><button style=\"background-color: #90a96b; font-seize: 20px;\"><strong>T\u00e9l\u00e9charger La Fiche Technique<\/strong><\/button><\/a><\/p>\n","protected":false},"featured_media":32596,"template":"","meta":[],"product_brand":[],"product_cat":[828],"product_tag":[827],"class_list":{"0":"post-30719","1":"product","2":"type-product","3":"status-publish","4":"has-post-thumbnail","6":"product_cat-8-2-mousquetons-crochets-et-conecteurs","7":"product_tag-connecteur-acier-a-vis-71110","8":"yith_product_brand-top-lock","10":"first","11":"instock","12":"shipping-taxable","13":"product-type-simple"},"_links":{"self":[{"href":"https:\/\/prosafedz.com\/fr\/wp-json\/wp\/v2\/product\/30719","targetHints":{"allow":["GET"]}}],"collection":[{"href":"https:\/\/prosafedz.com\/fr\/wp-json\/wp\/v2\/product"}],"about":[{"href":"https:\/\/prosafedz.com\/fr\/wp-json\/wp\/v2\/types\/product"}],"wp:featuredmedia":[{"embeddable":true,"href":"https:\/\/prosafedz.com\/fr\/wp-json\/wp\/v2\/media\/32596"}],"wp:attachment":[{"href":"https:\/\/prosafedz.com\/fr\/wp-json\/wp\/v2\/media?parent=30719"}],"wp:term":[{"taxonomy":"product_brand","embeddable":true,"href":"https:\/\/prosafedz.com\/fr\/wp-json\/wp\/v2\/product_brand?post=30719"},{"taxonomy":"product_cat","embeddable":true,"href":"https:\/\/prosafedz.com\/fr\/wp-json\/wp\/v2\/product_cat?post=30719"},{"taxonomy":"product_tag","embeddable":true,"href":"https:\/\/prosafedz.com\/fr\/wp-json\/wp\/v2\/product_tag?post=30719"}],"curies":[{"name":"wp","href":"https:\/\/api.w.org\/{rel}","templated":true}]}}