{"id":30713,"date":"2018-11-06T15:38:31","date_gmt":"2018-11-06T14:38:31","guid":{"rendered":"https:\/\/prosafedz.com\/?post_type=product&#038;p=30713"},"modified":"2024-09-17T10:19:52","modified_gmt":"2024-09-17T08:19:52","slug":"harnais-complet-sous-fessiere-et-ceinture-de-maintien-71082","status":"publish","type":"product","link":"https:\/\/prosafedz.com\/fr\/produit\/harnais-complet-sous-fessiere-et-ceinture-de-maintien-71082\/","title":{"rendered":"Harnais complet &#8211; sous-fessi\u00e8re et ceinture de maintien 71082"},"content":{"rendered":"<p><strong>AVANTAGES SP\u00c9CIFIQUES<\/strong><br \/>\n\u2022 2 Points d\u2019attache : dorsal et sternal<br \/>\n\u2022 R\u00e9glage rapide<br \/>\n\u2022 Harnais confort avec renfort au niveau du dos et des cuissardes<br \/>\n\u2022 Design \u00e9tudi\u00e9 pour une utilisation simplifi\u00e9e<br \/>\n<strong>PRINCIPAUX DOMAINES D\u2019UTILISATION<\/strong><br \/>\n\u2022 Travaux en hauteur avec risque de chute<br \/>\n\u2022 B\u00e2timent et travaux publics<br \/>\n\u2022 Poids maximal du porteur : 100 Kg<br \/>\n<strong>CONDITIONNEMENT<\/strong><br \/>\n\u2022 Individuel sur carte lin\u00e9aire<br \/>\n\u2022 Carton de 5 harnais<br \/>\n<strong>NORMALISATION<\/strong><br \/>\nCe harnais est conforme au mod\u00e8le de l\u2019\u00e9quipement de protection individuelle ayant fait l\u2019objet de<br \/>\nL\u2019attestation CE de type 4786 Issue 6 Ext 1<br \/>\nD\u00e9livr\u00e9e par SATRA (organisme n\u00b0 0321)<\/p>\n","protected":false},"excerpt":{"rendered":"<p><span style=\"color: #ff0000;\"><strong>Harnais complet &#8211; sous-fessi\u00e8re et ceinture de maintien 71082<\/strong><\/span><br \/>\n<strong>DESCRIPTIF G\u00c9N\u00c9RAL ET MATI\u00c8RES<\/strong><br \/>\n\u2022 Sangles : polyester, largeur 44 mm (+\/- 1mm)<br \/>\n\u2022 Points d\u2019attache: 1 anneaux D (dorsal) en acier et<br \/>\n2 boucles textiles sternales<br \/>\n\u2022 Fermoirs : sur chaque cuisse et 1 sternal<br \/>\n\u2022 1 boucle guide-longe sur chaque \u00e9paule<br \/>\n\u2022 Taille unique<br \/>\n\u2022 Poids : 1700 g<br \/>\n\u2022 R\u00e9glage par serrage des sangles au niveau<br \/>\ndes cuisses, des \u00e9paules et du sternum.<\/p>\n<p><a href=\"https:\/\/prosafedz.com\/fr\/wp-content\/uploads\/2018\/11\/71082-fr-sacla.pdf\" target=\"_blank\" rel=\"noopener noreferrer\"><button style=\"background-color: #90a96b; font-seize: 20px;\"><strong>T\u00e9l\u00e9charger La Fiche Technique<\/strong><\/button><\/a><\/p>\n","protected":false},"featured_media":32594,"template":"","meta":[],"product_brand":[],"product_cat":[821],"product_tag":[825],"class_list":{"0":"post-30713","1":"product","2":"type-product","3":"status-publish","4":"has-post-thumbnail","6":"product_cat-harnais-8-anti-chute","7":"product_tag-harnais-complet-sous-fessiere-et-ceinture-de-maintien-71082","8":"yith_product_brand-top-lock","10":"first","11":"instock","12":"shipping-taxable","13":"product-type-simple"},"_links":{"self":[{"href":"https:\/\/prosafedz.com\/fr\/wp-json\/wp\/v2\/product\/30713","targetHints":{"allow":["GET"]}}],"collection":[{"href":"https:\/\/prosafedz.com\/fr\/wp-json\/wp\/v2\/product"}],"about":[{"href":"https:\/\/prosafedz.com\/fr\/wp-json\/wp\/v2\/types\/product"}],"wp:featuredmedia":[{"embeddable":true,"href":"https:\/\/prosafedz.com\/fr\/wp-json\/wp\/v2\/media\/32594"}],"wp:attachment":[{"href":"https:\/\/prosafedz.com\/fr\/wp-json\/wp\/v2\/media?parent=30713"}],"wp:term":[{"taxonomy":"product_brand","embeddable":true,"href":"https:\/\/prosafedz.com\/fr\/wp-json\/wp\/v2\/product_brand?post=30713"},{"taxonomy":"product_cat","embeddable":true,"href":"https:\/\/prosafedz.com\/fr\/wp-json\/wp\/v2\/product_cat?post=30713"},{"taxonomy":"product_tag","embeddable":true,"href":"https:\/\/prosafedz.com\/fr\/wp-json\/wp\/v2\/product_tag?post=30713"}],"curies":[{"name":"wp","href":"https:\/\/api.w.org\/{rel}","templated":true}]}}