{"id":30709,"date":"2018-11-06T15:36:38","date_gmt":"2018-11-06T14:36:38","guid":{"rendered":"https:\/\/prosafedz.com\/?post_type=product&#038;p=30709"},"modified":"2024-09-17T10:20:15","modified_gmt":"2024-09-17T08:20:15","slug":"harnais-complet-ceinture-et-sous-fessiere-71055","status":"publish","type":"product","link":"https:\/\/prosafedz.com\/fr\/produit\/harnais-complet-ceinture-et-sous-fessiere-71055\/","title":{"rendered":"Harnais complet, ceinture et sous fessi\u00e8re 71055"},"content":{"rendered":"<p><strong>AVANTAGES SP\u00c9CIFIQUES<\/strong><br \/>\n\u2022 4 Points d\u2019attache : avant, arri\u00e8re et lat\u00e9raux<br \/>\n\u2022 Attache sternale avec fermoir plastique<br \/>\n\u2022 R\u00e9glage rapide<br \/>\n\u2022 Harnais confort avec ceinture de maintien au travail (71015)<br \/>\n\u2022 Porte outils : 2 boucles acier au dos<br \/>\n<strong>PRINCIPAUX DOMAINES D\u2019UTILISATION<\/strong><br \/>\n\u2022 Travaux en hauteur avec risque de chute<br \/>\n\u2022 B\u00e2timent et travaux publics<br \/>\n\u2022 Poids maximal du porteur : 100Kg<br \/>\n<strong>CONDITIONNEMENT<\/strong><br \/>\n\u2022 Individuel sur carte lin\u00e9aire<br \/>\n\u2022 Carton de 10 harnais<br \/>\n<strong>NORMALISATION<\/strong><br \/>\nCe harnais est conforme au mod\u00e8le de l\u2019\u00e9quipement de protection individuelle ayant fait l\u2019objet de<br \/>\n<strong>L\u2019attestation CE de type 1479 Issue 11 Extension 3<\/strong><br \/>\n<strong>D\u00e9livr\u00e9e par SATRA (organisme n\u00b0 0321)<\/strong><\/p>\n","protected":false},"excerpt":{"rendered":"<p><span style=\"color: #ff0000;\"><strong>Harnais complet, ceinture et sous fessi\u00e8re 71055<\/strong><\/span><br \/>\n<strong>DESCRIPTIF G\u00c9N\u00c9RAL ET MATI\u00c8RES<\/strong><br \/>\n\u2022 Sangles : 100% polyester, largeur 44 mm (+\/-<br \/>\n1mm)<br \/>\n\u2022 Couleurs: haut et ceinture: rouge avec 2 rayures<br \/>\nvert for\u00eat Bas: bleu avec 2 rayures vert for\u00eat<br \/>\n\u2022 Points d\u2019attache: 1 anneaux D (dorsal) et 2<br \/>\nboucles textiles sternales+ et 2 points de maintien<br \/>\nau travail (lat\u00e9raux sur ceinture) en acier<br \/>\n\u2022Fermoirs : 3 Boucles carr\u00e9es (dite de parachute)<br \/>\nen acier sur la ceinture et sur chaque cuisse<br \/>\n\u2022 R\u00e9glage par serrage des sangles<br \/>\n\u2022 Fermeture sternale: sangle polyester noir<br \/>\n25 mm avec fermoir plastique noir<br \/>\n\u2022 Porte-outils : 2 boucles acier sur ceinture<br \/>\n\u2022 Fil de couture : Polyamide haute t\u00e9nacit\u00e9<br \/>\n\u2022 Taille unique<br \/>\n\u2022 Poids : 1250 g (+\/- 10%)<br \/>\n\u2022 Finitions des pi\u00e8ces m\u00e9talliques: \u00e9lectroplacage<br \/>\nzingue argent\u00e9. Ebarb\u00e9 &amp; polissage<\/p>\n<p><a href=\"https:\/\/prosafedz.com\/fr\/wp-content\/uploads\/2018\/11\/71055-fr-sacla.pdf\" target=\"_blank\" rel=\"noopener noreferrer\"><button style=\"background-color: #90a96b; font-seize: 20px;\"><strong>T\u00e9l\u00e9charger La Fiche Technique<\/strong><\/button><\/a><\/p>\n","protected":false},"featured_media":32592,"template":"","meta":[],"product_brand":[],"product_cat":[821],"product_tag":[822,823],"class_list":{"0":"post-30709","1":"product","2":"type-product","3":"status-publish","4":"has-post-thumbnail","6":"product_cat-harnais-8-anti-chute","7":"product_tag-ceinture-et-sous-fessiere-71055","8":"product_tag-harnais-complet","9":"yith_product_brand-top-lock","11":"first","12":"instock","13":"shipping-taxable","14":"product-type-simple"},"_links":{"self":[{"href":"https:\/\/prosafedz.com\/fr\/wp-json\/wp\/v2\/product\/30709","targetHints":{"allow":["GET"]}}],"collection":[{"href":"https:\/\/prosafedz.com\/fr\/wp-json\/wp\/v2\/product"}],"about":[{"href":"https:\/\/prosafedz.com\/fr\/wp-json\/wp\/v2\/types\/product"}],"wp:featuredmedia":[{"embeddable":true,"href":"https:\/\/prosafedz.com\/fr\/wp-json\/wp\/v2\/media\/32592"}],"wp:attachment":[{"href":"https:\/\/prosafedz.com\/fr\/wp-json\/wp\/v2\/media?parent=30709"}],"wp:term":[{"taxonomy":"product_brand","embeddable":true,"href":"https:\/\/prosafedz.com\/fr\/wp-json\/wp\/v2\/product_brand?post=30709"},{"taxonomy":"product_cat","embeddable":true,"href":"https:\/\/prosafedz.com\/fr\/wp-json\/wp\/v2\/product_cat?post=30709"},{"taxonomy":"product_tag","embeddable":true,"href":"https:\/\/prosafedz.com\/fr\/wp-json\/wp\/v2\/product_tag?post=30709"}],"curies":[{"name":"wp","href":"https:\/\/api.w.org\/{rel}","templated":true}]}}