{"id":30707,"date":"2018-11-06T15:05:11","date_gmt":"2018-11-06T14:05:11","guid":{"rendered":"https:\/\/prosafedz.com\/?post_type=product&#038;p=30707"},"modified":"2024-05-21T16:25:54","modified_gmt":"2024-05-21T14:25:54","slug":"harnais-complet-economique-1100g-71045","status":"publish","type":"product","link":"https:\/\/prosafedz.com\/fr\/produit\/harnais-complet-economique-1100g-71045\/","title":{"rendered":"Harnais complet \u00e9conomique 1100g 71045"},"content":{"rendered":"<p><strong>AVANTAGES SP\u00c9CIFIQUES<\/strong><br \/>\n\u2022 Sous-fessi\u00e8re<br \/>\n\u2022 Attache sternale avec fermoir plastique<br \/>\n\u2022 R\u00e9glage rapide<br \/>\n\u2022 Harnais avec ceinture de maintien au travail (71015)<br \/>\n\u2022 Porte outils : 2 boucles acier au dos de la ceinture<br \/>\n<strong>PRINCIPAUX DOMAINES D\u2019UTILISATION<\/strong><br \/>\n\u2022 Travaux en hauteur avec risque de chute<br \/>\n\u2022 B\u00e2timent et travaux publics<br \/>\n\u2022 Poids maximal du porteur : 100Kg<br \/>\n<strong>CONDITIONNEMENT<\/strong><br \/>\n\u2022 Individuel sur carte lin\u00e9aire<br \/>\n\u2022 Carton de 10 harnais<br \/>\n<strong>NORMALISATION<\/strong><br \/>\nCe harnais est conforme au mod\u00e8le de l\u2019\u00e9quipement de protection individuelle ayant fait l\u2019objet de L\u2019attestation <strong>CE de type 1479 Issue 10 Extension 2 D\u00e9livr\u00e9e par SATRA (organisme n\u00b0 0321)<\/strong><\/p>\n","protected":false},"excerpt":{"rendered":"<p><span style=\"color: #ff0000;\"><strong>Harnais complet \u00e9conomique 1100g 71045<\/strong><\/span><br \/>\n<b>DESCRIPTIF G\u00c9N\u00c9RAL\u00a0ET\u00a0MATI\u00c8RES<\/b><br \/>\n\u2022 Sangles : 100% polyester, largeur 44 mm (+\/- 1mm)<br \/>\n\u2022 Couleurs: haut et ceinture: rouge avec 2 rayures vert for\u00eat Bas: bleu avec 2 rayures vert for\u00eat<br \/>\n\u2022 Points d\u2019attache: 1 anneaux D (dorsal) + 2 points de maintien au travail (lat\u00e9raux sur ceinture) en acier<br \/>\n\u2022 Fermoirs : 3 Boucles carr\u00e9es (dite de parachute) en acier sur la ceinture et sur chaque cuisse<br \/>\n\u2022 R\u00e9glage par serrage des sangles<br \/>\n\u2022 Fermeture sternale: sangle polyester noir 25 mm avec fermoir plastique noir<br \/>\n\u2022 Porte-outils : 2 boucles acier sur ceinture<br \/>\n\u2022 Fil de couture : Polyamide haute t\u00e9nacit\u00e9<br \/>\n\u2022 Taille unique<br \/>\n\u2022 Poids : 1200 g (+\/- 10%)<br \/>\n\u2022 Finitions des pi\u00e8ces m\u00e9talliques: \u00e9lectro- placage zingue argent\u00e9. Ebarb\u00e9 &amp; polissage<\/p>\n<p><a href=\"https:\/\/prosafedz.com\/fr\/wp-content\/uploads\/2018\/11\/71045-fr-sacla.pdf\" target=\"_blank\" rel=\"noopener noreferrer\"><button style=\"background-color: #90a96b; font-seize: 20px;\"><strong>T\u00e9l\u00e9charger La Fiche Technique<\/strong><\/button><\/a><\/p>\n","protected":false},"featured_media":32591,"template":"","meta":[],"product_brand":[],"product_cat":[821],"product_tag":[820],"class_list":{"0":"post-30707","1":"product","2":"type-product","3":"status-publish","4":"has-post-thumbnail","6":"product_cat-harnais-8-anti-chute","7":"product_tag-harnais-complet-economique-1100g-71045","8":"yith_product_brand-top-lock","10":"first","11":"instock","12":"shipping-taxable","13":"product-type-simple"},"_links":{"self":[{"href":"https:\/\/prosafedz.com\/fr\/wp-json\/wp\/v2\/product\/30707","targetHints":{"allow":["GET"]}}],"collection":[{"href":"https:\/\/prosafedz.com\/fr\/wp-json\/wp\/v2\/product"}],"about":[{"href":"https:\/\/prosafedz.com\/fr\/wp-json\/wp\/v2\/types\/product"}],"wp:featuredmedia":[{"embeddable":true,"href":"https:\/\/prosafedz.com\/fr\/wp-json\/wp\/v2\/media\/32591"}],"wp:attachment":[{"href":"https:\/\/prosafedz.com\/fr\/wp-json\/wp\/v2\/media?parent=30707"}],"wp:term":[{"taxonomy":"product_brand","embeddable":true,"href":"https:\/\/prosafedz.com\/fr\/wp-json\/wp\/v2\/product_brand?post=30707"},{"taxonomy":"product_cat","embeddable":true,"href":"https:\/\/prosafedz.com\/fr\/wp-json\/wp\/v2\/product_cat?post=30707"},{"taxonomy":"product_tag","embeddable":true,"href":"https:\/\/prosafedz.com\/fr\/wp-json\/wp\/v2\/product_tag?post=30707"}],"curies":[{"name":"wp","href":"https:\/\/api.w.org\/{rel}","templated":true}]}}