{"id":30697,"date":"2018-11-06T14:45:50","date_gmt":"2018-11-06T13:45:50","guid":{"rendered":"https:\/\/prosafedz.com\/?post_type=product&#038;p=30697"},"modified":"2024-09-15T16:21:53","modified_gmt":"2024-09-15T14:21:53","slug":"moon-low-s2-9mool","status":"publish","type":"product","link":"https:\/\/prosafedz.com\/fr\/produit\/moon-low-s2-9mool\/","title":{"rendered":"MOON Basse S2 SRC R\u00e9f 9MOOL"},"content":{"rendered":"<p><strong>LES + :<\/strong><\/p>\n<p><strong>&#8211; Chaussure l\u00e9g\u00e8re gr\u00e2ce \u00e0 son embout composite.<\/strong><br \/>\n<strong>&#8211; R\u00e9sistance aux glissements de la semelle sur sol c\u00e9ramique et acier.<\/strong><br \/>\n<strong>&#8211; Semelle r\u00e9sistante aux hydrocarbures.<\/strong><br \/>\n<strong>&#8211; Semelle ext\u00e9rieure antistatique.<\/strong><br \/>\n<strong>&#8211; Absorption d\u2019\u00e9nergie par le talon.<\/strong><\/p>\n<p><strong>CONDITIONNEMENT DE VENTE<br \/>\n&#8211;<\/strong> 10 PAIRES PAR CARTON<br \/>\n<strong>NORME(S)<\/strong><br \/>\nCette chaussure est conforme au mod\u00e8le de l\u2019\u00e9quipement de protection individuelle ayant fait l\u2019objet de l\u2019attestation CE de type <strong>LEC FI00342732.<br \/>\n<\/strong>D\u00e9livr\u00e9e par<strong> INTERTEK<br \/>\nEN ISO 20345:2011<\/strong><\/p>\n","protected":false},"excerpt":{"rendered":"<p><strong>&#8211; Embout de protection en composite.<\/strong><\/p>\n<p><strong>&#8211; Semelle ext\u00e9rieure double densit\u00e9 PU\/PU.<\/strong><\/p>\n<p><strong>&#8211; Doublure en filet respirant.<\/strong><\/p>\n<p><strong>&#8211; Tige microfibre respirante en PU.<\/strong><\/p>\n<p><a href=\"https:\/\/prosafedz.com\/fr\/wp-content\/uploads\/2023\/04\/9MOOL.pdf\" target=\"_blank\" rel=\"noopener noreferrer\"><button style=\"background-color: #90a96b; font-seize: 20px;\"><strong>T\u00e9l\u00e9charger La Fiche Technique<\/strong><\/button><\/a><\/p>\n","protected":false},"featured_media":34499,"template":"","meta":[],"product_brand":[],"product_cat":[811],"product_tag":[817],"class_list":{"0":"post-30697","1":"product","2":"type-product","3":"status-publish","4":"has-post-thumbnail","6":"product_cat-7-6-chaussures-blanchesagro-alim","7":"product_tag-moon-low-s2-9mool","8":"yith_product_brand-coverguard","9":"yith_product_brand-coverguard-footwear","11":"first","12":"instock","13":"shipping-taxable","14":"product-type-simple"},"_links":{"self":[{"href":"https:\/\/prosafedz.com\/fr\/wp-json\/wp\/v2\/product\/30697","targetHints":{"allow":["GET"]}}],"collection":[{"href":"https:\/\/prosafedz.com\/fr\/wp-json\/wp\/v2\/product"}],"about":[{"href":"https:\/\/prosafedz.com\/fr\/wp-json\/wp\/v2\/types\/product"}],"wp:featuredmedia":[{"embeddable":true,"href":"https:\/\/prosafedz.com\/fr\/wp-json\/wp\/v2\/media\/34499"}],"wp:attachment":[{"href":"https:\/\/prosafedz.com\/fr\/wp-json\/wp\/v2\/media?parent=30697"}],"wp:term":[{"taxonomy":"product_brand","embeddable":true,"href":"https:\/\/prosafedz.com\/fr\/wp-json\/wp\/v2\/product_brand?post=30697"},{"taxonomy":"product_cat","embeddable":true,"href":"https:\/\/prosafedz.com\/fr\/wp-json\/wp\/v2\/product_cat?post=30697"},{"taxonomy":"product_tag","embeddable":true,"href":"https:\/\/prosafedz.com\/fr\/wp-json\/wp\/v2\/product_tag?post=30697"}],"curies":[{"name":"wp","href":"https:\/\/api.w.org\/{rel}","templated":true}]}}