{"id":30690,"date":"2018-11-06T14:25:07","date_gmt":"2018-11-06T13:25:07","guid":{"rendered":"https:\/\/prosafedz.com\/?post_type=product&#038;p=30690"},"modified":"2024-09-15T16:27:06","modified_gmt":"2024-09-15T14:27:06","slug":"dunlop-grenouillere-pvc-vert-9chsa","status":"publish","type":"product","link":"https:\/\/prosafedz.com\/fr\/produit\/dunlop-grenouillere-pvc-vert-9chsa\/","title":{"rendered":"DUNLOP Grenouill\u00e8re PVC Vert S5 SRA R\u00e9f 9CHSA"},"content":{"rendered":"<p><strong>LES + :<\/strong><\/p>\n<p><strong>&#8211; Protection imperm\u00e9able pour travailler dans l&rsquo;eau.<\/strong><\/p>\n<p><strong>SECTEURS<br \/>\n&#8211;<\/strong> Industries lourdes et de process (sid\u00e9rurgie, m\u00e9tallurgie, papier, b\u00e9ton, pl\u00e2tre\u2026)<br \/>\n<strong>&#8211;<\/strong> Industries l\u00e9g\u00e8res (textile, cuir, plasturgie, caoutchouc, meubles, luxe\u2026)<br \/>\n<strong>&#8211;<\/strong> Industrie agro-alimentaire<br \/>\n<strong>&#8211;<\/strong> Collectivit\u00e9s (maintenance, entretien d\u2019espaces verts, collecte des d\u00e9chets\u2026)<br \/>\n<strong>NORME(S)<\/strong><br \/>\nCette chaussure est conforme au mod\u00e8le de l&rsquo;\u00e9quipement de protection individuelle ayant fait l&rsquo;objet de l&rsquo;attestation CE de type <strong>CE-1775-54\/12.<br \/>\n<\/strong>D\u00e9livr\u00e9 par<strong> CTCP<br \/>\nEN ISO 20345:2011<\/strong><\/p>\n","protected":false},"excerpt":{"rendered":"<p><strong>Le CHEST SAFETY est un Waders imperm\u00e9able en PVC doubl\u00e9e de polyester. La forte adh\u00e9rence de sa semelle ext\u00e9rieure procure une bonne r\u00e9sistance aux glissements sur sol c\u00e9ramique. Il prot\u00e8ge des chocs et de la p\u00e9n\u00e9tration gr\u00e2ce \u00e0 un embout de protection et une semelle intercalaire anti-perforation en acier, et est \u00e9quip\u00e9e d\u2019une semelle en PVC antistatique r\u00e9sistante aux hydrocarbures.<\/strong><\/p>\n<p><a href=\"https:\/\/prosafedz.com\/fr\/wp-content\/uploads\/2023\/04\/9CHSA.pdf\" target=\"_blank\" rel=\"noopener noreferrer\"><button style=\"background-color: #90a96b; font-seize: 20px;\"><strong>T\u00e9l\u00e9charger La Fiche Technique<\/strong><\/button><\/a><\/p>\n","protected":false},"featured_media":34494,"template":"","meta":[],"product_brand":[],"product_cat":[813],"product_tag":[816],"class_list":{"0":"post-30690","1":"product","2":"type-product","3":"status-publish","4":"has-post-thumbnail","6":"product_cat-7-5-bottes-de-securite","7":"product_tag-dunlop-grenouillere-pvc-vert-9chsa","8":"yith_product_brand-coverguard","9":"yith_product_brand-dunlop","11":"first","12":"instock","13":"shipping-taxable","14":"product-type-simple"},"_links":{"self":[{"href":"https:\/\/prosafedz.com\/fr\/wp-json\/wp\/v2\/product\/30690","targetHints":{"allow":["GET"]}}],"collection":[{"href":"https:\/\/prosafedz.com\/fr\/wp-json\/wp\/v2\/product"}],"about":[{"href":"https:\/\/prosafedz.com\/fr\/wp-json\/wp\/v2\/types\/product"}],"wp:featuredmedia":[{"embeddable":true,"href":"https:\/\/prosafedz.com\/fr\/wp-json\/wp\/v2\/media\/34494"}],"wp:attachment":[{"href":"https:\/\/prosafedz.com\/fr\/wp-json\/wp\/v2\/media?parent=30690"}],"wp:term":[{"taxonomy":"product_brand","embeddable":true,"href":"https:\/\/prosafedz.com\/fr\/wp-json\/wp\/v2\/product_brand?post=30690"},{"taxonomy":"product_cat","embeddable":true,"href":"https:\/\/prosafedz.com\/fr\/wp-json\/wp\/v2\/product_cat?post=30690"},{"taxonomy":"product_tag","embeddable":true,"href":"https:\/\/prosafedz.com\/fr\/wp-json\/wp\/v2\/product_tag?post=30690"}],"curies":[{"name":"wp","href":"https:\/\/api.w.org\/{rel}","templated":true}]}}