{"id":30684,"date":"2018-11-06T14:22:49","date_gmt":"2018-11-06T13:22:49","guid":{"rendered":"https:\/\/prosafedz.com\/?post_type=product&#038;p=30684"},"modified":"2024-09-15T16:27:50","modified_gmt":"2024-09-15T14:27:50","slug":"coffinite-s3-marron-9coff","status":"publish","type":"product","link":"https:\/\/prosafedz.com\/fr\/produit\/coffinite-s3-marron-9coff\/","title":{"rendered":"COFFINITE S3 SRC Marron R\u00e9f 9COFF"},"content":{"rendered":"<p><strong>LES + :<\/strong><\/p>\n<p><strong>&#8211; Coutures Kevlar\u00ae.<\/strong><br \/>\n<strong>&#8211; Botte l\u00e9g\u00e8re gr\u00e2ce \u00e0 son embout composite et \u00e0 sa semelle anti-perforation en textile Wellmax\u00ae.<\/strong><br \/>\n<strong>&#8211; R\u00e9sistance aux glissements de la semelle sur sol c\u00e9ramique et acier.<\/strong><br \/>\n<strong>&#8211; Semelle r\u00e9sistante aux hydrocarbures.<\/strong><br \/>\n<strong>&#8211; Semelle ext\u00e9rieure antistatique.<\/strong><br \/>\n<strong>&#8211; Absorption d\u2019\u00e9nergie par le talon.<\/strong><\/p>\n<p><strong>CONDITIONNEMENT DE VENTE<br \/>\n&#8211;<\/strong> 5 PAIRES PAR CARTON<br \/>\n<strong>NORME(S)<\/strong><br \/>\nCette chaussure est conforme au mod\u00e8le de l\u2019\u00e9quipement de protection individuelle ayant fait l\u2019objet de l\u2019attestation CE de type <strong>0075\/1252\/161\/10\/14\/1009 EXT02\/10\/14.<br \/>\n<\/strong>D\u00e9livr\u00e9e par<strong> CTC<\/strong><\/p>\n","protected":false},"excerpt":{"rendered":"<p><strong>&#8211; Embout de protection en composite.<\/strong><\/p>\n<p><strong>&#8211; Semelle anti-perforation en textile.<\/strong><\/p>\n<p><strong>&#8211; Semelle ext\u00e9rieure double densit\u00e9 PU\/PU.<\/strong><\/p>\n<p><strong>&#8211; Doublure en filet respirant.<\/strong><\/p>\n<p><strong>&#8211; Tige en cuir pleine fleur de buffle.<\/strong><\/p>\n<p><strong>&#8211; Coutures Kevlar\u00ae.<\/strong><\/p>\n<p><a href=\"https:\/\/prosafedz.com\/fr\/wp-content\/uploads\/2023\/04\/9COFF.pdf\" target=\"_blank\" rel=\"noopener noreferrer\"><button style=\"background-color: #90a96b; font-seize: 20px;\"><strong>T\u00e9l\u00e9charger La Fiche Technique<\/strong><\/button><\/a><\/p>\n","protected":false},"featured_media":34489,"template":"","meta":[],"product_brand":[],"product_cat":[813],"product_tag":[814],"class_list":{"0":"post-30684","1":"product","2":"type-product","3":"status-publish","4":"has-post-thumbnail","6":"product_cat-7-5-bottes-de-securite","7":"product_tag-coffinite-s3-marron-9coff","8":"yith_product_brand-coverguard","10":"first","11":"instock","12":"shipping-taxable","13":"product-type-simple"},"_links":{"self":[{"href":"https:\/\/prosafedz.com\/fr\/wp-json\/wp\/v2\/product\/30684","targetHints":{"allow":["GET"]}}],"collection":[{"href":"https:\/\/prosafedz.com\/fr\/wp-json\/wp\/v2\/product"}],"about":[{"href":"https:\/\/prosafedz.com\/fr\/wp-json\/wp\/v2\/types\/product"}],"wp:featuredmedia":[{"embeddable":true,"href":"https:\/\/prosafedz.com\/fr\/wp-json\/wp\/v2\/media\/34489"}],"wp:attachment":[{"href":"https:\/\/prosafedz.com\/fr\/wp-json\/wp\/v2\/media?parent=30684"}],"wp:term":[{"taxonomy":"product_brand","embeddable":true,"href":"https:\/\/prosafedz.com\/fr\/wp-json\/wp\/v2\/product_brand?post=30684"},{"taxonomy":"product_cat","embeddable":true,"href":"https:\/\/prosafedz.com\/fr\/wp-json\/wp\/v2\/product_cat?post=30684"},{"taxonomy":"product_tag","embeddable":true,"href":"https:\/\/prosafedz.com\/fr\/wp-json\/wp\/v2\/product_tag?post=30684"}],"curies":[{"name":"wp","href":"https:\/\/api.w.org\/{rel}","templated":true}]}}