{"id":30681,"date":"2018-11-06T14:21:46","date_gmt":"2018-11-06T13:21:46","guid":{"rendered":"https:\/\/prosafedz.com\/?post_type=product&#038;p=30681"},"modified":"2024-09-15T16:28:10","modified_gmt":"2024-09-15T14:28:10","slug":"pyrite-s3-marron-9pyri","status":"publish","type":"product","link":"https:\/\/prosafedz.com\/fr\/produit\/pyrite-s3-marron-9pyri\/","title":{"rendered":"PYRITE S3 SRC Marron R\u00e9f 9PYRI"},"content":{"rendered":"<p><strong>LES + :<\/strong><\/p>\n<p><strong>&#8211; Semelle r\u00e9sistante aux hydrocarbures.<\/strong><br \/>\n<strong>&#8211; Absorption d\u2019\u00e9nergie par le talon.<\/strong><br \/>\n<strong>&#8211; Semelle antistatique et antid\u00e9rapante.<\/strong><br \/>\n<strong>&#8211; Semelle r\u00e9sistante \u00e0 la perforation.<\/strong><br \/>\n<strong>&#8211; Embout tr\u00e8s r\u00e9sistant au choc et \u00e0 l\u2019\u00e9crasement.<\/strong><br \/>\n<strong>&#8211; Imperm\u00e9able.<\/strong><\/p>\n<p><strong>EXEMPLES D\u2019APPLICATIONS<br \/>\n&#8211;<\/strong> Manutention d\u2019objets lourds<br \/>\n<strong>&#8211;<\/strong> Milieux glissants<br \/>\n<strong>&#8211;<\/strong> Milieux p\u00e9troliers<br \/>\n<strong>&#8211;<\/strong> Milieux humides<br \/>\n<strong>&#8211;<\/strong> Industries, stockage<br \/>\n<strong>CONDITIONNEMENT DE VENTE<\/strong><br \/>\n<strong>&#8211;<\/strong> Bo\u00eete individuelle<br \/>\n<strong>&#8211;<\/strong> Carton de 6 paires<br \/>\n<strong>NORME(S)<\/strong><br \/>\nCette chaussure est conforme au mod\u00e8le de l\u2019\u00e9quipement de protection individuelle ayant fait l\u2019objet de l\u2019attestation CE de type <strong>LEC FI00330484.<br \/>\n<\/strong>D\u00e9livr\u00e9e par<strong> INTERTEK<br \/>\nEN ISO 20345:2011<\/strong><\/p>\n","protected":false},"excerpt":{"rendered":"<p><strong>&#8211; Coquille de s\u00e9curit\u00e9 en COMPOSITE.<\/strong><\/p>\n<p><strong>&#8211; Semelle anti-perforation Wellmax\u00ae COMPOSITE.<\/strong><\/p>\n<p><strong>&#8211; Doublure non fourr\u00e9e.<\/strong><\/p>\n<p><strong>&#8211; Tige en cuir de buffle pleine fleur marron clair imperm\u00e9able.<\/strong><\/p>\n<p><strong>&#8211; Semelle en polyur\u00e9thane double densit\u00e9.<\/strong><\/p>\n<p><a href=\"https:\/\/prosafedz.com\/fr\/wp-content\/uploads\/2023\/04\/9PYRI.pdf\" target=\"_blank\" rel=\"noopener noreferrer\"><button style=\"background-color: #90a96b; font-seize: 20px;\"><strong>T\u00e9l\u00e9charger La Fiche Technique<\/strong><\/button><\/a><\/p>\n","protected":false},"featured_media":34481,"template":"","meta":[],"product_brand":[],"product_cat":[813],"product_tag":[812],"class_list":{"0":"post-30681","1":"product","2":"type-product","3":"status-publish","4":"has-post-thumbnail","6":"product_cat-7-5-bottes-de-securite","7":"product_tag-pyrite-s3-marron-9pyri","8":"yith_product_brand-coverguard","10":"first","11":"instock","12":"shipping-taxable","13":"product-type-simple"},"_links":{"self":[{"href":"https:\/\/prosafedz.com\/fr\/wp-json\/wp\/v2\/product\/30681","targetHints":{"allow":["GET"]}}],"collection":[{"href":"https:\/\/prosafedz.com\/fr\/wp-json\/wp\/v2\/product"}],"about":[{"href":"https:\/\/prosafedz.com\/fr\/wp-json\/wp\/v2\/types\/product"}],"wp:featuredmedia":[{"embeddable":true,"href":"https:\/\/prosafedz.com\/fr\/wp-json\/wp\/v2\/media\/34481"}],"wp:attachment":[{"href":"https:\/\/prosafedz.com\/fr\/wp-json\/wp\/v2\/media?parent=30681"}],"wp:term":[{"taxonomy":"product_brand","embeddable":true,"href":"https:\/\/prosafedz.com\/fr\/wp-json\/wp\/v2\/product_brand?post=30681"},{"taxonomy":"product_cat","embeddable":true,"href":"https:\/\/prosafedz.com\/fr\/wp-json\/wp\/v2\/product_cat?post=30681"},{"taxonomy":"product_tag","embeddable":true,"href":"https:\/\/prosafedz.com\/fr\/wp-json\/wp\/v2\/product_tag?post=30681"}],"curies":[{"name":"wp","href":"https:\/\/api.w.org\/{rel}","templated":true}]}}