{"id":30659,"date":"2018-11-06T12:15:09","date_gmt":"2018-11-06T11:15:09","guid":{"rendered":"https:\/\/prosafedz.com\/?post_type=product&#038;p=30659"},"modified":"2024-04-25T17:05:22","modified_gmt":"2024-04-25T15:05:22","slug":"lead-basse-s1-p-9leal-2","status":"publish","type":"product","link":"https:\/\/prosafedz.com\/fr\/produit\/lead-basse-s1-p-9leal-2\/","title":{"rendered":"LEAD Basse S1P SRC R\u00e9f 9LEAL"},"content":{"rendered":"<p><strong>LES + :<\/strong><\/p>\n<p><strong>&#8211; Compatible zones EPA (ESD Protected Area).<\/strong><br \/>\n<strong>&#8211; Confort et l\u00e9g\u00e8ret\u00e9.<\/strong><br \/>\n<strong>&#8211; Tr\u00e8s bonne adh\u00e9rence.<\/strong><\/p>\n<p><strong>EXEMPLES D\u2019APPLICATIONS<br \/>\n&#8211;<\/strong> Peintre<br \/>\n<strong>&#8211;<\/strong> Electricien<br \/>\n<strong>&#8211;<\/strong> Magasinier<br \/>\n<strong>SECTEURS<\/strong><br \/>\n<strong>&#8211;<\/strong> Second-\u0153uvre du b\u00e2timent<br \/>\n<strong>&#8211;<\/strong> Bricolage<br \/>\n<strong>&#8211;<\/strong> Transport (hors fabrication) et logistique<br \/>\n<strong>&#8211;<\/strong> Services et distribution (magasins, h\u00f4tels\/restaurants, nettoyage, garages\u2026)<br \/>\n<strong>NORME(S)<\/strong><br \/>\nCette chaussure est conforme au mod\u00e8le de l&rsquo;\u00e9quipement de protection individuelle ayant fait l&rsquo;objet de l&rsquo;attestation CE de type <strong>LEC FI00364327.<br \/>\n<\/strong>D\u00e9livr\u00e9e par<strong> INTERTEK<br \/>\nEN ISO 20345:2011<\/strong><\/p>\n<p><iframe loading=\"lazy\" title=\"YouTube video player\" src=\"https:\/\/www.youtube.com\/embed\/Dl6sDCcy1hQ\" width=\"560\" height=\"315\" frameborder=\"0\" allowfullscreen=\"allowfullscreen\"><\/iframe><\/p>\n","protected":false},"excerpt":{"rendered":"<p><strong>La LEAD est une chaussure de s\u00e9curit\u00e9 basse en cuir velours. Norm\u00e9e ESD, elle prot\u00e8ge son porteur contre les d\u00e9charges d\u2019\u00e9lectricit\u00e9 statiques. Sa semelle r\u00e9sistantes aux hydrocarbures est \u00e9galement antid\u00e9rapantes sur les sols acier et c\u00e9ramique pour offrir protection et stabilit\u00e9 au porteur.<\/strong><\/p>\n<p><strong>Ce mod\u00e8le l\u00e9ger et souple est \u00e9quip\u00e9 d\u2019un embout en mati\u00e8re composite et d\u2019une semelle anti-perforation en textile, ses caract\u00e9ristiques amagn\u00e9tiques procurent une protection suppl\u00e9mentaire contre les charges \u00e9lectrostatiques.<\/strong><\/p>\n<p><a href=\"https:\/\/prosafedz.com\/fr\/wp-content\/uploads\/2023\/03\/9LEAL.pdf\" target=\"_blank\" rel=\"noopener noreferrer\"><button style=\"background-color: #90a96b; font-seize: 20px;\"><strong>T\u00e9l\u00e9charger La Fiche Technique<\/strong><\/button><\/a><\/p>\n","protected":false},"featured_media":34454,"template":"","meta":[],"product_brand":[],"product_cat":[779,40],"product_tag":[796],"class_list":{"0":"post-30659","1":"product","2":"type-product","3":"status-publish","4":"has-post-thumbnail","6":"product_cat-7-4-baskets-de-securite","7":"product_cat-7-2-chaussures-basse","8":"product_tag-lead-basse-s1-p-9leal","9":"yith_product_brand-coverguard","10":"yith_product_brand-coverguard-footwear","12":"first","13":"instock","14":"shipping-taxable","15":"product-type-simple"},"_links":{"self":[{"href":"https:\/\/prosafedz.com\/fr\/wp-json\/wp\/v2\/product\/30659","targetHints":{"allow":["GET"]}}],"collection":[{"href":"https:\/\/prosafedz.com\/fr\/wp-json\/wp\/v2\/product"}],"about":[{"href":"https:\/\/prosafedz.com\/fr\/wp-json\/wp\/v2\/types\/product"}],"wp:featuredmedia":[{"embeddable":true,"href":"https:\/\/prosafedz.com\/fr\/wp-json\/wp\/v2\/media\/34454"}],"wp:attachment":[{"href":"https:\/\/prosafedz.com\/fr\/wp-json\/wp\/v2\/media?parent=30659"}],"wp:term":[{"taxonomy":"product_brand","embeddable":true,"href":"https:\/\/prosafedz.com\/fr\/wp-json\/wp\/v2\/product_brand?post=30659"},{"taxonomy":"product_cat","embeddable":true,"href":"https:\/\/prosafedz.com\/fr\/wp-json\/wp\/v2\/product_cat?post=30659"},{"taxonomy":"product_tag","embeddable":true,"href":"https:\/\/prosafedz.com\/fr\/wp-json\/wp\/v2\/product_tag?post=30659"}],"curies":[{"name":"wp","href":"https:\/\/api.w.org\/{rel}","templated":true}]}}