{"id":30656,"date":"2018-11-06T12:13:36","date_gmt":"2018-11-06T11:13:36","guid":{"rendered":"https:\/\/prosafedz.com\/?post_type=product&#038;p=30656"},"modified":"2023-03-19T16:01:28","modified_gmt":"2023-03-19T15:01:28","slug":"astrolite-haute-s3-9asth-2","status":"publish","type":"product","link":"https:\/\/prosafedz.com\/fr\/produit\/astrolite-haute-s3-9asth-2\/","title":{"rendered":"ASTROLITE Haute S3 SRC R\u00e9f 9ASTH"},"content":{"rendered":"<p><strong>LES + :<\/strong><\/p>\n<p><strong>&#8211; L\u00e9g\u00e8re pour un port longue dur\u00e9e.<\/strong><br \/>\n<strong>&#8211; Tige et doublure respirantes.<\/strong><br \/>\n<strong>&#8211; Souplesse facilitant le travail \u00e0 genoux.<\/strong><\/p>\n<p><strong>EXEMPLES D\u2019APPLICATIONS<br \/>\n&#8211;<\/strong> Bagagiste<br \/>\n<strong>&#8211;<\/strong> Chauffeur livreur<br \/>\n<strong>SECTEURS<\/strong><br \/>\n<strong>&#8211;<\/strong> Infrastructures, BTP, TP<br \/>\n<strong>&#8211;<\/strong> Second-\u0153uvre du b\u00e2timent<br \/>\n<strong>&#8211;<\/strong> Transport (hors fabrication) et logistique<br \/>\n<strong>&#8211;<\/strong> Services et distribution (magasins, h\u00f4tels\/restaurants, nettoyage, garages\u2026)<br \/>\n<strong>NORME(S)<\/strong><br \/>\nCette chaussure est conforme au mod\u00e8le de l&rsquo;\u00e9quipement de protection individuelle ayant fait l&rsquo;objet de l&rsquo;attestation CE de type <strong>LEC FI00340789.<br \/>\n<\/strong>D\u00e9livr\u00e9e par<strong> INTERTEK<br \/>\nEN ISO 20345:2011<\/strong><\/p>\n","protected":false},"excerpt":{"rendered":"<p><strong>L\u2019ASTROLITE est une chaussure de s\u00e9curit\u00e9 montante en cuir gras pleine fleur con\u00e7ue avec des mat\u00e9riaux \u00e0 forte respirabilit\u00e9 pour une utilisation dans les meilleures conditions m\u00eame sur une longue dur\u00e9e. Cette chaussure de s\u00e9curit\u00e9 antid\u00e9rapante sur sol acier et c\u00e9ramique offre \u00e0 son porteur stabilit\u00e9 et protection.<\/strong><\/p>\n<p><strong>Ce mod\u00e8le totalement amagn\u00e9tique garantit la protection du pied gr\u00e2ce \u00e0 une semelle anti-perforation en textile et un embout en composite.<\/strong><\/p>\n<p><a href=\"https:\/\/prosafedz.com\/fr\/wp-content\/uploads\/2023\/03\/9ASTH.pdf\" target=\"_blank\" rel=\"noopener noreferrer\"><button style=\"background-color: #90a96b; font-seize: 20px;\"><strong>T\u00e9l\u00e9charger La Fiche Technique<\/strong><\/button><\/a><\/p>\n","protected":false},"featured_media":34411,"template":"","meta":[],"product_brand":[],"product_cat":[779,776],"product_tag":[778],"class_list":{"0":"post-30656","1":"product","2":"type-product","3":"status-publish","4":"has-post-thumbnail","6":"product_cat-7-4-baskets-de-securite","7":"product_cat-7-1-chaussures-hautes","8":"product_tag-astrolite-haute-s3-9asth","9":"yith_product_brand-coverguard","10":"yith_product_brand-coverguard-footwear","12":"first","13":"instock","14":"shipping-taxable","15":"product-type-simple"},"_links":{"self":[{"href":"https:\/\/prosafedz.com\/fr\/wp-json\/wp\/v2\/product\/30656","targetHints":{"allow":["GET"]}}],"collection":[{"href":"https:\/\/prosafedz.com\/fr\/wp-json\/wp\/v2\/product"}],"about":[{"href":"https:\/\/prosafedz.com\/fr\/wp-json\/wp\/v2\/types\/product"}],"wp:featuredmedia":[{"embeddable":true,"href":"https:\/\/prosafedz.com\/fr\/wp-json\/wp\/v2\/media\/34411"}],"wp:attachment":[{"href":"https:\/\/prosafedz.com\/fr\/wp-json\/wp\/v2\/media?parent=30656"}],"wp:term":[{"taxonomy":"product_brand","embeddable":true,"href":"https:\/\/prosafedz.com\/fr\/wp-json\/wp\/v2\/product_brand?post=30656"},{"taxonomy":"product_cat","embeddable":true,"href":"https:\/\/prosafedz.com\/fr\/wp-json\/wp\/v2\/product_cat?post=30656"},{"taxonomy":"product_tag","embeddable":true,"href":"https:\/\/prosafedz.com\/fr\/wp-json\/wp\/v2\/product_tag?post=30656"}],"curies":[{"name":"wp","href":"https:\/\/api.w.org\/{rel}","templated":true}]}}