{"id":30649,"date":"2018-11-06T11:23:38","date_gmt":"2018-11-06T10:23:38","guid":{"rendered":"https:\/\/prosafedz.com\/?post_type=product&#038;p=30649"},"modified":"2024-09-15T16:31:34","modified_gmt":"2024-09-15T14:31:34","slug":"kasolite-basse-s1-p-9kasl","status":"publish","type":"product","link":"https:\/\/prosafedz.com\/fr\/produit\/kasolite-basse-s1-p-9kasl\/","title":{"rendered":"KASOLITE Basse S1P SRA HRO R\u00e9f 9KASL"},"content":{"rendered":"<p><strong>LES + :<\/strong><\/p>\n<p><strong>&#8211; L\u00e9g\u00e8re pour un port longue dur\u00e9e.<\/strong><br \/>\n<strong>&#8211; Tige et doublure respirantes.<\/strong><br \/>\n<strong>&#8211; Rembourrage pour un meilleur maintien.<\/strong><\/p>\n<p><strong>SECTEURS<br \/>\n&#8211; <\/strong>Industrie agro-alimentaire<br \/>\n<strong>&#8211;<\/strong> Collectivit\u00e9s<br \/>\n<strong>&#8211;<\/strong> Second-\u0153uvre du b\u00e2timent<br \/>\n<strong>&#8211;<\/strong> Transport (hors fabrication) et logistique<br \/>\n<strong>NORME(S)<\/strong><br \/>\nCette chaussure est conforme au mod\u00e8le de l&rsquo;\u00e9quipement de protection individuelle ayant fait l&rsquo;objet de l&rsquo;attestation CE de type <strong>LEC FI00330999.<br \/>\n<\/strong>D\u00e9livr\u00e9e par<strong> INTERTEK<br \/>\nEN ISO 20345:2011<\/strong><\/p>\n","protected":false},"excerpt":{"rendered":"<p><strong>La KASOLITE est une chaussure de s\u00e9curit\u00e9 pour femme en cuir velours et nylon. Elle poss\u00e8de un col et une languette renforc\u00e9s pour plus de protection. Afin de favoriser sa souplesse et sa l\u00e9g\u00e8ret\u00e9, l\u2019embout de protection et la semelle anti-perforation de la chaussure sont respectivement en mati\u00e8re composite et en textile.<\/strong><\/p>\n<p><strong>Le semelage de cette chaussure peut r\u00e9sister \u00e0 une temp\u00e9rature au contact jusqu\u2019\u00e0 300 \u00b0c (pendant 1 minute).<\/strong><\/p>\n<p><a href=\"https:\/\/prosafedz.com\/fr\/wp-content\/uploads\/2023\/03\/9KASL.pdf\" target=\"_blank\" rel=\"noopener noreferrer\"><button style=\"background-color: #90a96b; font-seize: 20px;\"><strong>T\u00e9l\u00e9charger La Fiche Technique<\/strong><\/button><\/a><\/p>\n","protected":false},"featured_media":34460,"template":"","meta":[],"product_brand":[],"product_cat":[784],"product_tag":[807],"class_list":{"0":"post-30649","1":"product","2":"type-product","3":"status-publish","4":"has-post-thumbnail","6":"product_cat-7-3-chaussures-pour-femmes","7":"product_tag-kasolite-basse-s1-p-9kasl","8":"yith_product_brand-coverguard","9":"yith_product_brand-coverguard-footwear","11":"first","12":"instock","13":"shipping-taxable","14":"product-type-simple"},"_links":{"self":[{"href":"https:\/\/prosafedz.com\/fr\/wp-json\/wp\/v2\/product\/30649","targetHints":{"allow":["GET"]}}],"collection":[{"href":"https:\/\/prosafedz.com\/fr\/wp-json\/wp\/v2\/product"}],"about":[{"href":"https:\/\/prosafedz.com\/fr\/wp-json\/wp\/v2\/types\/product"}],"wp:featuredmedia":[{"embeddable":true,"href":"https:\/\/prosafedz.com\/fr\/wp-json\/wp\/v2\/media\/34460"}],"wp:attachment":[{"href":"https:\/\/prosafedz.com\/fr\/wp-json\/wp\/v2\/media?parent=30649"}],"wp:term":[{"taxonomy":"product_brand","embeddable":true,"href":"https:\/\/prosafedz.com\/fr\/wp-json\/wp\/v2\/product_brand?post=30649"},{"taxonomy":"product_cat","embeddable":true,"href":"https:\/\/prosafedz.com\/fr\/wp-json\/wp\/v2\/product_cat?post=30649"},{"taxonomy":"product_tag","embeddable":true,"href":"https:\/\/prosafedz.com\/fr\/wp-json\/wp\/v2\/product_tag?post=30649"}],"curies":[{"name":"wp","href":"https:\/\/api.w.org\/{rel}","templated":true}]}}