{"id":30627,"date":"2018-11-05T18:54:00","date_gmt":"2018-11-05T17:54:00","guid":{"rendered":"https:\/\/prosafedz.com\/?post_type=product&#038;p=30627"},"modified":"2024-09-15T16:33:52","modified_gmt":"2024-09-15T14:33:52","slug":"cobalt-basse-s1p-9cobl","status":"publish","type":"product","link":"https:\/\/prosafedz.com\/fr\/produit\/cobalt-basse-s1p-9cobl\/","title":{"rendered":"COBALT Basse S1P SRC R\u00e9f 9COBL"},"content":{"rendered":"<p><strong>LES + :<\/strong><\/p>\n<p><strong>&#8211; Tige et doublure respirantes.<\/strong><br \/>\n<strong>&#8211; Renfort anti-torsion de la vo\u00fbte plantaire.<\/strong><br \/>\n<strong>&#8211; Semelle interm\u00e9diaire avec surbout de protection avant.<\/strong><\/p>\n<p><strong>EXEMPLES D\u2019APPLICATIONS<br \/>\n&#8211;<\/strong> Bagagiste<br \/>\n<strong>&#8211;<\/strong> Chauffeur livreur<br \/>\n<strong>SECTEURS<\/strong><br \/>\n<strong>&#8211;<\/strong> Infrastructures, BTP, TP<br \/>\n<strong>&#8211;<\/strong> Second-\u0153uvre du b\u00e2timent<br \/>\n<strong>&#8211;<\/strong> Transport (hors fabrication) et logistique<br \/>\n<strong>&#8211;<\/strong> Services et distribution (magasins, h\u00f4tels\/restaurants, nettoyage, garages\u2026)<br \/>\n<strong>NORME(S)<\/strong><br \/>\nCette chaussure est conforme au mod\u00e8le de l&rsquo;\u00e9quipement de protection individuelle ayant fait l&rsquo;objet de l&rsquo;attestation CE de type <strong>LEC FI00343791.<br \/>\n<\/strong>D\u00e9livr\u00e9e par<strong> INTERTEK<br \/>\nEN ISO 20345:2011<\/strong><\/p>\n","protected":false},"excerpt":{"rendered":"<p><strong>La COBALT II est une chaussure de s\u00e9curit\u00e9 basse en cuir velours matelass\u00e9e au niveau du prot\u00e8ge mall\u00e9ole et de la languette. Elle est \u00e9quip\u00e9e d\u2019une semelle ext\u00e9rieure \u00e0 forte r\u00e9sistance aux glissements sur sol c\u00e9ramiques et acier.<\/strong><\/p>\n<p><strong>Ce mod\u00e8le est souple et l\u00e9ger gr\u00e2ce \u00e0 son embout en composite et sa semelle intercalaire contre la perforation en textile. Sa semelle ext\u00e9rieure est antistatique et r\u00e9sistante aux hydrocarbures.<\/strong><\/p>\n<p><a href=\"https:\/\/prosafedz.com\/fr\/wp-content\/uploads\/2023\/03\/9COBL.pdf\" target=\"_blank\" rel=\"noopener noreferrer\"><button style=\"background-color: #90a96b; font-seize: 20px;\"><strong>T\u00e9l\u00e9charger La Fiche Technique<\/strong><\/button><\/a><\/p>\n","protected":false},"featured_media":34451,"template":"","meta":[],"product_brand":[],"product_cat":[40],"product_tag":[800],"class_list":{"0":"post-30627","1":"product","2":"type-product","3":"status-publish","4":"has-post-thumbnail","6":"product_cat-7-2-chaussures-basse","7":"product_tag-cobalt-basse-s1p-9cobl","8":"yith_product_brand-coverguard","9":"yith_product_brand-coverguard-footwear","11":"first","12":"instock","13":"shipping-taxable","14":"product-type-simple"},"_links":{"self":[{"href":"https:\/\/prosafedz.com\/fr\/wp-json\/wp\/v2\/product\/30627","targetHints":{"allow":["GET"]}}],"collection":[{"href":"https:\/\/prosafedz.com\/fr\/wp-json\/wp\/v2\/product"}],"about":[{"href":"https:\/\/prosafedz.com\/fr\/wp-json\/wp\/v2\/types\/product"}],"wp:featuredmedia":[{"embeddable":true,"href":"https:\/\/prosafedz.com\/fr\/wp-json\/wp\/v2\/media\/34451"}],"wp:attachment":[{"href":"https:\/\/prosafedz.com\/fr\/wp-json\/wp\/v2\/media?parent=30627"}],"wp:term":[{"taxonomy":"product_brand","embeddable":true,"href":"https:\/\/prosafedz.com\/fr\/wp-json\/wp\/v2\/product_brand?post=30627"},{"taxonomy":"product_cat","embeddable":true,"href":"https:\/\/prosafedz.com\/fr\/wp-json\/wp\/v2\/product_cat?post=30627"},{"taxonomy":"product_tag","embeddable":true,"href":"https:\/\/prosafedz.com\/fr\/wp-json\/wp\/v2\/product_tag?post=30627"}],"curies":[{"name":"wp","href":"https:\/\/api.w.org\/{rel}","templated":true}]}}