{"id":30621,"date":"2018-11-05T18:52:00","date_gmt":"2018-11-05T17:52:00","guid":{"rendered":"https:\/\/prosafedz.com\/?post_type=product&#038;p=30621"},"modified":"2024-09-15T16:34:23","modified_gmt":"2024-09-15T14:34:23","slug":"rubis-chaussure-femme-basse-s3-9rubl","status":"publish","type":"product","link":"https:\/\/prosafedz.com\/fr\/produit\/rubis-chaussure-femme-basse-s3-9rubl\/","title":{"rendered":"RUBIS Basse S3 SRA HRO R\u00e9f 9RUBL"},"content":{"rendered":"<p><strong>LES + :<\/strong><\/p>\n<p><strong>&#8211; Tige et doublure respirantes.<\/strong><br \/>\n<strong>&#8211; Protection anti-abrasion sur le talon.<\/strong><br \/>\n<strong>&#8211; Rembourrage pour un meilleur maintien.<\/strong><br \/>\n<strong>&#8211; Talon arrondi pour une conduite plus confortable.<\/strong><\/p>\n<p><strong>SECTEURS<br \/>\n&#8211;<\/strong> Industrie agro-alimentaire<br \/>\n<strong>&#8211;<\/strong> Collectivit\u00e9s<br \/>\n<strong>&#8211;<\/strong> Second-\u0153uvre du b\u00e2timent<br \/>\n<strong>&#8211;<\/strong> Transport (hors fabrication) et logistique<br \/>\n<strong>NORME(S)<\/strong><br \/>\nCette chaussure est conforme au mod\u00e8le de l&rsquo;\u00e9quipement de protection individuelle ayant fait l&rsquo;objet de l&rsquo;attestation CE de type <strong>LEC FI00332900.<br \/>\n<\/strong>D\u00e9livr\u00e9e par<strong> INTERTEK<br \/>\nEN ISO 20345:2011<\/strong><\/p>\n","protected":false},"excerpt":{"rendered":"<p><strong>La RUBIS est une chaussure de s\u00e9curit\u00e9 basse en nubuck. Ce mod\u00e8le pour femme poss\u00e8de une semelle r\u00e9sistante aux glissements sur les sols c\u00e9ramique. Totalement amagn\u00e9tique ce mod\u00e8le contient une semelle anti-perforation en textile et un embout de protection en mati\u00e8re composite. Son semelage est con\u00e7u pour r\u00e9sister aux tr\u00e8s fortes temp\u00e9ratures jusqu\u2019\u00e0 300 \u00b0C au contact (pendant 1 minute).<\/strong><\/p>\n<p><a href=\"https:\/\/prosafedz.com\/fr\/wp-content\/uploads\/2023\/04\/9RUBL.pdf\" target=\"_blank\" rel=\"noopener noreferrer\"><button style=\"background-color: #90a96b; font-seize: 20px;\"><strong>T\u00e9l\u00e9charger La Fiche Technique<\/strong><\/button><\/a><\/p>\n","protected":false},"featured_media":34466,"template":"","meta":[],"product_brand":[],"product_cat":[784],"product_tag":[799],"class_list":{"0":"post-30621","1":"product","2":"type-product","3":"status-publish","4":"has-post-thumbnail","6":"product_cat-7-3-chaussures-pour-femmes","7":"product_tag-rubis-chaussure-femme-basse-s3-9rubl","8":"yith_product_brand-coverguard","10":"first","11":"instock","12":"shipping-taxable","13":"product-type-simple"},"_links":{"self":[{"href":"https:\/\/prosafedz.com\/fr\/wp-json\/wp\/v2\/product\/30621","targetHints":{"allow":["GET"]}}],"collection":[{"href":"https:\/\/prosafedz.com\/fr\/wp-json\/wp\/v2\/product"}],"about":[{"href":"https:\/\/prosafedz.com\/fr\/wp-json\/wp\/v2\/types\/product"}],"wp:featuredmedia":[{"embeddable":true,"href":"https:\/\/prosafedz.com\/fr\/wp-json\/wp\/v2\/media\/34466"}],"wp:attachment":[{"href":"https:\/\/prosafedz.com\/fr\/wp-json\/wp\/v2\/media?parent=30621"}],"wp:term":[{"taxonomy":"product_brand","embeddable":true,"href":"https:\/\/prosafedz.com\/fr\/wp-json\/wp\/v2\/product_brand?post=30621"},{"taxonomy":"product_cat","embeddable":true,"href":"https:\/\/prosafedz.com\/fr\/wp-json\/wp\/v2\/product_cat?post=30621"},{"taxonomy":"product_tag","embeddable":true,"href":"https:\/\/prosafedz.com\/fr\/wp-json\/wp\/v2\/product_tag?post=30621"}],"curies":[{"name":"wp","href":"https:\/\/api.w.org\/{rel}","templated":true}]}}