{"id":30606,"date":"2018-11-05T18:45:45","date_gmt":"2018-11-05T17:45:45","guid":{"rendered":"https:\/\/prosafedz.com\/?post_type=product&#038;p=30606"},"modified":"2024-04-25T17:03:36","modified_gmt":"2024-04-25T15:03:36","slug":"agate-basse-s3-9agal","status":"publish","type":"product","link":"https:\/\/prosafedz.com\/fr\/produit\/agate-basse-s3-9agal\/","title":{"rendered":"AGATE Basse S3 SRC R\u00e9f 9AGAL"},"content":{"rendered":"<p><strong>LES + :<\/strong><\/p>\n<p><strong>&#8211; Embout de protection et semelle anti-perforation en acier.<\/strong><br \/>\n<strong>&#8211; R\u00e9sistance aux glissements de la semelle sur sol c\u00e9ramique et acier.<\/strong><br \/>\n<strong>&#8211; Semelle r\u00e9sistante aux hydrocarbures.<\/strong><br \/>\n<strong>&#8211; Semelle ext\u00e9rieure antistatique.<\/strong><br \/>\n<strong>&#8211; Absorption d\u2019\u00e9nergie par le talon.<\/strong><\/p>\n<p><strong>CONDITIONNEMENT DE VENTE<br \/>\n&#8211;<\/strong> 10 PAIRES PAR CARTON<br \/>\n<strong>NORME(S)<\/strong><br \/>\nCette chaussure est conforme au mod\u00e8le de l\u2019\u00e9quipement de protection individuelle ayant fait l\u2019objet de l\u2019attestation CE de type <strong>LEC FI00341787.<br \/>\n<\/strong>D\u00e9livr\u00e9e par<strong> INTERTEK<br \/>\nEN ISO 20345:2011<\/strong><\/p>\n","protected":false},"excerpt":{"rendered":"<p><strong>L\u2019AGATHE est une chaussure basse en cuir au col matelass\u00e9 pour une meilleure protection. Sa doublure en textile non tiss\u00e9 augmente la respirabilit\u00e9 de la chaussure pour un confort d\u2019usage durable. Ce mod\u00e8le est \u00e9quip\u00e9 d\u2019un embout ainsi que d\u2019une semelle intercalaire en acier pour une protection contre la perforation. Il est dot\u00e9 d\u2019une semelle ext\u00e9rieure en r\u00e9sistante aux hydrocarbures et aux glissements sur sols c\u00e9ramiques et acier.<\/strong><\/p>\n<p><a href=\"http:\/\/prosafedz.com\/fr\/wp-content\/uploads\/2021\/09\/02-9AGAL.pdf\" target=\"_blank\" rel=\"noopener noreferrer\"><button style=\"background-color: #90a96b; font-seize: 20px;\"><strong>T\u00e9l\u00e9charger La Fiche Technique<\/strong><\/button><\/a><\/p>\n","protected":false},"featured_media":34434,"template":"","meta":[],"product_brand":[],"product_cat":[40],"product_tag":[794],"class_list":{"0":"post-30606","1":"product","2":"type-product","3":"status-publish","4":"has-post-thumbnail","6":"product_cat-7-2-chaussures-basse","7":"product_tag-agate-basse-s3-9agal","8":"yith_product_brand-coverguard","9":"yith_product_brand-coverguard-footwear","11":"first","12":"instock","13":"shipping-taxable","14":"product-type-simple"},"_links":{"self":[{"href":"https:\/\/prosafedz.com\/fr\/wp-json\/wp\/v2\/product\/30606","targetHints":{"allow":["GET"]}}],"collection":[{"href":"https:\/\/prosafedz.com\/fr\/wp-json\/wp\/v2\/product"}],"about":[{"href":"https:\/\/prosafedz.com\/fr\/wp-json\/wp\/v2\/types\/product"}],"wp:featuredmedia":[{"embeddable":true,"href":"https:\/\/prosafedz.com\/fr\/wp-json\/wp\/v2\/media\/34434"}],"wp:attachment":[{"href":"https:\/\/prosafedz.com\/fr\/wp-json\/wp\/v2\/media?parent=30606"}],"wp:term":[{"taxonomy":"product_brand","embeddable":true,"href":"https:\/\/prosafedz.com\/fr\/wp-json\/wp\/v2\/product_brand?post=30606"},{"taxonomy":"product_cat","embeddable":true,"href":"https:\/\/prosafedz.com\/fr\/wp-json\/wp\/v2\/product_cat?post=30606"},{"taxonomy":"product_tag","embeddable":true,"href":"https:\/\/prosafedz.com\/fr\/wp-json\/wp\/v2\/product_tag?post=30606"}],"curies":[{"name":"wp","href":"https:\/\/api.w.org\/{rel}","templated":true}]}}