{"id":30593,"date":"2018-11-05T17:46:11","date_gmt":"2018-11-05T16:46:11","guid":{"rendered":"https:\/\/prosafedz.com\/?post_type=product&#038;p=30593"},"modified":"2024-09-15T16:34:49","modified_gmt":"2024-09-15T14:34:49","slug":"aventurine-haute-s3-9aveh","status":"publish","type":"product","link":"https:\/\/prosafedz.com\/fr\/produit\/aventurine-haute-s3-9aveh\/","title":{"rendered":"AVENTURINE Haute S3 SRC R\u00e9f 9AVEH"},"content":{"rendered":"<p><strong>LES + :<\/strong><\/p>\n<p><strong>&#8211; Rembourrage pour un meilleur maintien.<\/strong><br \/>\n<strong>&#8211; Talon d\u00e9croch\u00e9 pour une meilleure stabilit\u00e9 sur les \u00e9chelles.<\/strong><\/p>\n<p><strong>EXEMPLES D\u2019APPLICATIONS<br \/>\n&#8211;<\/strong> Bagagiste<br \/>\n<strong>&#8211;<\/strong> Chauffeur livreur<br \/>\n<strong>SECTEURS<\/strong><br \/>\n<strong>&#8211;<\/strong> Infrastructures, BTP, TP<br \/>\n<strong>&#8211;<\/strong> Second-\u0153uvre du b\u00e2timent<br \/>\n<strong>&#8211;<\/strong> Transport (hors fabrication) et logistique<br \/>\n<strong>&#8211;<\/strong> Services et distribution (magasins, h\u00f4tels\/restaurants, nettoyage, garages\u2026)<br \/>\n<strong>NORME(S)<\/strong><br \/>\nCette chaussure est conforme au mod\u00e8le de l&rsquo;\u00e9quipement de protection individuelle ayant fait l&rsquo;objet de l&rsquo;attestation CE de type <strong>LEC FI00330484.<br \/>\n<\/strong>D\u00e9livr\u00e9 par<strong> INTERTEK<br \/>\nEN ISO 20345:2011<\/strong><\/p>\n<p>&nbsp;<\/p>\n","protected":false},"excerpt":{"rendered":"<p><strong>L\u2019AVENTURINE est chaussure de s\u00e9curit\u00e9 montante en cuir pleine fleur matelass\u00e9e au niveau du prot\u00e8ge mall\u00e9ole et de la languette. Sa semelle ext\u00e9rieure procure une grande stabilit\u00e9 gr\u00e2ce \u00e0 sa r\u00e9sistance aux glissements sur sol acier et c\u00e9ramique.<\/strong><\/p>\n<p><strong>Ce mod\u00e8le est \u00e9quip\u00e9 d\u2019un embout en composite et d\u2019une semelle intercalaire en textile contre la perforation, favorisant sa l\u00e9g\u00e8ret\u00e9 et sa souplesse.<\/strong><\/p>\n<p><a href=\"https:\/\/prosafedz.com\/fr\/wp-content\/uploads\/2023\/03\/9AVEH.pdf\" target=\"_blank\" rel=\"noopener noreferrer\"><button style=\"background-color: #90a96b; font-seize: 20px;\"><strong>T\u00e9l\u00e9charger La Fiche Technique<\/strong><\/button><\/a><\/p>\n","protected":false},"featured_media":34416,"template":"","meta":[],"product_brand":[],"product_cat":[776],"product_tag":[790],"class_list":{"0":"post-30593","1":"product","2":"type-product","3":"status-publish","4":"has-post-thumbnail","6":"product_cat-7-1-chaussures-hautes","7":"product_tag-aventurine-haute-s3-9aveh","8":"yith_product_brand-coverguard","9":"yith_product_brand-coverguard-footwear","11":"first","12":"instock","13":"shipping-taxable","14":"product-type-simple"},"_links":{"self":[{"href":"https:\/\/prosafedz.com\/fr\/wp-json\/wp\/v2\/product\/30593","targetHints":{"allow":["GET"]}}],"collection":[{"href":"https:\/\/prosafedz.com\/fr\/wp-json\/wp\/v2\/product"}],"about":[{"href":"https:\/\/prosafedz.com\/fr\/wp-json\/wp\/v2\/types\/product"}],"wp:featuredmedia":[{"embeddable":true,"href":"https:\/\/prosafedz.com\/fr\/wp-json\/wp\/v2\/media\/34416"}],"wp:attachment":[{"href":"https:\/\/prosafedz.com\/fr\/wp-json\/wp\/v2\/media?parent=30593"}],"wp:term":[{"taxonomy":"product_brand","embeddable":true,"href":"https:\/\/prosafedz.com\/fr\/wp-json\/wp\/v2\/product_brand?post=30593"},{"taxonomy":"product_cat","embeddable":true,"href":"https:\/\/prosafedz.com\/fr\/wp-json\/wp\/v2\/product_cat?post=30593"},{"taxonomy":"product_tag","embeddable":true,"href":"https:\/\/prosafedz.com\/fr\/wp-json\/wp\/v2\/product_tag?post=30593"}],"curies":[{"name":"wp","href":"https:\/\/api.w.org\/{rel}","templated":true}]}}