{"id":30587,"date":"2018-11-05T17:44:23","date_gmt":"2018-11-05T16:44:23","guid":{"rendered":"https:\/\/prosafedz.com\/?post_type=product&#038;p=30587"},"modified":"2023-03-23T12:12:08","modified_gmt":"2023-03-23T11:12:08","slug":"topaz-haute-composite-s3-9toph","status":"publish","type":"product","link":"https:\/\/prosafedz.com\/fr\/produit\/topaz-haute-composite-s3-9toph\/","title":{"rendered":"TOPAZ Haute S3 SRC HRO R\u00e9f 9TOPH"},"content":{"rendered":"<p><strong>LES + :<\/strong><\/p>\n<p><strong>&#8211; Renfort anti-torsion de la voute plantaire.<\/strong><br \/>\n<strong>&#8211; Bracelet et languette \u00e0 soufflet rembourr\u00e9s pour un meilleur maintien.<\/strong><\/p>\n<p><strong>EXEMPLES D\u2019APPLICATIONS<br \/>\n&#8211;<\/strong> Ma\u00e7on<br \/>\n<strong>&#8211;<\/strong> Couvreur<br \/>\n<strong>&#8211;<\/strong> Agent de piste<br \/>\n<strong>&#8211;<\/strong> Bagagiste tractoriste<br \/>\n<strong>&#8211;<\/strong> Conducteur de travaux<br \/>\n<strong>&#8211;<\/strong> Docker<br \/>\n<strong>SECTEURS<\/strong><br \/>\n<strong>&#8211;<\/strong> Exploitation mini\u00e8re<br \/>\n<strong>&#8211;<\/strong> Industries extractives (p\u00e9trole, gas)<br \/>\n<strong>&#8211;<\/strong> Energie<br \/>\n<strong>&#8211;<\/strong> Infrastructures, BTP, TP<br \/>\n<strong>NORME(S)<\/strong><br \/>\nCette chaussure est conforme au mod\u00e8le de l&rsquo;\u00e9quipement de protection individuelle ayant fait l&rsquo;objet de l&rsquo;attestation CE de type <strong>LEC FI00341289.<br \/>\n<\/strong>D\u00e9livr\u00e9e par<strong> INTERTEK<br \/>\nEN ISO 20345:2011<\/strong><\/p>\n","protected":false},"excerpt":{"rendered":"<p><strong>La TOPAZ est une chaussure montante de s\u00e9curit\u00e9 en cuir gras pleine fleur doubl\u00e9e d\u2019un filet respirant. Des renforts sont plac\u00e9s \u00e0 l\u2019avant et \u00e0 l\u2019arri\u00e8re du pied afin d\u2019assurer une protection optimale et prolonger la long\u00e9vit\u00e9 de la chaussure. Elle est \u00e9quip\u00e9e d\u2019une semelle antid\u00e9rapante r\u00e9sistante aux glissements sur sols acier et c\u00e9ramique.<\/strong><\/p>\n<p><strong>Cette chaussure de s\u00e9curit\u00e9 sans m\u00e9tal renferme un embout de protection en composite et une semelle anti-perforation en textile favorisant la l\u00e9g\u00e8ret\u00e9 du mod\u00e8le. Sa semelle ext\u00e9rieure est r\u00e9sistante aux tr\u00e8s fortes temp\u00e9ratures au contact (jusqu\u2019\u00e0 300 \u00b0C pendant une minute).<\/strong><\/p>\n<p><a href=\"https:\/\/prosafedz.com\/fr\/wp-content\/uploads\/2023\/03\/9TOPH2.pdf\" target=\"_blank\" rel=\"noopener noreferrer\"><button style=\"background-color: #90a96b; font-seize: 20px;\"><strong>T\u00e9l\u00e9charger La Fiche Technique<\/strong><\/button><\/a><\/p>\n","protected":false},"featured_media":34429,"template":"","meta":[],"product_brand":[],"product_cat":[776],"product_tag":[788],"class_list":{"0":"post-30587","1":"product","2":"type-product","3":"status-publish","4":"has-post-thumbnail","6":"product_cat-7-1-chaussures-hautes","7":"product_tag-topaz-haute-composite-s3-9toph","8":"yith_product_brand-coverguard","9":"yith_product_brand-coverguard-footwear","11":"first","12":"instock","13":"shipping-taxable","14":"product-type-simple"},"_links":{"self":[{"href":"https:\/\/prosafedz.com\/fr\/wp-json\/wp\/v2\/product\/30587","targetHints":{"allow":["GET"]}}],"collection":[{"href":"https:\/\/prosafedz.com\/fr\/wp-json\/wp\/v2\/product"}],"about":[{"href":"https:\/\/prosafedz.com\/fr\/wp-json\/wp\/v2\/types\/product"}],"wp:featuredmedia":[{"embeddable":true,"href":"https:\/\/prosafedz.com\/fr\/wp-json\/wp\/v2\/media\/34429"}],"wp:attachment":[{"href":"https:\/\/prosafedz.com\/fr\/wp-json\/wp\/v2\/media?parent=30587"}],"wp:term":[{"taxonomy":"product_brand","embeddable":true,"href":"https:\/\/prosafedz.com\/fr\/wp-json\/wp\/v2\/product_brand?post=30587"},{"taxonomy":"product_cat","embeddable":true,"href":"https:\/\/prosafedz.com\/fr\/wp-json\/wp\/v2\/product_cat?post=30587"},{"taxonomy":"product_tag","embeddable":true,"href":"https:\/\/prosafedz.com\/fr\/wp-json\/wp\/v2\/product_tag?post=30587"}],"curies":[{"name":"wp","href":"https:\/\/api.w.org\/{rel}","templated":true}]}}