{"id":30486,"date":"2018-10-31T11:13:56","date_gmt":"2018-10-31T10:13:56","guid":{"rendered":"https:\/\/prosafedz.com\/?post_type=product&#038;p=30486"},"modified":"2024-09-15T09:55:06","modified_gmt":"2024-09-15T07:55:06","slug":"brassard-7armg","status":"publish","type":"product","link":"https:\/\/prosafedz.com\/fr\/produit\/brassard-7armg\/","title":{"rendered":"ARMYARD brassard hi-viz 100% poly,  3M LE LOT DE 10  R\u00e9f. : 7ARMG-7ARMY"},"content":{"rendered":"<p><strong>AVANTAGES SP\u00c9CIFIQUES<\/strong><br \/>\n\u2022 Accessoires haute visibilit\u00e9<br \/>\n\u2022 Bandes 3M r\u00e9tro r\u00e9fl\u00e9chissantes<br \/>\n\u2022 Fermeture ajustable<br \/>\n\u2022 L\u00e9g\u00e8ret\u00e9<br \/>\n<strong>PRINCIPAUX DOMAINES D\u2019UTILISATION<\/strong><br \/>\n\u2022 Travaux d\u2019ext\u00e9rieur<br \/>\n\u2022 Milieux sombres<br \/>\n\u2022 D\u00e9placement de nuit<br \/>\n<strong>CONDITIONNEMENT<\/strong><br \/>\n\u2022 Sachet de 10 brassards<br \/>\n\u2022 Carton de 20 sachets de 10 brassard<br \/>\n<strong>NORMALISATION<\/strong><br \/>\nCes brassards sont conformes au mod\u00e8le de l\u2019\u00e9quipement de protection individuelle ayant fait l\u2019objet de<br \/>\nL\u2019attestation CE de type n\u00b0 5549 (Issue 1)<br \/>\nD\u00e9livr\u00e9e par SATRA (Organisme notifi\u00e9 n\u00b0 0321)<br \/>\nCe mod\u00e8le est conforme \u00e0 la norme EN 13356:2001<br \/>\naccessoire \u00e0 usage non-professionnels<\/p>\n","protected":false},"excerpt":{"rendered":"<p><span style=\"color: #ff0000;\"><strong>BRASSARD 7ARMG<\/strong><\/span><br \/>\nARMYARD &gt;&gt;&gt; brassard hiviz<br \/>\nMati\u00e8re ext\u00e9rieure &gt;&gt; 300D polyester oxford \/ PU<br \/>\nBandes &gt;&gt; 3M r\u00e9fl\u00e9chissantes<br \/>\nTaille r\u00e9glable &gt;&gt; bande agrippante<br \/>\nDimensions &gt;&gt; 45cm x 10cm<\/p>\n<p><a href=\"https:\/\/prosafedz.com\/fr\/wp-content\/uploads\/2018\/10\/7ARMY_7ARMO_7ARMG-fr-sacla.pdf\n\" target=\"_blank\" rel=\"noopener noreferrer\"><button style=\"background-color: #90a96b; font-seize: 20px;\"><strong>T\u00e9l\u00e9charger La Fiche Technique<\/strong><\/button><\/a><\/p>\n","protected":false},"featured_media":32738,"template":"","meta":[],"product_brand":[],"product_cat":[772,42],"product_tag":[1369,1368,773],"class_list":{"0":"post-30486","1":"product","2":"type-product","3":"status-publish","4":"has-post-thumbnail","6":"product_cat-6-10-accessoire","7":"product_cat-6-6-haute-visibilite","8":"product_tag-3m-le-lot-de-10-ref-7armg-7army","9":"product_tag-armyard-brassard-hi-viz-100-poly","10":"product_tag-brassard-7armg","11":"yith_product_brand-coverguard-hiviz","13":"first","14":"instock","15":"shipping-taxable","16":"product-type-simple"},"_links":{"self":[{"href":"https:\/\/prosafedz.com\/fr\/wp-json\/wp\/v2\/product\/30486","targetHints":{"allow":["GET"]}}],"collection":[{"href":"https:\/\/prosafedz.com\/fr\/wp-json\/wp\/v2\/product"}],"about":[{"href":"https:\/\/prosafedz.com\/fr\/wp-json\/wp\/v2\/types\/product"}],"wp:featuredmedia":[{"embeddable":true,"href":"https:\/\/prosafedz.com\/fr\/wp-json\/wp\/v2\/media\/32738"}],"wp:attachment":[{"href":"https:\/\/prosafedz.com\/fr\/wp-json\/wp\/v2\/media?parent=30486"}],"wp:term":[{"taxonomy":"product_brand","embeddable":true,"href":"https:\/\/prosafedz.com\/fr\/wp-json\/wp\/v2\/product_brand?post=30486"},{"taxonomy":"product_cat","embeddable":true,"href":"https:\/\/prosafedz.com\/fr\/wp-json\/wp\/v2\/product_cat?post=30486"},{"taxonomy":"product_tag","embeddable":true,"href":"https:\/\/prosafedz.com\/fr\/wp-json\/wp\/v2\/product_tag?post=30486"}],"curies":[{"name":"wp","href":"https:\/\/api.w.org\/{rel}","templated":true}]}}