{"id":30461,"date":"2018-10-31T10:51:42","date_gmt":"2018-10-31T09:51:42","guid":{"rendered":"https:\/\/prosafedz.com\/?post_type=product&#038;p=30461"},"modified":"2024-09-12T16:26:02","modified_gmt":"2024-09-12T14:26:02","slug":"ensemble-de-pluie-rainwear-jaune-marine-50711","status":"publish","type":"product","link":"https:\/\/prosafedz.com\/fr\/produit\/ensemble-de-pluie-rainwear-jaune-marine-50711\/","title":{"rendered":"Ensemble de pluie souple avec  bandes fluorescente  R\u00e9f. : 50710-50730"},"content":{"rendered":"<p><strong>AVANTAGES SP\u00c9CIFIQUES<\/strong><br \/>\n\u2022 Imperm\u00e9able<br \/>\n\u2022 Coutures \u00e9tanches<br \/>\n\u2022 Capuche int\u00e9gr\u00e9e<br \/>\n\u2022 Bandes r\u00e9tro r\u00e9fl\u00e9chissantes \u00e9troites<br \/>\n\u2022 Serrage aux extr\u00e9mit\u00e9s<br \/>\n\u2022 Dos ventil\u00e9<br \/>\n\u2022 Marquage possible<br \/>\n\u2022 Souplesse<br \/>\n<strong>PRINCIPAUX DOMAINES D\u2019UTILISATION<\/strong><br \/>\n\u2022 Milieux humides<br \/>\n\u2022 Temps de pluie<br \/>\n<strong>CONDITIONNEMENT<\/strong><br \/>\n\u2022 Emballage individuel<br \/>\n\u2022 Carton de 20 ensembles<br \/>\n<strong>NORMALISATION<\/strong><br \/>\nCe mod\u00e8le est conforme aux dispositions de l\u2019annexe II, ins\u00e9r\u00e9 \u00e0 la fin du livre II du Code<br \/>\ndu Travail conform\u00e9ment \u00e0 l\u2019article R-233.151 dudit Code, et le cas \u00e9ch\u00e9ant \u00e0 la Directive<br \/>\nEurop\u00e9enne<strong> 86\/686\/EEC<\/strong><\/p>\n","protected":false},"excerpt":{"rendered":"<p><strong>Ensemble de pluie souple avec bandes fluorescente R\u00e9f. : 50710-50730<\/strong><br \/>\nRAINWEAR &gt;&gt;&gt; Ensemble de<br \/>\npluie souple POLYAMIDE<br \/>\nMati\u00e8re ext\u00e9rieure &gt;&gt; polyamide enduit PVC<br \/>\nsouple, Imperm\u00e9able \u00e9paiss. 0,18 mm cousu et<br \/>\nsoud\u00e9<br \/>\nVeste<br \/>\nLongueur &gt;&gt; 85 cm<br \/>\nFermeture &gt;&gt; \u00e0 glissi\u00e8re<br \/>\nCapuche &gt;&gt; fixe, cordelette de serrage<br \/>\nDos &gt;&gt; ventil\u00e9<br \/>\nPoches &gt;&gt; bas 2 droites avec rabat horizontal<br \/>\nSerrage bas &gt;&gt; avec cordelette de serrage<br \/>\nPantalon<br \/>\nSerrage &gt;&gt; taille serrage \u00e9lastique. Bas jambes \u00e0<br \/>\npressions<br \/>\nPoches &gt;&gt; 2 passe mains.<\/p>\n<p><a href=\"https:\/\/prosafedz.com\/fr\/wp-content\/uploads\/2018\/10\/50710_50711_50712_50713_50714_50731_50732_50733_50734-fr-sacla.pdf\n\" target=\"_blank\" rel=\"noopener noreferrer\"><button style=\"background-color: #90a96b; font-seize: 20px;\"><strong>T\u00e9l\u00e9charger La Fiche Technique<\/strong><\/button><\/a><\/p>\n","protected":false},"featured_media":32732,"template":"","meta":[],"product_brand":[],"product_cat":[42,79],"product_tag":[761,1366],"class_list":{"0":"post-30461","1":"product","2":"type-product","3":"status-publish","4":"has-post-thumbnail","6":"product_cat-6-6-haute-visibilite","7":"product_cat-6-7-vetements-dhiver","8":"product_tag-ensemble-de-pluie-rainwear-jaune-marine-50710","9":"product_tag-ensemble-de-pluie-souple-avec-bandes-fluorescente-ref-50710-50730","11":"first","12":"instock","13":"shipping-taxable","14":"product-type-simple"},"_links":{"self":[{"href":"https:\/\/prosafedz.com\/fr\/wp-json\/wp\/v2\/product\/30461","targetHints":{"allow":["GET"]}}],"collection":[{"href":"https:\/\/prosafedz.com\/fr\/wp-json\/wp\/v2\/product"}],"about":[{"href":"https:\/\/prosafedz.com\/fr\/wp-json\/wp\/v2\/types\/product"}],"wp:featuredmedia":[{"embeddable":true,"href":"https:\/\/prosafedz.com\/fr\/wp-json\/wp\/v2\/media\/32732"}],"wp:attachment":[{"href":"https:\/\/prosafedz.com\/fr\/wp-json\/wp\/v2\/media?parent=30461"}],"wp:term":[{"taxonomy":"product_brand","embeddable":true,"href":"https:\/\/prosafedz.com\/fr\/wp-json\/wp\/v2\/product_brand?post=30461"},{"taxonomy":"product_cat","embeddable":true,"href":"https:\/\/prosafedz.com\/fr\/wp-json\/wp\/v2\/product_cat?post=30461"},{"taxonomy":"product_tag","embeddable":true,"href":"https:\/\/prosafedz.com\/fr\/wp-json\/wp\/v2\/product_tag?post=30461"}],"curies":[{"name":"wp","href":"https:\/\/api.w.org\/{rel}","templated":true}]}}