{"id":30452,"date":"2018-10-31T10:41:25","date_gmt":"2018-10-31T09:41:25","guid":{"rendered":"https:\/\/prosafedz.com\/?post_type=product&#038;p=30452"},"modified":"2025-02-12T08:49:11","modified_gmt":"2025-02-12T07:49:11","slug":"ensemble-de-pluie-hi-way-navy-jaune-7hwry","status":"publish","type":"product","link":"https:\/\/prosafedz.com\/fr\/produit\/ensemble-de-pluie-hi-way-navy-jaune-7hwry\/","title":{"rendered":"HI WAY Ensemble de pluie HiViz  R\u00e9f. : 7HWRY-7HWRO"},"content":{"rendered":"<p><strong>AVANTAGES SP\u00c9CIFIQUES<\/strong><br \/>\n\u2022 V\u00eatement haute visibilit\u00e9 r\u00e9versible<br \/>\n\u2022 Imperm\u00e9able : 2000 mm<br \/>\n\u2022 Respirant: 2000 mvp<br \/>\n\u2022 Coutures \u00e9tanch\u00e9es<br \/>\n\u2022 Bandes retro r\u00e9fl\u00e9chissante<br \/>\n\u2022 Serrage poignets et bas<br \/>\n\u2022 Veste avec capuche int\u00e9gr\u00e9e<br \/>\n\u2022 2 Passe mains pantalon<br \/>\n\u2022 Pochette de rangement<br \/>\n<strong>PRINCIPAUX DOMAINES D\u2019UTILISATION<\/strong><br \/>\n\u2022 Milieux sombres<br \/>\n\u2022 Travaux ext\u00e9rieurs<br \/>\n\u2022 Travaux de nuit<br \/>\n\u2022 Milieux humides<br \/>\n<strong>LIMITES D\u2019UTILISATION<\/strong><br \/>\nV\u00eatement respirant \u2013 Classe 2<br \/>\nRecommandations de dur\u00e9e de port maximale :<br \/>\nTableau : Dur\u00e9e de port continue maximum recommand\u00e9e pour<br \/>\nun ensemble complet constitu\u00e9 d\u2019une veste et d\u2019un pantalon<br \/>\nsans doublure thermique.<br \/>\nDonn\u00e9es valables pour un homme de taille et corpulence<br \/>\nstandard avec une m\u00e9tabolisme de 150 W\/m\u00b2, 50% humidit\u00e9<br \/>\nrelative et vitesse du vent \u00e0 0.5m\/s.<br \/>\n\u2018-\u2019 indique : \u00ab pas de limite de dur\u00e9e de port \u00bb.<br \/>\n<strong>CONDITIONNEMENT<\/strong><br \/>\n\u2022 Emballage individuel<br \/>\n\u2022 Carton de 20 ensembles de pluie<br \/>\n<strong>NORMALISATION<\/strong><br \/>\nCette veste est conforme au mod\u00e8le de l\u2019\u00e9quipement de protection individuelle ayant fait l\u2019objet de<br \/>\nL\u2019attestation<strong> CE de type n\u00b0 4796 (Issue 1)<\/strong><br \/>\n<strong>D\u00e9livr\u00e9e par SATRA (Organisme notifi\u00e9 n\u00b0 0321)<\/strong><\/p>\n","protected":false},"excerpt":{"rendered":"<p><strong>HI WAY Ensemble de pluie HiViz R\u00e9f. : 7HWRY-7HWRO<\/strong><br \/>\nHI-WAY &gt;&gt;&gt; ensemble de pluie<br \/>\nMati\u00e8re ext\u00e9rieure &gt;&gt; 100 % polyester 150D Oxford<br \/>\nrespirant, fluorescent. Enduit PU 120g\/m 2<br \/>\nImperm\u00e9abilit\u00e9 : 2000 mm<br \/>\nRespirabilit\u00e9 : 2000 mvp<br \/>\nCoutures soud\u00e9es et \u00e9tanch\u00e9es.<br \/>\nVeste<br \/>\nBandes &gt;&gt; bandes r\u00e9tror\u00e9fl\u00e9chissantes cousues,<br \/>\n2 ceintures, 2 brassards<br \/>\nFermeture &gt;&gt; \u00e0 glissi\u00e8re simple, jusqu\u2019en haut du col<br \/>\nCol &gt;&gt; officier \u00e0 capuche int\u00e9gr\u00e9e<br \/>\nCapuches &gt;&gt; fixe, cordelette de serrage avec<br \/>\nbloque cordons<br \/>\nManches &gt;&gt; serrage \u00e9lastique<br \/>\nSerrage bas &gt;&gt; cordelette de serrage avec bloque cordons<br \/>\nPoches &gt;&gt; ext. 2 poches bas plaqu\u00e9es avec rabat \u00e0<br \/>\nbandes agrippantes.<br \/>\nPantalon<br \/>\nBandes &gt;&gt; r\u00e9tror\u00e9fl\u00e9chissantes cousues (2 ceintures<br \/>\naux genoux\/mollets)<br \/>\nSerrage &gt;&gt; taille \u00e9lastique<br \/>\n2 passe-mains<br \/>\nMollets ext\u00e9rieur &gt;&gt; serrage par bouton pression<\/p>\n<p><a href=\"https:\/\/prosafedz.com\/fr\/wp-content\/uploads\/2018\/10\/7HWRO_7HWRY_merged.pdf \" target=\"_blank\" rel=\"noopener noreferrer\"><button style=\"background-color: #90a96b; font-seize: 20px;\"><strong>T\u00e9l\u00e9charger La Fiche Technique<\/strong><\/button><\/a><\/p>\n","protected":false},"featured_media":32731,"template":"","meta":[],"product_brand":[],"product_cat":[42,79],"product_tag":[757,1365],"class_list":{"0":"post-30452","1":"product","2":"type-product","3":"status-publish","4":"has-post-thumbnail","6":"product_cat-6-6-haute-visibilite","7":"product_cat-6-7-vetements-dhiver","8":"product_tag-ensemble-de-pluie-hi-way-navy-jaune-7hwry","9":"product_tag-hi-way-ensemble-de-pluie-hiviz-ref-7hwry-7hwro","10":"yith_product_brand-coverguard","11":"yith_product_brand-coverguard-hiviz","13":"first","14":"instock","15":"shipping-taxable","16":"product-type-simple"},"_links":{"self":[{"href":"https:\/\/prosafedz.com\/fr\/wp-json\/wp\/v2\/product\/30452","targetHints":{"allow":["GET"]}}],"collection":[{"href":"https:\/\/prosafedz.com\/fr\/wp-json\/wp\/v2\/product"}],"about":[{"href":"https:\/\/prosafedz.com\/fr\/wp-json\/wp\/v2\/types\/product"}],"wp:featuredmedia":[{"embeddable":true,"href":"https:\/\/prosafedz.com\/fr\/wp-json\/wp\/v2\/media\/32731"}],"wp:attachment":[{"href":"https:\/\/prosafedz.com\/fr\/wp-json\/wp\/v2\/media?parent=30452"}],"wp:term":[{"taxonomy":"product_brand","embeddable":true,"href":"https:\/\/prosafedz.com\/fr\/wp-json\/wp\/v2\/product_brand?post=30452"},{"taxonomy":"product_cat","embeddable":true,"href":"https:\/\/prosafedz.com\/fr\/wp-json\/wp\/v2\/product_cat?post=30452"},{"taxonomy":"product_tag","embeddable":true,"href":"https:\/\/prosafedz.com\/fr\/wp-json\/wp\/v2\/product_tag?post=30452"}],"curies":[{"name":"wp","href":"https:\/\/api.w.org\/{rel}","templated":true}]}}